{"id":809,"date":"2020-06-21T12:55:11","date_gmt":"2020-06-21T12:55:11","guid":{"rendered":"https:\/\/inclusivecourts.pt\/?page_id=809"},"modified":"2020-06-21T13:20:37","modified_gmt":"2020-06-21T13:20:37","slug":"noticia17","status":"publish","type":"page","link":"https:\/\/inclusivecourts.pt\/en\/noticia17\/","title":{"rendered":"Patr\u00edcia Jer\u00f3nimo at the I Digital Conference of AEDUM"},"content":{"rendered":"<div data-elementor-type=\"wp-page\" data-elementor-id=\"809\" class=\"elementor elementor-809\" data-elementor-post-type=\"page\">\n\t\t\t\t\t\t<section class=\"elementor-section elementor-top-section elementor-element elementor-element-b3b27e8 elementor-section-boxed elementor-section-height-default elementor-section-height-default\" data-id=\"b3b27e8\" data-element_type=\"section\" data-e-type=\"section\">\n\t\t\t\t\t\t<div class=\"elementor-container elementor-column-gap-default\">\n\t\t\t\t\t<div class=\"elementor-column elementor-col-100 elementor-top-column elementor-element elementor-element-950192f\" data-id=\"950192f\" data-element_type=\"column\" data-e-type=\"column\">\n\t\t\t<div class=\"elementor-widget-wrap elementor-element-populated\">\n\t\t\t\t\t\t<div class=\"elementor-element elementor-element-6ffdbba elementor-widget elementor-widget-text-editor\" data-id=\"6ffdbba\" data-element_type=\"widget\" data-e-type=\"widget\" data-widget_type=\"text-editor.default\">\n\t\t\t\t<div class=\"elementor-widget-container\">\n\t\t\t\t\t\t\t\t\t<p><strong>On 28 April 2020, Patr\u00edcia Jer\u00f3nimo gave a presentation as guest speaker in the I Digital Conference organized by the Students\u2019 Association of the Law School of the University of Minho.<\/strong><\/p>\t\t\t\t\t\t\t\t<\/div>\n\t\t\t\t<\/div>\n\t\t\t\t<div class=\"elementor-element elementor-element-452dbed elementor-widget elementor-widget-text-editor\" data-id=\"452dbed\" data-element_type=\"widget\" data-e-type=\"widget\" data-widget_type=\"text-editor.default\">\n\t\t\t\t<div class=\"elementor-widget-container\">\n\t\t\t\t\t\t\t\t\t<p>No dia 28 de abril de 2020, Patr\u00edcia Jer\u00f3nimo participou no I Congresso Digital, organizado pela Associa\u00e7\u00e3o de Estudantes da Escola de Direito da Universidade do Minho, com uma comunica\u00e7\u00e3o intitulada \u201cInclusividade na justi\u00e7a portuguesa\u201d.<\/p><p>The video of the presentation is available at<\/p><p><a href=\"https:\/\/pt-pt.facebook.com\/AEDUMinho\/videos\/308899776759499\/\">https:\/\/pt-pt.facebook.com\/AEDUMinho\/videos\/308899776759499\/<\/a><\/p>\t\t\t\t\t\t\t\t<\/div>\n\t\t\t\t<\/div>\n\t\t\t\t<section class=\"elementor-section elementor-inner-section elementor-element elementor-element-fa5e046 elementor-section-boxed elementor-section-height-default elementor-section-height-default\" data-id=\"fa5e046\" data-element_type=\"section\" data-e-type=\"section\">\n\t\t\t\t\t\t<div class=\"elementor-container elementor-column-gap-default\">\n\t\t\t\t\t<div class=\"elementor-column elementor-col-100 elementor-inner-column elementor-element elementor-element-e78e9d9 elementor-invisible\" data-id=\"e78e9d9\" data-element_type=\"column\" data-e-type=\"column\" data-settings=\"{&quot;animation&quot;:&quot;fadeInDown&quot;}\">\n\t\t\t<div class=\"elementor-widget-wrap elementor-element-populated\">\n\t\t\t\t\t\t<div class=\"elementor-element elementor-element-3206b8e elementor-widget elementor-widget-image\" data-id=\"3206b8e\" data-element_type=\"widget\" data-e-type=\"widget\" data-settings=\"{&quot;_animation&quot;:&quot;none&quot;}\" data-widget_type=\"image.default\">\n\t\t\t\t<div class=\"elementor-widget-container\">\n\t\t\t\t\t\t\t\t\t\t\t\t\t\t\t<img fetchpriority=\"high\" decoding=\"async\" width=\"768\" height=\"432\" src=\"https:\/\/inclusivecourts.pt\/wp-content\/uploads\/2020\/06\/InclusividadeJusti\u00e7aPortuguesa-768x432.png\" class=\"elementor-animation-grow attachment-medium_large size-medium_large wp-image-811\" alt=\"\" srcset=\"https:\/\/inclusivecourts.pt\/wp-content\/uploads\/2020\/06\/InclusividadeJusti\u00e7aPortuguesa-768x432.png 768w, https:\/\/inclusivecourts.pt\/wp-content\/uploads\/2020\/06\/InclusividadeJusti\u00e7aPortuguesa-300x169.png 300w, https:\/\/inclusivecourts.pt\/wp-content\/uploads\/2020\/06\/InclusividadeJusti\u00e7aPortuguesa-1024x576.png 1024w, https:\/\/inclusivecourts.pt\/wp-content\/uploads\/2020\/06\/InclusividadeJusti\u00e7aPortuguesa-1536x864.png 1536w, https:\/\/inclusivecourts.pt\/wp-content\/uploads\/2020\/06\/InclusividadeJusti\u00e7aPortuguesa-1140x641.png 1140w, https:\/\/inclusivecourts.pt\/wp-content\/uploads\/2020\/06\/InclusividadeJusti\u00e7aPortuguesa.png 1920w\" sizes=\"(max-width: 768px) 100vw, 768px\" \/>\t\t\t\t\t\t\t\t\t\t\t\t\t\t\t<\/div>\n\t\t\t\t<\/div>\n\t\t\t\t\t<\/div>\n\t\t<\/div>\n\t\t\t\t\t<\/div>\n\t\t<\/section>\n\t\t\t\t\t<\/div>\n\t\t<\/div>\n\t\t\t\t\t<\/div>\n\t\t<\/section>\n\t\t\t\t<\/div>","protected":false},"excerpt":{"rendered":"<p>No dia 28 de abril de 2020, Patr\u00edcia Jer\u00f3nimo participou no I Congresso Digital, organizado pela Associa\u00e7\u00e3o de Estudantes da Escola de Direito da Universidade do Minho. No dia 28 de abril de 2020, Patr\u00edcia Jer\u00f3nimo participou no I Congresso Digital, organizado pela Associa\u00e7\u00e3o de Estudantes da Escola de Direito da Universidade do Minho, com&hellip;<\/p>","protected":false},"author":1,"featured_media":0,"parent":0,"menu_order":0,"comment_status":"closed","ping_status":"closed","template":"","meta":{"footnotes":""},"class_list":["post-809","page","type-page","status-publish","hentry"],"_links":{"self":[{"href":"https:\/\/inclusivecourts.pt\/en\/wp-json\/wp\/v2\/pages\/809","targetHints":{"allow":["GET"]}}],"collection":[{"href":"https:\/\/inclusivecourts.pt\/en\/wp-json\/wp\/v2\/pages"}],"about":[{"href":"https:\/\/inclusivecourts.pt\/en\/wp-json\/wp\/v2\/types\/page"}],"author":[{"embeddable":true,"href":"https:\/\/inclusivecourts.pt\/en\/wp-json\/wp\/v2\/users\/1"}],"replies":[{"embeddable":true,"href":"https:\/\/inclusivecourts.pt\/en\/wp-json\/wp\/v2\/comments?post=809"}],"version-history":[{"count":0,"href":"https:\/\/inclusivecourts.pt\/en\/wp-json\/wp\/v2\/pages\/809\/revisions"}],"wp:attachment":[{"href":"https:\/\/inclusivecourts.pt\/en\/wp-json\/wp\/v2\/media?parent=809"}],"curies":[{"name":"wp","href":"https:\/\/api.w.org\/{rel}","templated":true}]}}