{"id":707,"date":"2020-03-23T15:23:12","date_gmt":"2020-03-23T15:23:12","guid":{"rendered":"https:\/\/inclusivecourts.pt\/?page_id=707"},"modified":"2020-03-23T15:24:21","modified_gmt":"2020-03-23T15:24:21","slug":"noticia5","status":"publish","type":"page","link":"https:\/\/inclusivecourts.pt\/en\/noticia5\/","title":{"rendered":"Benedita Mac Crorie is guest speaker at the World Bioethics Day Cultural Diversity"},"content":{"rendered":"<div data-elementor-type=\"wp-page\" data-elementor-id=\"707\" class=\"elementor elementor-707\" data-elementor-post-type=\"page\">\n\t\t\t\t\t\t<section class=\"elementor-section elementor-top-section elementor-element elementor-element-b3b27e8 elementor-section-boxed elementor-section-height-default elementor-section-height-default\" data-id=\"b3b27e8\" data-element_type=\"section\" data-e-type=\"section\">\n\t\t\t\t\t\t<div class=\"elementor-container elementor-column-gap-default\">\n\t\t\t\t\t<div class=\"elementor-column elementor-col-100 elementor-top-column elementor-element elementor-element-950192f\" data-id=\"950192f\" data-element_type=\"column\" data-e-type=\"column\">\n\t\t\t<div class=\"elementor-widget-wrap elementor-element-populated\">\n\t\t\t\t\t\t<div class=\"elementor-element elementor-element-6ffdbba elementor-widget elementor-widget-text-editor\" data-id=\"6ffdbba\" data-element_type=\"widget\" data-e-type=\"widget\" data-widget_type=\"text-editor.default\">\n\t\t\t\t<div class=\"elementor-widget-container\">\n\t\t\t\t\t\t\t\t\t<p><strong>Benedita Mac Crorie is guest speaker at the World Bioethics Day Cultural Diversity <em>World Bioethics Day Cultural Diversity<\/em>, Porto, 18 de outubro de 2019<\/strong><\/p>\t\t\t\t\t\t\t\t<\/div>\n\t\t\t\t<\/div>\n\t\t\t\t<div class=\"elementor-element elementor-element-452dbed elementor-widget elementor-widget-text-editor\" data-id=\"452dbed\" data-element_type=\"widget\" data-e-type=\"widget\" data-widget_type=\"text-editor.default\">\n\t\t\t\t<div class=\"elementor-widget-container\">\n\t\t\t\t\t\t\t\t\t<p>Benedita Mac Crorie took part in the national celebrations of the World Bioethics Day, organised by the Portuguese Unit of UNESCO Chair in Bioethics, presided by Prof. Rui Nunes. The celebrations took place at the University of Porto, on 18 October 2019, and were dedicated to the topic of cultural diversity.<\/p>\t\t\t\t\t\t\t\t<\/div>\n\t\t\t\t<\/div>\n\t\t\t\t<section class=\"elementor-section elementor-inner-section elementor-element elementor-element-fa5e046 elementor-section-boxed elementor-section-height-default elementor-section-height-default\" data-id=\"fa5e046\" data-element_type=\"section\" data-e-type=\"section\">\n\t\t\t\t\t\t<div class=\"elementor-container elementor-column-gap-default\">\n\t\t\t\t\t<div class=\"elementor-column elementor-col-100 elementor-inner-column elementor-element elementor-element-e78e9d9 elementor-invisible\" data-id=\"e78e9d9\" data-element_type=\"column\" data-e-type=\"column\" data-settings=\"{&quot;animation&quot;:&quot;fadeInDown&quot;}\">\n\t\t\t<div class=\"elementor-widget-wrap elementor-element-populated\">\n\t\t\t\t\t\t<div class=\"elementor-element elementor-element-3206b8e elementor-widget elementor-widget-image\" data-id=\"3206b8e\" data-element_type=\"widget\" data-e-type=\"widget\" data-settings=\"{&quot;_animation&quot;:&quot;none&quot;}\" data-widget_type=\"image.default\">\n\t\t\t\t<div class=\"elementor-widget-container\">\n\t\t\t\t\t\t\t\t\t\t\t\t\t\t\t<img fetchpriority=\"high\" decoding=\"async\" width=\"768\" height=\"477\" src=\"https:\/\/inclusivecourts.pt\/wp-content\/uploads\/2020\/03\/cartaz-n3-768x477.jpg\" class=\"elementor-animation-grow attachment-medium_large size-medium_large wp-image-706\" alt=\"\" srcset=\"https:\/\/inclusivecourts.pt\/wp-content\/uploads\/2020\/03\/cartaz-n3-768x477.jpg 768w, https:\/\/inclusivecourts.pt\/wp-content\/uploads\/2020\/03\/cartaz-n3-300x186.jpg 300w, https:\/\/inclusivecourts.pt\/wp-content\/uploads\/2020\/03\/cartaz-n3-1024x636.jpg 1024w, https:\/\/inclusivecourts.pt\/wp-content\/uploads\/2020\/03\/cartaz-n3.jpg 1280w\" sizes=\"(max-width: 768px) 100vw, 768px\" \/>\t\t\t\t\t\t\t\t\t\t\t\t\t\t\t<\/div>\n\t\t\t\t<\/div>\n\t\t\t\t\t<\/div>\n\t\t<\/div>\n\t\t\t\t\t<\/div>\n\t\t<\/section>\n\t\t\t\t\t<\/div>\n\t\t<\/div>\n\t\t\t\t\t<\/div>\n\t\t<\/section>\n\t\t\t\t<\/div>","protected":false},"excerpt":{"rendered":"<p>Benedita Mac Crorie participa no World Bioethics Day Cultural Diversity, Porto, 18 de outubro de 2019 Benedita Mac Crorie participou nas celebra\u00e7\u00f5es nacionais do Dia Mundial da Bio\u00e9tica, promovidas pela representa\u00e7\u00e3o portuguesa da C\u00e1tedra UNESCO em Bio\u00e9tica, presidida por Rui Nunes. As celebra\u00e7\u00f5es, que decorreram no Sal\u00e3o Nobre da Reitoria da Universidade do Porto, no&hellip;<\/p>","protected":false},"author":1,"featured_media":0,"parent":0,"menu_order":0,"comment_status":"closed","ping_status":"closed","template":"","meta":{"footnotes":""},"class_list":["post-707","page","type-page","status-publish","hentry"],"_links":{"self":[{"href":"https:\/\/inclusivecourts.pt\/en\/wp-json\/wp\/v2\/pages\/707","targetHints":{"allow":["GET"]}}],"collection":[{"href":"https:\/\/inclusivecourts.pt\/en\/wp-json\/wp\/v2\/pages"}],"about":[{"href":"https:\/\/inclusivecourts.pt\/en\/wp-json\/wp\/v2\/types\/page"}],"author":[{"embeddable":true,"href":"https:\/\/inclusivecourts.pt\/en\/wp-json\/wp\/v2\/users\/1"}],"replies":[{"embeddable":true,"href":"https:\/\/inclusivecourts.pt\/en\/wp-json\/wp\/v2\/comments?post=707"}],"version-history":[{"count":0,"href":"https:\/\/inclusivecourts.pt\/en\/wp-json\/wp\/v2\/pages\/707\/revisions"}],"wp:attachment":[{"href":"https:\/\/inclusivecourts.pt\/en\/wp-json\/wp\/v2\/media?parent=707"}],"curies":[{"name":"wp","href":"https:\/\/api.w.org\/{rel}","templated":true}]}}