{"id":688,"date":"2020-03-23T15:04:00","date_gmt":"2020-03-23T15:04:00","guid":{"rendered":"https:\/\/inclusivecourts.pt\/?page_id=688"},"modified":"2020-03-23T15:15:37","modified_gmt":"2020-03-23T15:15:37","slug":"noticia3","status":"publish","type":"page","link":"https:\/\/inclusivecourts.pt\/en\/noticia3\/","title":{"rendered":"Patr\u00edcia Jer\u00f3nimo and Maria Cardeira da Silva at the Meeting on Mobility and Human Rights"},"content":{"rendered":"<div data-elementor-type=\"wp-page\" data-elementor-id=\"688\" class=\"elementor elementor-688\" data-elementor-post-type=\"page\">\n\t\t\t\t\t\t<section class=\"elementor-section elementor-top-section elementor-element elementor-element-b3b27e8 elementor-section-boxed elementor-section-height-default elementor-section-height-default\" data-id=\"b3b27e8\" data-element_type=\"section\" data-e-type=\"section\">\n\t\t\t\t\t\t<div class=\"elementor-container elementor-column-gap-default\">\n\t\t\t\t\t<div class=\"elementor-column elementor-col-100 elementor-top-column elementor-element elementor-element-950192f\" data-id=\"950192f\" data-element_type=\"column\" data-e-type=\"column\">\n\t\t\t<div class=\"elementor-widget-wrap elementor-element-populated\">\n\t\t\t\t\t\t<div class=\"elementor-element elementor-element-6ffdbba elementor-widget elementor-widget-text-editor\" data-id=\"6ffdbba\" data-element_type=\"widget\" data-e-type=\"widget\" data-widget_type=\"text-editor.default\">\n\t\t\t\t<div class=\"elementor-widget-container\">\n\t\t\t\t\t\t\t\t\t<p><strong>Patr\u00edcia Jer\u00f3nimo and Maria Cardeira da Silva at the Meeting on Mobility and Human Rights<\/strong><\/p>\t\t\t\t\t\t\t\t<\/div>\n\t\t\t\t<\/div>\n\t\t\t\t<div class=\"elementor-element elementor-element-452dbed elementor-widget elementor-widget-text-editor\" data-id=\"452dbed\" data-element_type=\"widget\" data-e-type=\"widget\" data-widget_type=\"text-editor.default\">\n\t\t\t\t<div class=\"elementor-widget-container\">\n\t\t\t\t\t\t\t\t\t<p>At the invitation of Judge Raquel Rego, President of the Guimar\u00e3es\u2019 Court of Appeal, Patr\u00edcia Jer\u00f3nimo intervened as speaker in the conference which took place in Guimar\u00e3es, on 6 December 2018, as part of the national commemorative programme of the 70th anniversary of the Universal Declaration of Human Rights and of the 40th anniversary of Portugal\u2019s accession to the European Convention on Human Rights. The conference was chaired by Paulo Pimenta and, besides Patr\u00edcia Jer\u00f3nimo, included as speakers Vital Moreira, Ana Rodrigues, J\u00falio Gomes and Jo\u00e3o Miguel. Before an audience made up mostly of judges, public prosecutors and attorneys, Patr\u00edcia Jer\u00f3nimo took the opportunity to present the project InclusiveCourts to some of its key stakeholders, stressing the human rights issues at stake (equality and non-discrimination, access to justice) as well as the importance of the collaboration with legal practitioners throughout the implementation of the project.<\/p>\t\t\t\t\t\t\t\t<\/div>\n\t\t\t\t<\/div>\n\t\t\t\t<section class=\"elementor-section elementor-inner-section elementor-element elementor-element-fa5e046 elementor-section-boxed elementor-section-height-default elementor-section-height-default\" data-id=\"fa5e046\" data-element_type=\"section\" data-e-type=\"section\">\n\t\t\t\t\t\t<div class=\"elementor-container elementor-column-gap-default\">\n\t\t\t\t\t<div class=\"elementor-column elementor-col-100 elementor-inner-column elementor-element elementor-element-e78e9d9 elementor-invisible\" data-id=\"e78e9d9\" data-element_type=\"column\" data-e-type=\"column\" data-settings=\"{&quot;animation&quot;:&quot;fadeInDown&quot;}\">\n\t\t\t<div class=\"elementor-widget-wrap elementor-element-populated\">\n\t\t\t\t\t\t<div class=\"elementor-element elementor-element-3206b8e elementor-widget elementor-widget-image\" data-id=\"3206b8e\" data-element_type=\"widget\" data-e-type=\"widget\" data-settings=\"{&quot;_animation&quot;:&quot;none&quot;}\" data-widget_type=\"image.default\">\n\t\t\t\t<div class=\"elementor-widget-container\">\n\t\t\t\t\t\t\t\t\t\t\t\t\t\t\t<img fetchpriority=\"high\" decoding=\"async\" width=\"540\" height=\"780\" src=\"https:\/\/inclusivecourts.pt\/wp-content\/uploads\/2020\/03\/cartaz-n1.jpg\" class=\"elementor-animation-grow attachment-medium_large size-medium_large wp-image-695\" alt=\"\" srcset=\"https:\/\/inclusivecourts.pt\/wp-content\/uploads\/2020\/03\/cartaz-n1.jpg 540w, https:\/\/inclusivecourts.pt\/wp-content\/uploads\/2020\/03\/cartaz-n1-208x300.jpg 208w\" sizes=\"(max-width: 540px) 100vw, 540px\" \/>\t\t\t\t\t\t\t\t\t\t\t\t\t\t\t<\/div>\n\t\t\t\t<\/div>\n\t\t\t\t\t<\/div>\n\t\t<\/div>\n\t\t\t\t\t<\/div>\n\t\t<\/section>\n\t\t\t\t\t<\/div>\n\t\t<\/div>\n\t\t\t\t\t<\/div>\n\t\t<\/section>\n\t\t\t\t<\/div>","protected":false},"excerpt":{"rendered":"<p>Patr\u00edcia Jer\u00f3nimo e Maria Cardeira da Silva no Encontro sobre Mobilidades e Direitos Humanos, Padr\u00e3o dos Descobrimentos, 10 de dezembro de 2019 Patr\u00edcia Jer\u00f3nimo interveio, a convite da Presidente do Tribunal da Rela\u00e7\u00e3o de Guimar\u00e3es, Ju\u00edza Desembargadora Raquel Rego, na confer\u00eancia tem\u00e1tica que teve lugar no dia 6 de dezembro de 2018, em Guimar\u00e3es, integrada&hellip;<\/p>","protected":false},"author":1,"featured_media":0,"parent":0,"menu_order":0,"comment_status":"closed","ping_status":"closed","template":"","meta":{"footnotes":""},"class_list":["post-688","page","type-page","status-publish","hentry"],"_links":{"self":[{"href":"https:\/\/inclusivecourts.pt\/en\/wp-json\/wp\/v2\/pages\/688","targetHints":{"allow":["GET"]}}],"collection":[{"href":"https:\/\/inclusivecourts.pt\/en\/wp-json\/wp\/v2\/pages"}],"about":[{"href":"https:\/\/inclusivecourts.pt\/en\/wp-json\/wp\/v2\/types\/page"}],"author":[{"embeddable":true,"href":"https:\/\/inclusivecourts.pt\/en\/wp-json\/wp\/v2\/users\/1"}],"replies":[{"embeddable":true,"href":"https:\/\/inclusivecourts.pt\/en\/wp-json\/wp\/v2\/comments?post=688"}],"version-history":[{"count":0,"href":"https:\/\/inclusivecourts.pt\/en\/wp-json\/wp\/v2\/pages\/688\/revisions"}],"wp:attachment":[{"href":"https:\/\/inclusivecourts.pt\/en\/wp-json\/wp\/v2\/media?parent=688"}],"curies":[{"name":"wp","href":"https:\/\/api.w.org\/{rel}","templated":true}]}}