{"id":683,"date":"2020-03-23T15:00:31","date_gmt":"2020-03-23T15:00:31","guid":{"rendered":"https:\/\/inclusivecourts.pt\/?page_id=683"},"modified":"2020-03-23T15:03:17","modified_gmt":"2020-03-23T15:03:17","slug":"noticia2","status":"publish","type":"page","link":"https:\/\/inclusivecourts.pt\/en\/noticia2\/","title":{"rendered":"In\u00eas Granja at the II Meeting on the Challenges to Active Citizenship in the XXI Century"},"content":{"rendered":"<div data-elementor-type=\"wp-page\" data-elementor-id=\"683\" class=\"elementor elementor-683\" data-elementor-post-type=\"page\">\n\t\t\t\t\t\t<section class=\"elementor-section elementor-top-section elementor-element elementor-element-b3b27e8 elementor-section-boxed elementor-section-height-default elementor-section-height-default\" data-id=\"b3b27e8\" data-element_type=\"section\" data-e-type=\"section\">\n\t\t\t\t\t\t<div class=\"elementor-container elementor-column-gap-default\">\n\t\t\t\t\t<div class=\"elementor-column elementor-col-100 elementor-top-column elementor-element elementor-element-950192f\" data-id=\"950192f\" data-element_type=\"column\" data-e-type=\"column\">\n\t\t\t<div class=\"elementor-widget-wrap elementor-element-populated\">\n\t\t\t\t\t\t<div class=\"elementor-element elementor-element-6ffdbba elementor-widget elementor-widget-text-editor\" data-id=\"6ffdbba\" data-element_type=\"widget\" data-e-type=\"widget\" data-widget_type=\"text-editor.default\">\n\t\t\t\t<div class=\"elementor-widget-container\">\n\t\t\t\t\t\t\t\t\t<p><strong>In\u00eas Granja at the II Meeting on the Challenges to Active Citizenship in the XXI Century<\/strong><\/p>\t\t\t\t\t\t\t\t<\/div>\n\t\t\t\t<\/div>\n\t\t\t\t<div class=\"elementor-element elementor-element-452dbed elementor-widget elementor-widget-text-editor\" data-id=\"452dbed\" data-element_type=\"widget\" data-e-type=\"widget\" data-widget_type=\"text-editor.default\">\n\t\t\t\t<div class=\"elementor-widget-container\">\n\t\t\t\t\t\t\t\t\t<p>On January 23rd 2020, InclusiveCourts\u2019 researcher In\u00eas Granja conducted with Prof. Patr\u00edcia Fernandes, lecturer at the School of Economics and Management of the University of Minho, a training session for high school teachers on the topic of Multiculturalism, Integration and Human Rights. The training session was organized by the Agrupamento de Escolas Camilo Castelo Branco, of Vila Nova de Famalic\u00e3o, in the framework of the II Meeting on the Challenges to Active Citizenship in the XXI Century. In\u00eas Granja\u2019s presentation covered the topic religious minorities and integration in the case law of the European Court of Human Rights. <em>Multiculturalismo, Integra\u00e7\u00e3o e Direitos Humanos<\/em>. A sess\u00e3o foi organizada pelo Agrupamento de Escolas Camilo Castelo Branco de Vila Nova de Famalic\u00e3o, no \u00e2mbito do II Encontro sobre os Desafios \u00e0 Cidadania Ativa no S\u00e9culo XXI. A interven\u00e7\u00e3o de In\u00eas Granja incidiu sobre o tema \u201cMinorias religiosas e integra\u00e7\u00e3o na jurisprud\u00eancia do Tribunal Europeu dos Direitos Humanos\u201d.<\/p>\t\t\t\t\t\t\t\t<\/div>\n\t\t\t\t<\/div>\n\t\t\t\t\t<\/div>\n\t\t<\/div>\n\t\t\t\t\t<\/div>\n\t\t<\/section>\n\t\t\t\t<\/div>","protected":false},"excerpt":{"rendered":"<p>In\u00eas Granja no II Encontro sobre os Desafios \u00e0 Cidadania Ativa no S\u00e9culo XXI, 23 de janeiro de 2020 No dia 23 de janeiro de 2020, a investigadora In\u00eas Granja co-orientou, com Patr\u00edcia Fernandes, docente na Escola de Economia e Gest\u00e3o da Universidade do Minho, uma forma\u00e7\u00e3o para Professores do Ensino Secund\u00e1rio subordinada ao tema&hellip;<\/p>","protected":false},"author":1,"featured_media":0,"parent":0,"menu_order":0,"comment_status":"closed","ping_status":"closed","template":"","meta":{"footnotes":""},"class_list":["post-683","page","type-page","status-publish","hentry"],"_links":{"self":[{"href":"https:\/\/inclusivecourts.pt\/en\/wp-json\/wp\/v2\/pages\/683","targetHints":{"allow":["GET"]}}],"collection":[{"href":"https:\/\/inclusivecourts.pt\/en\/wp-json\/wp\/v2\/pages"}],"about":[{"href":"https:\/\/inclusivecourts.pt\/en\/wp-json\/wp\/v2\/types\/page"}],"author":[{"embeddable":true,"href":"https:\/\/inclusivecourts.pt\/en\/wp-json\/wp\/v2\/users\/1"}],"replies":[{"embeddable":true,"href":"https:\/\/inclusivecourts.pt\/en\/wp-json\/wp\/v2\/comments?post=683"}],"version-history":[{"count":0,"href":"https:\/\/inclusivecourts.pt\/en\/wp-json\/wp\/v2\/pages\/683\/revisions"}],"wp:attachment":[{"href":"https:\/\/inclusivecourts.pt\/en\/wp-json\/wp\/v2\/media?parent=683"}],"curies":[{"name":"wp","href":"https:\/\/api.w.org\/{rel}","templated":true}]}}