{"id":507,"date":"2019-10-30T18:34:34","date_gmt":"2019-10-30T18:34:34","guid":{"rendered":"https:\/\/inclusivecourts.pt\/?page_id=507"},"modified":"2025-10-27T11:14:31","modified_gmt":"2025-10-27T11:14:31","slug":"publicacoes-projeto-artigos","status":"publish","type":"page","link":"https:\/\/inclusivecourts.pt\/en\/publicacoes-projeto-artigos\/","title":{"rendered":"Publications - Project - Articles"},"content":{"rendered":"\t\t<div data-elementor-type=\"wp-page\" data-elementor-id=\"507\" class=\"elementor elementor-507\" data-elementor-post-type=\"page\">\n\t\t\t\t\t\t<section class=\"elementor-section elementor-top-section elementor-element elementor-element-46c794a6 elementor-section-boxed elementor-section-height-default elementor-section-height-default\" data-id=\"46c794a6\" data-element_type=\"section\" data-e-type=\"section\">\n\t\t\t\t\t\t<div class=\"elementor-container elementor-column-gap-default\">\n\t\t\t\t\t<div class=\"elementor-column elementor-col-100 elementor-top-column elementor-element elementor-element-2719d57\" data-id=\"2719d57\" data-element_type=\"column\" data-e-type=\"column\">\n\t\t\t<div class=\"elementor-widget-wrap elementor-element-populated\">\n\t\t\t\t\t\t<div class=\"elementor-element elementor-element-3c428c0e elementor-widget elementor-widget-text-editor\" data-id=\"3c428c0e\" data-element_type=\"widget\" data-e-type=\"widget\" data-widget_type=\"text-editor.default\">\n\t\t\t\t<div class=\"elementor-widget-container\">\n\t\t\t\t\t\t\t\t\t<p>Artigos publicados no \u00e2mbito do projeto Inclusive Courts.<\/p>\t\t\t\t\t\t\t\t<\/div>\n\t\t\t\t<\/div>\n\t\t\t\t<div class=\"elementor-element elementor-element-b8c0d36 elementor-icon-list--layout-traditional elementor-list-item-link-full_width elementor-widget elementor-widget-icon-list\" data-id=\"b8c0d36\" data-element_type=\"widget\" data-e-type=\"widget\" data-widget_type=\"icon-list.default\">\n\t\t\t\t<div class=\"elementor-widget-container\">\n\t\t\t\t\t\t\t<ul class=\"elementor-icon-list-items\">\n\t\t\t\t\t\t\t<li class=\"elementor-icon-list-item\">\n\t\t\t\t\t\t\t\t\t\t\t<a href=\"https:\/\/www.berghahnjournals.com\/pdfviewer\/full\/journals\/cja\/38\/1\/cja380109.xml?bg=GREY_COLOR_LIGHT_VARIANT&#038;mgs=PRIMARY_COLOR&#038;mge=PRIMART_COLOR_DARK_VARIANT\" target=\"_blank\">\n\n\t\t\t\t\t\t\t\t\t\t\t\t<span class=\"elementor-icon-list-icon\">\n\t\t\t\t\t\t\t<i aria-hidden=\"true\" class=\"fas fa-book-open\"><\/i>\t\t\t\t\t\t<\/span>\n\t\t\t\t\t\t\t\t\t\t<span class=\"elementor-icon-list-text\">Cunha, Manuela, \u201cInside out: Embodying prison boundaries\u201d, The Cambridge Journal of Anthropology, vol. 38, n.\u00ba 1, 2020, pp. 123-139. doi:10.3167\/cja.2020.380109<\/span>\n\t\t\t\t\t\t\t\t\t\t\t<\/a>\n\t\t\t\t\t\t\t\t\t<\/li>\n\t\t\t\t\t\t\t\t<li class=\"elementor-icon-list-item\">\n\t\t\t\t\t\t\t\t\t\t\t<a href=\"https:\/\/revistas.ucsp.edu.pe\/index.php\/perspectiva\/article\/view\/1353\" target=\"_blank\">\n\n\t\t\t\t\t\t\t\t\t\t\t\t<span class=\"elementor-icon-list-icon\">\n\t\t\t\t\t\t\t<i aria-hidden=\"true\" class=\"fas fa-book-open\"><\/i>\t\t\t\t\t\t<\/span>\n\t\t\t\t\t\t\t\t\t\t<span class=\"elementor-icon-list-text\">Dias, Cristina, \u201cViolencia en las relaciones entre los c\u00f3nyuges: responsabilidad y divorcio\u201d [Violence in relations between spouses: responsibility and divorce], Revista Perspectiva de Familia, vol. 5, n.\u00ba 1, 2020. <\/span>\n\t\t\t\t\t\t\t\t\t\t\t<\/a>\n\t\t\t\t\t\t\t\t\t<\/li>\n\t\t\t\t\t\t\t\t<li class=\"elementor-icon-list-item\">\n\t\t\t\t\t\t\t\t\t\t\t<a href=\"http:\/\/inclusivecourts.pt\/wp-content\/uploads\/2020\/03\/DIAS-CRUZ-2019-Algumas-notas-em-torno-do-casamento.pdf\" target=\"_blank\">\n\n\t\t\t\t\t\t\t\t\t\t\t\t<span class=\"elementor-icon-list-icon\">\n\t\t\t\t\t\t\t<i aria-hidden=\"true\" class=\"fas fa-book-open\"><\/i>\t\t\t\t\t\t<\/span>\n\t\t\t\t\t\t\t\t\t\t<span class=\"elementor-icon-list-text\">Dias, Cristina, e Cruz, Rossana Martingo, \u201cAlgumas notas em torno do casamento no ordenamento jur\u00eddico portugu\u00eas: Diversidade religiosa, igualdade, diversidade cultural, \u00e9tnica e a idade n\u00fabil\u201d [A few remarks on marriage in the Portuguese legal system: Religious, cultural and ethnic diversity], Revista de Direito de Fam\u00edlia e das Sucess\u00f5es, ano 6, 2019, pp. 156-182. <\/span>\n\t\t\t\t\t\t\t\t\t\t\t<\/a>\n\t\t\t\t\t\t\t\t\t<\/li>\n\t\t\t\t\t\t\t\t<li class=\"elementor-icon-list-item\">\n\t\t\t\t\t\t\t\t\t\t\t<a href=\"https:\/\/observatorio.almedina.net\/index.php\/2021\/03\/05\/a-valorizacao-e-a-contabilizacao-do-trabalho-domestico-na-uniao-de-facto\/\" target=\"_blank\">\n\n\t\t\t\t\t\t\t\t\t\t\t\t<span class=\"elementor-icon-list-icon\">\n\t\t\t\t\t\t\t<i aria-hidden=\"true\" class=\"fas fa-book-open\"><\/i>\t\t\t\t\t\t<\/span>\n\t\t\t\t\t\t\t\t\t\t<span class=\"elementor-icon-list-text\">Dias, Cristina, &amp; Cruz, Rossana Martingo, \u201cA valoriza\u00e7\u00e3o e a contabiliza\u00e7\u00e3o do trabalho dom\u00e9stico na uni\u00e3o de facto: Breve coment\u00e1rio ao Ac\u00f3rd\u00e3o do STJ, de 14.01.2021\u201d [Valuing domestic labour: comments on the Supreme Court ruling of 14.01.2021], 5 de mar\u00e7o de 2021 <\/span>\n\t\t\t\t\t\t\t\t\t\t\t<\/a>\n\t\t\t\t\t\t\t\t\t<\/li>\n\t\t\t\t\t\t\t\t<li class=\"elementor-icon-list-item\">\n\t\t\t\t\t\t\t\t\t\t\t<a href=\"https:\/\/bmcpublichealth.biomedcentral.com\/articles\/10.1186\/s12889-018-5103-8\" target=\"_blank\">\n\n\t\t\t\t\t\t\t\t\t\t\t\t<span class=\"elementor-icon-list-icon\">\n\t\t\t\t\t\t\t<i aria-hidden=\"true\" class=\"fas fa-book-open\"><\/i>\t\t\t\t\t\t<\/span>\n\t\t\t\t\t\t\t\t\t\t<span class=\"elementor-icon-list-text\">Fournet, Nelly, Mollema, Liesbeth, Ruijs, Wilhelmina, Harmsen, Irene, Keck, Frederic, Durand, Jean-Yves, Cunha, Manuela, Wamsiedel, Marius, Reis, Ria, French, Jeff, Smit, Edith, Kitching, Aileen, Van Steenbergen, Jim, \u201cUnder-vaccinated groups in Europe and their beliefs, attitudes and reasons for non-vaccination: Two systematic reviews\u201d, BMC Public Health, vol. 18, 2018, pp. 196, 1-17. DOI 10.1186\/s12889-018-5103-8<\/span>\n\t\t\t\t\t\t\t\t\t\t\t<\/a>\n\t\t\t\t\t\t\t\t\t<\/li>\n\t\t\t\t\t\t\t\t<li class=\"elementor-icon-list-item\">\n\t\t\t\t\t\t\t\t\t\t\t<a href=\"https:\/\/www.researchgate.net\/publication\/332154196_Trends_and_challenges_in_the_Portuguese_penitentiary_system_from_law_to_practice\" target=\"_blank\">\n\n\t\t\t\t\t\t\t\t\t\t\t\t<span class=\"elementor-icon-list-icon\">\n\t\t\t\t\t\t\t<i aria-hidden=\"true\" class=\"fas fa-book-open\"><\/i>\t\t\t\t\t\t<\/span>\n\t\t\t\t\t\t\t\t\t\t<span class=\"elementor-icon-list-text\">  Gomes, S\u00edlvia, Carvalho, Maria Jo\u00e3o Leote, Oliveira, Raquel, Duarte, Vera, \u201cTrends and challenges in the Portuguese penitentiary system: From law to practice\u201d, Antigone Rivista, vol. 1, 2019, pp. 61-102.<\/span>\n\t\t\t\t\t\t\t\t\t\t\t<\/a>\n\t\t\t\t\t\t\t\t\t<\/li>\n\t\t\t\t\t\t\t\t<li class=\"elementor-icon-list-item\">\n\t\t\t\t\t\t\t\t\t\t\t<a href=\"https:\/\/journals.sagepub.com\/doi\/abs\/10.1177\/2153368717699972%20\" target=\"_blank\">\n\n\t\t\t\t\t\t\t\t\t\t\t\t<span class=\"elementor-icon-list-icon\">\n\t\t\t\t\t\t\t<i aria-hidden=\"true\" class=\"fas fa-book-open\"><\/i>\t\t\t\t\t\t<\/span>\n\t\t\t\t\t\t\t\t\t\t<span class=\"elementor-icon-list-text\">Gomes, S\u00edlvia, \u201cAccess to law and justice perceived by foreign and Roma prisoners\u201d, Race and Justice, vol. 9, n.\u00ba 3, 2019, pp. 359-379. <\/span>\n\t\t\t\t\t\t\t\t\t\t\t<\/a>\n\t\t\t\t\t\t\t\t\t<\/li>\n\t\t\t\t\t\t\t\t<li class=\"elementor-icon-list-item\">\n\t\t\t\t\t\t\t\t\t\t\t<a href=\"http:\/\/revistas.pucsp.br\/rever\/article\/view\/42717%20\" target=\"_blank\">\n\n\t\t\t\t\t\t\t\t\t\t\t\t<span class=\"elementor-icon-list-icon\">\n\t\t\t\t\t\t\t<i aria-hidden=\"true\" class=\"fas fa-book-open\"><\/i>\t\t\t\t\t\t<\/span>\n\t\t\t\t\t\t\t\t\t\t<span class=\"elementor-icon-list-text\">Granja, In\u00eas, \u201c[Resenha] Fukuyama, Francis. Identidades: a exig\u00eancia de dignidade e a pol\u00edtica do ressentimento\u201d [Review of Francis Fukuyama\u2019s Identity: The Demand for Dignity and the Politics of Resentment], Rever, vol. 19, n.\u00ba 1, 2019, pp. 233-235. <\/span>\n\t\t\t\t\t\t\t\t\t\t\t<\/a>\n\t\t\t\t\t\t\t\t\t<\/li>\n\t\t\t\t\t\t\t\t<li class=\"elementor-icon-list-item\">\n\t\t\t\t\t\t\t\t\t\t\t<a href=\"https:\/\/inclusivecourts.pt\/wp-content\/uploads\/2025\/10\/Jeronimo-Patricia-A-dimensao-positiva-da-liberdade-de-religiao.pdf\" target=\"_blank\">\n\n\t\t\t\t\t\t\t\t\t\t\t\t<span class=\"elementor-icon-list-icon\">\n\t\t\t\t\t\t\t<i aria-hidden=\"true\" class=\"fas fa-book-open\"><\/i>\t\t\t\t\t\t<\/span>\n\t\t\t\t\t\t\t\t\t\t<span class=\"elementor-icon-list-text\">Jer\u00f3nimo, Patr\u00edcia, A dimens\u00e3o positiva da liberdade de religi\u00e3o e os deveres de adapta\u00e7\u00e3o razo\u00e1vel: Coment\u00e1rio ao ac\u00f3rd\u00e3o do Supremo Tribunal Administrativo, de 14 de dezembro de 2023, no processo n.\u00ba 03077\/22.4BELSB [The positive dimension of religious freedom and duties of reasonable accommodation: Annotation to the Supreme Administrative Court judgment of 14 December 2023, No. 03077\/22.4BELSB], Julgar, n.\u00ba 55, 2025, pp. 265-290.<\/span>\n\t\t\t\t\t\t\t\t\t\t\t<\/a>\n\t\t\t\t\t\t\t\t\t<\/li>\n\t\t\t\t\t\t\t\t<li class=\"elementor-icon-list-item\">\n\t\t\t\t\t\t\t\t\t\t\t<a href=\"https:\/\/inclusivecourts.pt\/wp-content\/uploads\/2025\/10\/Jeronimo-Patricia-A-liberdade-de-religiao-e-a-burqa-em-Portugal_-o-que-esperar-do-TC_-_-Opiniao-_-PUBLICO.pdf\" target=\"_blank\">\n\n\t\t\t\t\t\t\t\t\t\t\t\t<span class=\"elementor-icon-list-icon\">\n\t\t\t\t\t\t\t<i aria-hidden=\"true\" class=\"fas fa-book-open\"><\/i>\t\t\t\t\t\t<\/span>\n\t\t\t\t\t\t\t\t\t\t<span class=\"elementor-icon-list-text\">Jer\u00f3nimo, Patr\u00edcia, A liberdade de religi\u00e3o e a burqa em Portugal: O que esperar do TC? [Freedom of religion and burka bans in Portugal: What to expect from the Constitutional Court?], P\u00fablico, edi\u00e7\u00e3o online, 23.10.2025, dispon\u00edvel em https:\/\/www.publico.pt\/2025\/10\/23\/opiniao\/opiniao\/liberdade-religiao-burqa-portugal-esperar-tc-2151847 <\/span>\n\t\t\t\t\t\t\t\t\t\t\t<\/a>\n\t\t\t\t\t\t\t\t\t<\/li>\n\t\t\t\t\t\t\t\t<li class=\"elementor-icon-list-item\">\n\t\t\t\t\t\t\t\t\t\t\t<a href=\"https:\/\/papers.ssrn.com\/sol3\/papers.cfm?abstract_id=4314470\" target=\"_blank\">\n\n\t\t\t\t\t\t\t\t\t\t\t\t<span class=\"elementor-icon-list-icon\">\n\t\t\t\t\t\t\t<i aria-hidden=\"true\" class=\"fas fa-book-open\"><\/i>\t\t\t\t\t\t<\/span>\n\t\t\t\t\t\t\t\t\t\t<span class=\"elementor-icon-list-text\">Jer\u00f3nimo, Patr\u00edcia, \"A jurisprud\u00eancia multicultural do Tribunal Constitucional portugu\u00eas Mapeamento e an\u00e1lise cr\u00edtica\" [The multicultural jurisprudence of the Portuguese Constitutional Court Inventory and critical assessment], JusGov Research Paper No. 15\/2022.<\/span>\n\t\t\t\t\t\t\t\t\t\t\t<\/a>\n\t\t\t\t\t\t\t\t\t<\/li>\n\t\t\t\t\t\t\t\t<li class=\"elementor-icon-list-item\">\n\t\t\t\t\t\t\t\t\t\t\t<a href=\"https:\/\/inclusivecourts.pt\/wp-content\/uploads\/2024\/05\/Patricia-Jeronimo-Barreiras-Linguisticas-nos-Tribunais-Portugueses.-Pistas-para-um-diagnostico.pdf\" target=\"_blank\">\n\n\t\t\t\t\t\t\t\t\t\t\t\t<span class=\"elementor-icon-list-icon\">\n\t\t\t\t\t\t\t<i aria-hidden=\"true\" class=\"fas fa-book-open\"><\/i>\t\t\t\t\t\t<\/span>\n\t\t\t\t\t\t\t\t\t\t<span class=\"elementor-icon-list-text\">Jer\u00f3nimo, Patr\u00edcia, \u201cBarreiras lingu\u00edsticas nos tribunais portugueses: Pistas para um diagn\u00f3stico\u201d, Polissema: Revista de Letras do ISCAP, edi\u00e7\u00e3o especial 2024, pp. 418-468.<\/span>\n\t\t\t\t\t\t\t\t\t\t\t<\/a>\n\t\t\t\t\t\t\t\t\t<\/li>\n\t\t\t\t\t\t\t\t<li class=\"elementor-icon-list-item\">\n\t\t\t\t\t\t\t\t\t\t\t<a href=\"https:\/\/officialblogofunio.com\/2020\/04\/20\/covid-19-nationalism-and-its-toll-on-citizenship-and-mobility-rights-in-the-european-union\/#more-4660%20\" target=\"_blank\">\n\n\t\t\t\t\t\t\t\t\t\t\t\t<span class=\"elementor-icon-list-icon\">\n\t\t\t\t\t\t\t<i aria-hidden=\"true\" class=\"fas fa-book-open\"><\/i>\t\t\t\t\t\t<\/span>\n\t\t\t\t\t\t\t\t\t\t<span class=\"elementor-icon-list-text\">Jer\u00f3nimo, Patr\u00edcia, \u201cCOVID-19-Nationalism and its toll on citizenship and mobility rights in the European Union\u201d, UNIO-EU Law Journal Blog, 20 de abril de 2020. <\/span>\n\t\t\t\t\t\t\t\t\t\t\t<\/a>\n\t\t\t\t\t\t\t\t\t<\/li>\n\t\t\t\t\t\t\t\t<li class=\"elementor-icon-list-item\">\n\t\t\t\t\t\t\t\t\t\t\t<a href=\"https:\/\/revistas.uminho.pt\/index.php\/unio\/issue\/view\/159\" target=\"_blank\">\n\n\t\t\t\t\t\t\t\t\t\t\t\t<span class=\"elementor-icon-list-icon\">\n\t\t\t\t\t\t\t<i aria-hidden=\"true\" class=\"fas fa-book-open\"><\/i>\t\t\t\t\t\t<\/span>\n\t\t\t\t\t\t\t\t\t\t<span class=\"elementor-icon-list-text\">Jer\u00f3nimo, Patr\u00edcia, \u201cCOVID-19-related travel restrictions and mobility rights: A test for international human rights standards and EU citizenship\u201d, UNIO - EU Law Journal, Vol. 6, No. 2, July 2020, pp 3-14.<\/span>\n\t\t\t\t\t\t\t\t\t\t\t<\/a>\n\t\t\t\t\t\t\t\t\t<\/li>\n\t\t\t\t\t\t\t\t<li class=\"elementor-icon-list-item\">\n\t\t\t\t\t\t\t\t\t\t\t<a href=\"https:\/\/inclusivecourts.pt\/wp-content\/uploads\/2024\/07\/Jeronimo-Patricia-Diversidade-religiosa-em-contexto-laboral.pdf\" target=\"_blank\">\n\n\t\t\t\t\t\t\t\t\t\t\t\t<span class=\"elementor-icon-list-icon\">\n\t\t\t\t\t\t\t<i aria-hidden=\"true\" class=\"fas fa-book-open\"><\/i>\t\t\t\t\t\t<\/span>\n\t\t\t\t\t\t\t\t\t\t<span class=\"elementor-icon-list-text\">JER\u00d3NIMO, Patr\u00edcia, \"Diversidade religiosa e discrimina\u00e7\u00e3o indireta em contexto laboral: O que nos diz a pr\u00e1tica dos tribunais?\", Configura\u00e7\u00f5es: Revista de Ci\u00eancias Sociais, n.\u00ba 33, 2024, pp. 55-76.<\/span>\n\t\t\t\t\t\t\t\t\t\t\t<\/a>\n\t\t\t\t\t\t\t\t\t<\/li>\n\t\t\t\t\t\t\t\t<li class=\"elementor-icon-list-item\">\n\t\t\t\t\t\t\t\t\t\t\t<a href=\"https:\/\/inclusivecourts.pt\/wp-content\/uploads\/2024\/03\/8-si-2023_Patricia-Jeronimo_versao-final.pdf\" target=\"_blank\">\n\n\t\t\t\t\t\t\t\t\t\t\t\t<span class=\"elementor-icon-list-icon\">\n\t\t\t\t\t\t\t<i aria-hidden=\"true\" class=\"fas fa-book-open\"><\/i>\t\t\t\t\t\t<\/span>\n\t\t\t\t\t\t\t\t\t\t<span class=\"elementor-icon-list-text\">JER\u00d3NIMO, Patr\u00edcia, \"Diversidade religiosa e exerc\u00edcio da religi\u00e3o no local de trabalho: A experi\u00eancia dos tribunais portugueses em perspetiva comparada\", Scientia Ivridica, tomo LXXII, n\u00fameros 361-363, 2023, pp. 157-217.<\/span>\n\t\t\t\t\t\t\t\t\t\t\t<\/a>\n\t\t\t\t\t\t\t\t\t<\/li>\n\t\t\t\t\t\t\t\t<li class=\"elementor-icon-list-item\">\n\t\t\t\t\t\t\t\t\t\t\t<a href=\"https:\/\/link.springer.com\/article\/10.1007\/s11196-025-10304-w?utm_source=rct_congratemailt&#038;utm_medium=email&#038;utm_campaign=oa_20250613&#038;utm_content=10.1007%2Fs11196-025-10304-w\" target=\"_blank\">\n\n\t\t\t\t\t\t\t\t\t\t\t\t<span class=\"elementor-icon-list-icon\">\n\t\t\t\t\t\t\t<i aria-hidden=\"true\" class=\"fas fa-book-open\"><\/i>\t\t\t\t\t\t<\/span>\n\t\t\t\t\t\t\t\t\t\t<span class=\"elementor-icon-list-text\">Jer\u00f3nimo, Patr\u00edcia, Legal Translation and the Challenges of Overcoming Language Barriers in Court Practice: Evidence from Portuguese Courts, International Journal for the Semiotics of Law, 2025.<\/span>\n\t\t\t\t\t\t\t\t\t\t\t<\/a>\n\t\t\t\t\t\t\t\t\t<\/li>\n\t\t\t\t\t\t\t\t<li class=\"elementor-icon-list-item\">\n\t\t\t\t\t\t\t\t\t\t\t<a href=\"https:\/\/www.obcig.acm.gov.pt\/documents\/58622\/723172\/Newsletter+OBCIG+dezembro+2020\/1b2c7119-fc10-4f36-ad81-5f0135449e3d\" target=\"_blank\">\n\n\t\t\t\t\t\t\t\t\t\t\t\t<span class=\"elementor-icon-list-icon\">\n\t\t\t\t\t\t\t<i aria-hidden=\"true\" class=\"fas fa-book-open\"><\/i>\t\t\t\t\t\t<\/span>\n\t\t\t\t\t\t\t\t\t\t<span class=\"elementor-icon-list-text\">Jer\u00f3nimo, Patr\u00edcia, \u201cO efeito multiplicador da COVID-19 para as desigualdades sociais e a discrimina\u00e7\u00e3o contra minorias\u201d [COVID-19 and its multiplier effect on social inequality and discrimination against minorities], Newsletter OBCIG, dezembro de 2020, pp. 4-6<\/span>\n\t\t\t\t\t\t\t\t\t\t\t<\/a>\n\t\t\t\t\t\t\t\t\t<\/li>\n\t\t\t\t\t\t\t\t<li class=\"elementor-icon-list-item\">\n\t\t\t\t\t\t\t\t\t\t\t<a href=\"https:\/\/inclusivecourts.pt\/wp-content\/uploads\/2024\/12\/Jeronimo-Patricia-Religious-Time-Accommodation-Claims.pdf\" target=\"_blank\">\n\n\t\t\t\t\t\t\t\t\t\t\t\t<span class=\"elementor-icon-list-icon\">\n\t\t\t\t\t\t\t<i aria-hidden=\"true\" class=\"fas fa-book-open\"><\/i>\t\t\t\t\t\t<\/span>\n\t\t\t\t\t\t\t\t\t\t<span class=\"elementor-icon-list-text\">Jer\u00f3nimo, Patr\u00edcia, \"Religious Time Accommodation Claims and Non-Discrimination in the Workplace: Portuguese constitutional case law in comparative perspective\", JusGov Research Paper Series, No. 25, 2024.<\/span>\n\t\t\t\t\t\t\t\t\t\t\t<\/a>\n\t\t\t\t\t\t\t\t\t<\/li>\n\t\t\t\t\t\t\t\t<li class=\"elementor-icon-list-item\">\n\t\t\t\t\t\t\t\t\t\t\t<a href=\"https:\/\/opo.iisj.net\/index.php\/osls\/article\/view\/2384\" target=\"_blank\">\n\n\t\t\t\t\t\t\t\t\t\t\t\t<span class=\"elementor-icon-list-icon\">\n\t\t\t\t\t\t\t<i aria-hidden=\"true\" class=\"fas fa-book-open\"><\/i>\t\t\t\t\t\t<\/span>\n\t\t\t\t\t\t\t\t\t\t<span class=\"elementor-icon-list-text\">Jer\u00f3nimo, Patr\u00edcia, Roma Customary Law and Gender Roles in the Practice of Portuguese Courts, O\u00f1ati Socio-Legal Series, 2025. <\/span>\n\t\t\t\t\t\t\t\t\t\t\t<\/a>\n\t\t\t\t\t\t\t\t\t<\/li>\n\t\t\t\t\t\t\t\t<li class=\"elementor-icon-list-item\">\n\t\t\t\t\t\t\t\t\t\t\t<a href=\"https:\/\/inclusivecourts.pt\/wp-content\/uploads\/2023\/06\/5-si-359_Patricia-Jeronimo-e-Nicole-Friedrich.pdf\" target=\"_blank\">\n\n\t\t\t\t\t\t\t\t\t\t\t\t<span class=\"elementor-icon-list-icon\">\n\t\t\t\t\t\t\t<i aria-hidden=\"true\" class=\"fas fa-book-open\"><\/i>\t\t\t\t\t\t<\/span>\n\t\t\t\t\t\t\t\t\t\t<span class=\"elementor-icon-list-text\">Jer\u00f3nimo, Patr\u00edcia, e Friedrich, Nicole, \"O direito \u00e0 educa\u00e7\u00e3o e a escolariza\u00e7\u00e3o das crian\u00e7as ciganas na pr\u00e1tica dos tribunais\", Scientia Ivridica, LXXI, n.\u00ba 359, 2022, pp. 243-283.<\/span>\n\t\t\t\t\t\t\t\t\t\t\t<\/a>\n\t\t\t\t\t\t\t\t\t<\/li>\n\t\t\t\t\t\t\t\t<li class=\"elementor-icon-list-item\">\n\t\t\t\t\t\t\t\t\t\t\t<a href=\"http:\/\/dx.doi.org\/10.2139\/ssrn.4118542\" target=\"_blank\">\n\n\t\t\t\t\t\t\t\t\t\t\t\t<span class=\"elementor-icon-list-icon\">\n\t\t\t\t\t\t\t<i aria-hidden=\"true\" class=\"fas fa-book-open\"><\/i>\t\t\t\t\t\t<\/span>\n\t\t\t\t\t\t\t\t\t\t<span class=\"elementor-icon-list-text\">Rocha Frutuoso, Miriam, \u201cLooking at the right to care through the lens of gender\u201d, JusGov Research Paper No. 2022-09.<\/span>\n\t\t\t\t\t\t\t\t\t\t\t<\/a>\n\t\t\t\t\t\t\t\t\t<\/li>\n\t\t\t\t\t\t\t\t<li class=\"elementor-icon-list-item\">\n\t\t\t\t\t\t\t\t\t\t\t<a href=\"https:\/\/opo.iisj.net\/index.php\/osls\/article\/view\/1323\/1407\" target=\"_blank\">\n\n\t\t\t\t\t\t\t\t\t\t\t\t<span class=\"elementor-icon-list-icon\">\n\t\t\t\t\t\t\t<i aria-hidden=\"true\" class=\"fas fa-book-open\"><\/i>\t\t\t\t\t\t<\/span>\n\t\t\t\t\t\t\t\t\t\t<span class=\"elementor-icon-list-text\">Rocha, Miriam, \u201cDireito a cuidar: Uma perspetiva de g\u00e9nero (Looking at the right to care through the lens of gender)\u201d, O\u00f1ati Socio-Legal Series, September 2021. <\/span>\n\t\t\t\t\t\t\t\t\t\t\t<\/a>\n\t\t\t\t\t\t\t\t\t<\/li>\n\t\t\t\t\t\t<\/ul>\n\t\t\t\t\t\t<\/div>\n\t\t\t\t<\/div>\n\t\t\t\t\t<\/div>\n\t\t<\/div>\n\t\t\t\t\t<\/div>\n\t\t<\/section>\n\t\t\t\t<\/div>\n\t\t","protected":false},"excerpt":{"rendered":"<p>Artigos publicados no \u00e2mbito do projeto Inclusive Courts. Cunha, Manuela, \u201cInside out: Embodying prison boundaries\u201d, The Cambridge Journal of Anthropology, vol. 38, n.\u00ba 1, 2020, pp. 123-139. doi:10.3167\/cja.2020.380109 Dias, Cristina, \u201cViolencia en las relaciones entre los c\u00f3nyuges: responsabilidad y divorcio\u201d [Violence in relations between spouses: responsibility and divorce], Revista Perspectiva de Familia, vol. 5, n.\u00ba&hellip;<\/p>\n","protected":false},"author":1,"featured_media":0,"parent":0,"menu_order":0,"comment_status":"closed","ping_status":"closed","template":"","meta":{"footnotes":""},"class_list":["post-507","page","type-page","status-publish","hentry"],"_links":{"self":[{"href":"https:\/\/inclusivecourts.pt\/en\/wp-json\/wp\/v2\/pages\/507","targetHints":{"allow":["GET"]}}],"collection":[{"href":"https:\/\/inclusivecourts.pt\/en\/wp-json\/wp\/v2\/pages"}],"about":[{"href":"https:\/\/inclusivecourts.pt\/en\/wp-json\/wp\/v2\/types\/page"}],"author":[{"embeddable":true,"href":"https:\/\/inclusivecourts.pt\/en\/wp-json\/wp\/v2\/users\/1"}],"replies":[{"embeddable":true,"href":"https:\/\/inclusivecourts.pt\/en\/wp-json\/wp\/v2\/comments?post=507"}],"version-history":[{"count":57,"href":"https:\/\/inclusivecourts.pt\/en\/wp-json\/wp\/v2\/pages\/507\/revisions"}],"predecessor-version":[{"id":3334,"href":"https:\/\/inclusivecourts.pt\/en\/wp-json\/wp\/v2\/pages\/507\/revisions\/3334"}],"wp:attachment":[{"href":"https:\/\/inclusivecourts.pt\/en\/wp-json\/wp\/v2\/media?parent=507"}],"curies":[{"name":"wp","href":"https:\/\/api.w.org\/{rel}","templated":true}]}}