{"id":428,"date":"2019-10-24T21:11:55","date_gmt":"2019-10-24T21:11:55","guid":{"rendered":"https:\/\/inclusivecourts.pt\/?page_id=428"},"modified":"2020-03-23T14:57:26","modified_gmt":"2020-03-23T14:57:26","slug":"noticia1","status":"publish","type":"page","link":"https:\/\/inclusivecourts.pt\/en\/noticia1\/","title":{"rendered":"Public presentation of the InclusiveCourts project"},"content":{"rendered":"<div data-elementor-type=\"wp-page\" data-elementor-id=\"428\" class=\"elementor elementor-428\" data-elementor-post-type=\"page\">\n\t\t\t\t\t\t<section class=\"elementor-section elementor-top-section elementor-element elementor-element-b3b27e8 elementor-section-boxed elementor-section-height-default elementor-section-height-default\" data-id=\"b3b27e8\" data-element_type=\"section\" data-e-type=\"section\">\n\t\t\t\t\t\t<div class=\"elementor-container elementor-column-gap-default\">\n\t\t\t\t\t<div class=\"elementor-column elementor-col-100 elementor-top-column elementor-element elementor-element-950192f\" data-id=\"950192f\" data-element_type=\"column\" data-e-type=\"column\">\n\t\t\t<div class=\"elementor-widget-wrap elementor-element-populated\">\n\t\t\t\t\t\t<div class=\"elementor-element elementor-element-6ffdbba elementor-widget elementor-widget-text-editor\" data-id=\"6ffdbba\" data-element_type=\"widget\" data-e-type=\"widget\" data-widget_type=\"text-editor.default\">\n\t\t\t\t<div class=\"elementor-widget-container\">\n\t\t\t\t\t\t\t\t\t<p><strong>Presentation of the project InclusiveCourts in conference celebrating the 70th anniversary of the Universal Declaration of Human Rights and the 40th anniversary of Portugal\u2019s accession to the European Convention on Human Rights, Guimar\u00e3es\u2019 Court of Appeal, 6 December 2018<\/strong><\/p>\t\t\t\t\t\t\t\t<\/div>\n\t\t\t\t<\/div>\n\t\t\t\t<div class=\"elementor-element elementor-element-452dbed elementor-widget elementor-widget-text-editor\" data-id=\"452dbed\" data-element_type=\"widget\" data-e-type=\"widget\" data-widget_type=\"text-editor.default\">\n\t\t\t\t<div class=\"elementor-widget-container\">\n\t\t\t\t\t\t\t\t\t<p>At the invitation of Judge Raquel Rego, President of the Guimar\u00e3es\u2019 Court of Appeal, Patr\u00edcia Jer\u00f3nimo intervened as speaker in the conference which took place in Guimar\u00e3es, on 6 December 2018, as part of the national commemorative programme of the 70th anniversary of the Universal Declaration of Human Rights and of the 40th anniversary of Portugal\u2019s accession to the European Convention on Human Rights. The conference was chaired by Paulo Pimenta and, besides Patr\u00edcia Jer\u00f3nimo, included as speakers Vital Moreira, Ana Rodrigues, J\u00falio Gomes and Jo\u00e3o Miguel. Before an audience made up mostly of judges, public prosecutors and attorneys, Patr\u00edcia Jer\u00f3nimo took the opportunity to present the project InclusiveCourts to some of its key stakeholders, stressing the human rights issues at stake (equality and non-discrimination, access to justice) as well as the importance of the collaboration with legal practitioners throughout the implementation of the project.<\/p>\t\t\t\t\t\t\t\t<\/div>\n\t\t\t\t<\/div>\n\t\t\t\t<section class=\"elementor-section elementor-inner-section elementor-element elementor-element-fa5e046 elementor-section-boxed elementor-section-height-default elementor-section-height-default\" data-id=\"fa5e046\" data-element_type=\"section\" data-e-type=\"section\">\n\t\t\t\t\t\t<div class=\"elementor-container elementor-column-gap-default\">\n\t\t\t\t\t<div class=\"elementor-column elementor-col-25 elementor-inner-column elementor-element elementor-element-e78e9d9 elementor-invisible\" data-id=\"e78e9d9\" data-element_type=\"column\" data-e-type=\"column\" data-settings=\"{&quot;animation&quot;:&quot;fadeInDown&quot;}\">\n\t\t\t<div class=\"elementor-widget-wrap elementor-element-populated\">\n\t\t\t\t\t\t<div class=\"elementor-element elementor-element-3206b8e elementor-widget elementor-widget-image\" data-id=\"3206b8e\" data-element_type=\"widget\" data-e-type=\"widget\" data-settings=\"{&quot;_animation&quot;:&quot;none&quot;}\" data-widget_type=\"image.default\">\n\t\t\t\t<div class=\"elementor-widget-container\">\n\t\t\t\t\t\t\t\t\t\t\t\t\t\t\t<img fetchpriority=\"high\" decoding=\"async\" width=\"567\" height=\"378\" src=\"https:\/\/inclusivecourts.pt\/wp-content\/uploads\/2019\/10\/003-Confer\u00eancia-Guimar\u00e3es-06.12.jpg\" class=\"elementor-animation-grow attachment-medium_large size-medium_large wp-image-422\" alt=\"\" srcset=\"https:\/\/inclusivecourts.pt\/wp-content\/uploads\/2019\/10\/003-Confer\u00eancia-Guimar\u00e3es-06.12.jpg 567w, https:\/\/inclusivecourts.pt\/wp-content\/uploads\/2019\/10\/003-Confer\u00eancia-Guimar\u00e3es-06.12-300x200.jpg 300w\" sizes=\"(max-width: 567px) 100vw, 567px\" \/>\t\t\t\t\t\t\t\t\t\t\t\t\t\t\t<\/div>\n\t\t\t\t<\/div>\n\t\t\t\t\t<\/div>\n\t\t<\/div>\n\t\t\t\t<div class=\"elementor-column elementor-col-25 elementor-inner-column elementor-element elementor-element-8bb68f3 elementor-invisible\" data-id=\"8bb68f3\" data-element_type=\"column\" data-e-type=\"column\" data-settings=\"{&quot;animation&quot;:&quot;fadeInDown&quot;}\">\n\t\t\t<div class=\"elementor-widget-wrap elementor-element-populated\">\n\t\t\t\t\t\t<div class=\"elementor-element elementor-element-adcdc1f elementor-widget elementor-widget-image\" data-id=\"adcdc1f\" data-element_type=\"widget\" data-e-type=\"widget\" data-settings=\"{&quot;_animation&quot;:&quot;none&quot;}\" data-widget_type=\"image.default\">\n\t\t\t\t<div class=\"elementor-widget-container\">\n\t\t\t\t\t\t\t\t\t\t\t\t\t\t\t<img decoding=\"async\" width=\"567\" height=\"795\" src=\"https:\/\/inclusivecourts.pt\/wp-content\/uploads\/2019\/10\/Cartaz-confer\u00eancia-Guimar\u00e3es.jpg\" class=\"elementor-animation-grow attachment-medium_large size-medium_large wp-image-423\" alt=\"\" srcset=\"https:\/\/inclusivecourts.pt\/wp-content\/uploads\/2019\/10\/Cartaz-confer\u00eancia-Guimar\u00e3es.jpg 567w, https:\/\/inclusivecourts.pt\/wp-content\/uploads\/2019\/10\/Cartaz-confer\u00eancia-Guimar\u00e3es-214x300.jpg 214w\" sizes=\"(max-width: 567px) 100vw, 567px\" \/>\t\t\t\t\t\t\t\t\t\t\t\t\t\t\t<\/div>\n\t\t\t\t<\/div>\n\t\t\t\t\t<\/div>\n\t\t<\/div>\n\t\t\t\t<div class=\"elementor-column elementor-col-25 elementor-inner-column elementor-element elementor-element-d562cc0 elementor-invisible\" data-id=\"d562cc0\" data-element_type=\"column\" data-e-type=\"column\" data-settings=\"{&quot;animation&quot;:&quot;fadeInDown&quot;}\">\n\t\t\t<div class=\"elementor-widget-wrap elementor-element-populated\">\n\t\t\t\t\t\t<div class=\"elementor-element elementor-element-bc76ce4 elementor-widget elementor-widget-image\" data-id=\"bc76ce4\" data-element_type=\"widget\" data-e-type=\"widget\" data-widget_type=\"image.default\">\n\t\t\t\t<div class=\"elementor-widget-container\">\n\t\t\t\t\t\t\t\t\t\t\t\t\t\t\t<img decoding=\"async\" width=\"567\" height=\"378\" src=\"https:\/\/inclusivecourts.pt\/wp-content\/uploads\/2019\/10\/001-Confer\u00eancia-Guimar\u00e3es-06.12.jpg\" class=\"elementor-animation-grow attachment-large size-large wp-image-420\" alt=\"\" srcset=\"https:\/\/inclusivecourts.pt\/wp-content\/uploads\/2019\/10\/001-Confer\u00eancia-Guimar\u00e3es-06.12.jpg 567w, https:\/\/inclusivecourts.pt\/wp-content\/uploads\/2019\/10\/001-Confer\u00eancia-Guimar\u00e3es-06.12-300x200.jpg 300w\" sizes=\"(max-width: 567px) 100vw, 567px\" \/>\t\t\t\t\t\t\t\t\t\t\t\t\t\t\t<\/div>\n\t\t\t\t<\/div>\n\t\t\t\t\t<\/div>\n\t\t<\/div>\n\t\t\t\t<div class=\"elementor-column elementor-col-25 elementor-inner-column elementor-element elementor-element-b95accd elementor-invisible\" data-id=\"b95accd\" data-element_type=\"column\" data-e-type=\"column\" data-settings=\"{&quot;animation&quot;:&quot;fadeInDown&quot;}\">\n\t\t\t<div class=\"elementor-widget-wrap elementor-element-populated\">\n\t\t\t\t\t\t<div class=\"elementor-element elementor-element-a734603 elementor-widget elementor-widget-image\" data-id=\"a734603\" data-element_type=\"widget\" data-e-type=\"widget\" data-widget_type=\"image.default\">\n\t\t\t\t<div class=\"elementor-widget-container\">\n\t\t\t\t\t\t\t\t\t\t\t\t\t\t\t<img loading=\"lazy\" decoding=\"async\" width=\"567\" height=\"378\" src=\"https:\/\/inclusivecourts.pt\/wp-content\/uploads\/2019\/10\/002-Confer\u00eancia-Guimar\u00e3es-06.12.jpg\" class=\"elementor-animation-grow attachment-large size-large wp-image-421\" alt=\"\" srcset=\"https:\/\/inclusivecourts.pt\/wp-content\/uploads\/2019\/10\/002-Confer\u00eancia-Guimar\u00e3es-06.12.jpg 567w, https:\/\/inclusivecourts.pt\/wp-content\/uploads\/2019\/10\/002-Confer\u00eancia-Guimar\u00e3es-06.12-300x200.jpg 300w\" sizes=\"(max-width: 567px) 100vw, 567px\" \/>\t\t\t\t\t\t\t\t\t\t\t\t\t\t\t<\/div>\n\t\t\t\t<\/div>\n\t\t\t\t\t<\/div>\n\t\t<\/div>\n\t\t\t\t\t<\/div>\n\t\t<\/section>\n\t\t\t\t\t<\/div>\n\t\t<\/div>\n\t\t\t\t\t<\/div>\n\t\t<\/section>\n\t\t\t\t<\/div>","protected":false},"excerpt":{"rendered":"<p>Apresenta\u00e7\u00e3o do projeto InclusiveCourts na sess\u00e3o comemorativa dos 70 anos da Declara\u00e7\u00e3o Universal dos Direitos Humanos e dos 40 anos da ades\u00e3o de Portugal \u00e0 Conven\u00e7\u00e3o Europeia dos Direitos Humanos, Tribunal da Rela\u00e7\u00e3o de Guimar\u00e3es, 6 de dezembro de 2018 Patr\u00edcia Jer\u00f3nimo interveio, a convite da Presidente do Tribunal da Rela\u00e7\u00e3o de Guimar\u00e3es, Ju\u00edza Desembargadora&hellip;<\/p>","protected":false},"author":1,"featured_media":0,"parent":0,"menu_order":0,"comment_status":"closed","ping_status":"closed","template":"","meta":{"footnotes":""},"class_list":["post-428","page","type-page","status-publish","hentry"],"_links":{"self":[{"href":"https:\/\/inclusivecourts.pt\/en\/wp-json\/wp\/v2\/pages\/428","targetHints":{"allow":["GET"]}}],"collection":[{"href":"https:\/\/inclusivecourts.pt\/en\/wp-json\/wp\/v2\/pages"}],"about":[{"href":"https:\/\/inclusivecourts.pt\/en\/wp-json\/wp\/v2\/types\/page"}],"author":[{"embeddable":true,"href":"https:\/\/inclusivecourts.pt\/en\/wp-json\/wp\/v2\/users\/1"}],"replies":[{"embeddable":true,"href":"https:\/\/inclusivecourts.pt\/en\/wp-json\/wp\/v2\/comments?post=428"}],"version-history":[{"count":0,"href":"https:\/\/inclusivecourts.pt\/en\/wp-json\/wp\/v2\/pages\/428\/revisions"}],"wp:attachment":[{"href":"https:\/\/inclusivecourts.pt\/en\/wp-json\/wp\/v2\/media?parent=428"}],"curies":[{"name":"wp","href":"https:\/\/api.w.org\/{rel}","templated":true}]}}