{"id":3390,"date":"2026-05-04T14:09:36","date_gmt":"2026-05-04T14:09:36","guid":{"rendered":"https:\/\/inclusivecourts.pt\/?page_id=3390"},"modified":"2026-05-04T14:25:58","modified_gmt":"2026-05-04T14:25:58","slug":"noticia108","status":"publish","type":"page","link":"https:\/\/inclusivecourts.pt\/en\/noticia108\/","title":{"rendered":"Freedom of religion and migration debated at the Lusophone University in Lisbon"},"content":{"rendered":"<div data-elementor-type=\"wp-page\" data-elementor-id=\"3390\" class=\"elementor elementor-3390\" data-elementor-post-type=\"page\">\n\t\t\t\t\t\t<section class=\"elementor-section elementor-top-section elementor-element elementor-element-c28188e elementor-section-boxed elementor-section-height-default elementor-section-height-default\" data-id=\"c28188e\" data-element_type=\"section\" data-e-type=\"section\">\n\t\t\t\t\t\t<div class=\"elementor-container elementor-column-gap-default\">\n\t\t\t\t\t<div class=\"elementor-column elementor-col-100 elementor-top-column elementor-element elementor-element-cfb9f23\" data-id=\"cfb9f23\" data-element_type=\"column\" data-e-type=\"column\">\n\t\t\t<div class=\"elementor-widget-wrap elementor-element-populated\">\n\t\t\t\t\t\t<div class=\"elementor-element elementor-element-5372879d elementor-widget elementor-widget-text-editor\" data-id=\"5372879d\" data-element_type=\"widget\" data-e-type=\"widget\" data-widget_type=\"text-editor.default\">\n\t\t\t\t<div class=\"elementor-widget-container\">\n\t\t\t\t\t\t\t\t\t<p>The Lusophone University (Universidade Lus\u00f3fona) hosted on 17 April 2026 the Fourth Luso-Brazilian Conference: Immigration, Law, and Freedom of Religion, organized by the Brazilian Institute of Law and Religion (Instituto Brasileiro de Direito e Religi\u00e3o) and by the European Institute of Law and Religion (Instituto Europeu de Direito e Religi\u00e3o). Patr\u00edcia Jer\u00f3nimo was one of the conference\u2019s guest speakers alongside Jorge Bacelar Gouveia, Jorge Botelho Moniz and J\u00f3natas Machado, having presented a paper on freedom of religion and religious diversity in the workplace.<\/p><p>The full programme of the conference is available <a href=\"https:\/\/doity.com.br\/4-conferencia-luso-brasileira-de-liberdade-religiosa\"><u>here<\/u><\/a>.\u00a0<\/p>\t\t\t\t\t\t\t\t<\/div>\n\t\t\t\t<\/div>\n\t\t\t\t\t<\/div>\n\t\t<\/div>\n\t\t\t\t\t<\/div>\n\t\t<\/section>\n\t\t\t\t<section class=\"elementor-section elementor-top-section elementor-element elementor-element-41b8253 elementor-section-boxed elementor-section-height-default elementor-section-height-default\" data-id=\"41b8253\" data-element_type=\"section\" data-e-type=\"section\">\n\t\t\t\t\t\t<div class=\"elementor-container elementor-column-gap-default\">\n\t\t\t\t\t<div class=\"elementor-column elementor-col-100 elementor-top-column elementor-element elementor-element-2c7b2ee\" data-id=\"2c7b2ee\" data-element_type=\"column\" data-e-type=\"column\">\n\t\t\t<div class=\"elementor-widget-wrap elementor-element-populated\">\n\t\t\t\t\t\t<div class=\"elementor-element elementor-element-e803bd5 elementor-widget elementor-widget-image\" data-id=\"e803bd5\" data-element_type=\"widget\" data-e-type=\"widget\" data-widget_type=\"image.default\">\n\t\t\t\t<div class=\"elementor-widget-container\">\n\t\t\t\t\t\t\t\t\t\t\t\t\t\t\t<img fetchpriority=\"high\" decoding=\"async\" width=\"724\" height=\"1024\" src=\"https:\/\/inclusivecourts.pt\/wp-content\/uploads\/2026\/05\/imagem-noticia-724x1024.jpg\" class=\"attachment-large size-large wp-image-3386\" alt=\"\" srcset=\"https:\/\/inclusivecourts.pt\/wp-content\/uploads\/2026\/05\/imagem-noticia-724x1024.jpg 724w, https:\/\/inclusivecourts.pt\/wp-content\/uploads\/2026\/05\/imagem-noticia-212x300.jpg 212w, https:\/\/inclusivecourts.pt\/wp-content\/uploads\/2026\/05\/imagem-noticia-768x1086.jpg 768w, https:\/\/inclusivecourts.pt\/wp-content\/uploads\/2026\/05\/imagem-noticia-1086x1536.jpg 1086w, https:\/\/inclusivecourts.pt\/wp-content\/uploads\/2026\/05\/imagem-noticia-8x12.jpg 8w, https:\/\/inclusivecourts.pt\/wp-content\/uploads\/2026\/05\/imagem-noticia.jpg 1190w\" sizes=\"(max-width: 724px) 100vw, 724px\" \/>\t\t\t\t\t\t\t\t\t\t\t\t\t\t\t<\/div>\n\t\t\t\t<\/div>\n\t\t\t\t\t<\/div>\n\t\t<\/div>\n\t\t\t\t\t<\/div>\n\t\t<\/section>\n\t\t\t\t<\/div>","protected":false},"excerpt":{"rendered":"<p>A Universidade Lus\u00f3fona acolheu no dia 17 de abril de 2026 a 4\u00aa Confer\u00eancia Luso-Brasileira: Imigra\u00e7\u00e3o, Direito e Liberdade Religiosa, organizada pelo Instituto Brasileiro de Direito e Religi\u00e3o e pelo Instituto Europeu de Direito e Religi\u00e3o. Patr\u00edcia Jer\u00f3nimo foi uma das oradoras convidadas da confer\u00eancia, ao lado de Jorge Bacelar Gouveia, Jorge Botelho Moniz e&hellip;<\/p>","protected":false},"author":1,"featured_media":0,"parent":0,"menu_order":0,"comment_status":"closed","ping_status":"closed","template":"","meta":{"footnotes":""},"class_list":["post-3390","page","type-page","status-publish","hentry"],"_links":{"self":[{"href":"https:\/\/inclusivecourts.pt\/en\/wp-json\/wp\/v2\/pages\/3390","targetHints":{"allow":["GET"]}}],"collection":[{"href":"https:\/\/inclusivecourts.pt\/en\/wp-json\/wp\/v2\/pages"}],"about":[{"href":"https:\/\/inclusivecourts.pt\/en\/wp-json\/wp\/v2\/types\/page"}],"author":[{"embeddable":true,"href":"https:\/\/inclusivecourts.pt\/en\/wp-json\/wp\/v2\/users\/1"}],"replies":[{"embeddable":true,"href":"https:\/\/inclusivecourts.pt\/en\/wp-json\/wp\/v2\/comments?post=3390"}],"version-history":[{"count":7,"href":"https:\/\/inclusivecourts.pt\/en\/wp-json\/wp\/v2\/pages\/3390\/revisions"}],"predecessor-version":[{"id":3408,"href":"https:\/\/inclusivecourts.pt\/en\/wp-json\/wp\/v2\/pages\/3390\/revisions\/3408"}],"wp:attachment":[{"href":"https:\/\/inclusivecourts.pt\/en\/wp-json\/wp\/v2\/media?parent=3390"}],"curies":[{"name":"wp","href":"https:\/\/api.w.org\/{rel}","templated":true}]}}