{"id":3359,"date":"2026-03-25T11:23:06","date_gmt":"2026-03-25T11:23:06","guid":{"rendered":"https:\/\/inclusivecourts.pt\/?page_id=3359"},"modified":"2026-03-25T11:26:19","modified_gmt":"2026-03-25T11:26:19","slug":"noticia107","status":"publish","type":"page","link":"https:\/\/inclusivecourts.pt\/en\/noticia107\/","title":{"rendered":"Bridges between linguistic and legal communities discussed at the University of Coimbra"},"content":{"rendered":"<div data-elementor-type=\"wp-page\" data-elementor-id=\"3359\" class=\"elementor elementor-3359\" data-elementor-post-type=\"page\">\n\t\t\t\t\t\t<section class=\"elementor-section elementor-top-section elementor-element elementor-element-b3b27e8 elementor-section-boxed elementor-section-height-default elementor-section-height-default\" data-id=\"b3b27e8\" data-element_type=\"section\" data-e-type=\"section\">\n\t\t\t\t\t\t<div class=\"elementor-container elementor-column-gap-default\">\n\t\t\t\t\t<div class=\"elementor-column elementor-col-100 elementor-top-column elementor-element elementor-element-950192f\" data-id=\"950192f\" data-element_type=\"column\" data-e-type=\"column\">\n\t\t\t<div class=\"elementor-widget-wrap elementor-element-populated\">\n\t\t\t\t\t\t<div class=\"elementor-element elementor-element-6ffdbba elementor-widget elementor-widget-text-editor\" data-id=\"6ffdbba\" data-element_type=\"widget\" data-e-type=\"widget\" data-widget_type=\"text-editor.default\">\n\t\t\t\t<div class=\"elementor-widget-container\">\n\t\t\t\t\t\t\t\t\t<p><strong>20th Anniversary of the Human Rights Master of the University of Minho<\/strong><\/p>\t\t\t\t\t\t\t\t<\/div>\n\t\t\t\t<\/div>\n\t\t\t\t<div class=\"elementor-element elementor-element-452dbed elementor-widget elementor-widget-text-editor\" data-id=\"452dbed\" data-element_type=\"widget\" data-e-type=\"widget\" data-widget_type=\"text-editor.default\">\n\t\t\t\t<div class=\"elementor-widget-container\">\n\t\t\t\t\t\t\t\t\t<p class=\"translation-block\">The Translation Division of the Research Centre for General and Applied Linguistics of the University of Coimbra hosted, together with the Master in Translation of the Faculty of Humanities of the University of Coimbra, a panel to discuss the inter-linguistic and intercultural mediation in the public administration and the justice system in Portugal, as part of the project PONTES, with the title \u201cBridges between Linguistic and Legal Communities\u201d. The panel was chaired by Patricia Rossi and had Alexandra Ascens\u00e3o Silva, Andreia Almeida, Elsa Rodrigues, Patr\u00edcia Jer\u00f3nimo, and Susana Figueiredo as speakers. The session was held at the Faculty of Humanities of the University of Coimbra on 20 March 2026.<\/p>\t\t\t\t\t\t\t\t<\/div>\n\t\t\t\t<\/div>\n\t\t\t\t<section class=\"elementor-section elementor-inner-section elementor-element elementor-element-fa5e046 elementor-section-boxed elementor-section-height-default elementor-section-height-default\" data-id=\"fa5e046\" data-element_type=\"section\" data-e-type=\"section\">\n\t\t\t\t\t\t<div class=\"elementor-container elementor-column-gap-default\">\n\t\t\t\t\t<div class=\"elementor-column elementor-col-100 elementor-inner-column elementor-element elementor-element-e78e9d9 elementor-invisible\" data-id=\"e78e9d9\" data-element_type=\"column\" data-e-type=\"column\" data-settings=\"{&quot;animation&quot;:&quot;fadeInDown&quot;}\">\n\t\t\t<div class=\"elementor-widget-wrap elementor-element-populated\">\n\t\t\t\t\t\t<div class=\"elementor-element elementor-element-3206b8e elementor-widget elementor-widget-image\" data-id=\"3206b8e\" data-element_type=\"widget\" data-e-type=\"widget\" data-settings=\"{&quot;_animation&quot;:&quot;none&quot;}\" data-widget_type=\"image.default\">\n\t\t\t\t<div class=\"elementor-widget-container\">\n\t\t\t\t\t\t\t\t\t\t\t\t\t\t\t<img fetchpriority=\"high\" decoding=\"async\" width=\"707\" height=\"1000\" src=\"https:\/\/inclusivecourts.pt\/wp-content\/uploads\/2026\/03\/imagem-para-noticia.jpg\" class=\"elementor-animation-grow attachment-medium_large size-medium_large wp-image-3361\" alt=\"\" srcset=\"https:\/\/inclusivecourts.pt\/wp-content\/uploads\/2026\/03\/imagem-para-noticia.jpg 707w, https:\/\/inclusivecourts.pt\/wp-content\/uploads\/2026\/03\/imagem-para-noticia-212x300.jpg 212w, https:\/\/inclusivecourts.pt\/wp-content\/uploads\/2026\/03\/imagem-para-noticia-8x12.jpg 8w\" sizes=\"(max-width: 707px) 100vw, 707px\" \/>\t\t\t\t\t\t\t\t\t\t\t\t\t\t\t<\/div>\n\t\t\t\t<\/div>\n\t\t\t\t\t<\/div>\n\t\t<\/div>\n\t\t\t\t\t<\/div>\n\t\t<\/section>\n\t\t\t\t\t<\/div>\n\t\t<\/div>\n\t\t\t\t\t<\/div>\n\t\t<\/section>\n\t\t\t\t<\/div>","protected":false},"excerpt":{"rendered":"<p>20.\u00ba Anivers\u00e1rio do Mestrado em Direitos Humanos da UMinho A Sec\u00e7\u00e3o de Tradu\u00e7\u00e3o do Centro de Estudos de Lingu\u00edstica Geral e Aplicada\u00a0da Universidade de Coimbra organizou, em colabora\u00e7\u00e3o com o Mestrado em Tradu\u00e7\u00e3o da Faculdade de Letras da Universidade de Coimbra, um painel de discuss\u00e3o sobre media\u00e7\u00e3o interlingu\u00edstica e intercultural na administra\u00e7\u00e3o p\u00fablica e na&hellip;<\/p>","protected":false},"author":1,"featured_media":0,"parent":0,"menu_order":0,"comment_status":"closed","ping_status":"closed","template":"","meta":{"footnotes":""},"class_list":["post-3359","page","type-page","status-publish","hentry"],"_links":{"self":[{"href":"https:\/\/inclusivecourts.pt\/en\/wp-json\/wp\/v2\/pages\/3359","targetHints":{"allow":["GET"]}}],"collection":[{"href":"https:\/\/inclusivecourts.pt\/en\/wp-json\/wp\/v2\/pages"}],"about":[{"href":"https:\/\/inclusivecourts.pt\/en\/wp-json\/wp\/v2\/types\/page"}],"author":[{"embeddable":true,"href":"https:\/\/inclusivecourts.pt\/en\/wp-json\/wp\/v2\/users\/1"}],"replies":[{"embeddable":true,"href":"https:\/\/inclusivecourts.pt\/en\/wp-json\/wp\/v2\/comments?post=3359"}],"version-history":[{"count":4,"href":"https:\/\/inclusivecourts.pt\/en\/wp-json\/wp\/v2\/pages\/3359\/revisions"}],"predecessor-version":[{"id":3364,"href":"https:\/\/inclusivecourts.pt\/en\/wp-json\/wp\/v2\/pages\/3359\/revisions\/3364"}],"wp:attachment":[{"href":"https:\/\/inclusivecourts.pt\/en\/wp-json\/wp\/v2\/media?parent=3359"}],"curies":[{"name":"wp","href":"https:\/\/api.w.org\/{rel}","templated":true}]}}