{"id":3312,"date":"2025-09-26T17:45:12","date_gmt":"2025-09-26T17:45:12","guid":{"rendered":"https:\/\/inclusivecourts.pt\/?page_id=3312"},"modified":"2025-09-26T17:46:34","modified_gmt":"2025-09-26T17:46:34","slug":"noticia105","status":"publish","type":"page","link":"https:\/\/inclusivecourts.pt\/en\/noticia105\/","title":{"rendered":"Debate on regulation of immigration in Portugal"},"content":{"rendered":"<div data-elementor-type=\"wp-page\" data-elementor-id=\"3312\" class=\"elementor elementor-3312\" data-elementor-post-type=\"page\">\n\t\t\t\t\t\t<section class=\"elementor-section elementor-top-section elementor-element elementor-element-b3b27e8 elementor-section-boxed elementor-section-height-default elementor-section-height-default\" data-id=\"b3b27e8\" data-element_type=\"section\" data-e-type=\"section\">\n\t\t\t\t\t\t<div class=\"elementor-container elementor-column-gap-default\">\n\t\t\t\t\t<div class=\"elementor-column elementor-col-100 elementor-top-column elementor-element elementor-element-950192f\" data-id=\"950192f\" data-element_type=\"column\" data-e-type=\"column\">\n\t\t\t<div class=\"elementor-widget-wrap elementor-element-populated\">\n\t\t\t\t\t\t<div class=\"elementor-element elementor-element-6ffdbba elementor-widget elementor-widget-text-editor\" data-id=\"6ffdbba\" data-element_type=\"widget\" data-e-type=\"widget\" data-widget_type=\"text-editor.default\">\n\t\t\t\t<div class=\"elementor-widget-container\">\n\t\t\t\t\t\t\t\t\t<p><strong>Debate on regulation of immigration in Portugal<\/strong><\/p>\t\t\t\t\t\t\t\t<\/div>\n\t\t\t\t<\/div>\n\t\t\t\t<div class=\"elementor-element elementor-element-452dbed elementor-widget elementor-widget-text-editor\" data-id=\"452dbed\" data-element_type=\"widget\" data-e-type=\"widget\" data-widget_type=\"text-editor.default\">\n\t\t\t\t<div class=\"elementor-widget-container\">\n\t\t\t\t\t\t\t\t\t<p class=\"translation-block\">GEICS Interdisciplinary Studies Group in Social Sciences (Grupo de Estudos Interdisciplinares em Ci\u00eancias Sociais) of the University of Minho Interdisciplinary Centre of Social Sciences (Centro Interdisciplinar de Ci\u00eancias Sociais \u2013 Polo da Universidade do Minho) (CICS.NOVA.UMinho) hosted a debate on the legal reforms of the immigration and nationality laws currently ongoing in Portugal, with the title \u201cGEICS Conference: Portugal with open doors for whom? Migration and legislative reform proposals\u201d (Confer\u00eancia GEICS: Portugal de portas abertas para quem? Migra\u00e7\u00e3o e propostas de altera\u00e7\u00e3o legislativa). The debate was held online on 25 September 2025 with Patr\u00edcia Jer\u00f3nimo, Isabel Carvalhais (CICP &amp; EEG-UMinho), and Ana Paula Costa (IPRI &amp; Casa do Brasil) as speakers.<\/p>\t\t\t\t\t\t\t\t<\/div>\n\t\t\t\t<\/div>\n\t\t\t\t<section class=\"elementor-section elementor-inner-section elementor-element elementor-element-fa5e046 elementor-section-boxed elementor-section-height-default elementor-section-height-default\" data-id=\"fa5e046\" data-element_type=\"section\" data-e-type=\"section\">\n\t\t\t\t\t\t<div class=\"elementor-container elementor-column-gap-default\">\n\t\t\t\t\t<div class=\"elementor-column elementor-col-100 elementor-inner-column elementor-element elementor-element-e78e9d9 elementor-invisible\" data-id=\"e78e9d9\" data-element_type=\"column\" data-e-type=\"column\" data-settings=\"{&quot;animation&quot;:&quot;fadeInDown&quot;}\">\n\t\t\t<div class=\"elementor-widget-wrap elementor-element-populated\">\n\t\t\t\t\t\t<div class=\"elementor-element elementor-element-3206b8e elementor-widget elementor-widget-image\" data-id=\"3206b8e\" data-element_type=\"widget\" data-e-type=\"widget\" data-settings=\"{&quot;_animation&quot;:&quot;none&quot;}\" data-widget_type=\"image.default\">\n\t\t\t\t<div class=\"elementor-widget-container\">\n\t\t\t\t\t\t\t\t\t\t\t\t\t\t\t<img fetchpriority=\"high\" decoding=\"async\" width=\"768\" height=\"768\" src=\"https:\/\/inclusivecourts.pt\/wp-content\/uploads\/2025\/09\/imagem-noticia-25-768x768.jpg\" class=\"elementor-animation-grow attachment-medium_large size-medium_large wp-image-3308\" alt=\"\" srcset=\"https:\/\/inclusivecourts.pt\/wp-content\/uploads\/2025\/09\/imagem-noticia-25-768x768.jpg 768w, https:\/\/inclusivecourts.pt\/wp-content\/uploads\/2025\/09\/imagem-noticia-25-300x300.jpg 300w, https:\/\/inclusivecourts.pt\/wp-content\/uploads\/2025\/09\/imagem-noticia-25-150x150.jpg 150w, https:\/\/inclusivecourts.pt\/wp-content\/uploads\/2025\/09\/imagem-noticia-25-12x12.jpg 12w, https:\/\/inclusivecourts.pt\/wp-content\/uploads\/2025\/09\/imagem-noticia-25.jpg 810w\" sizes=\"(max-width: 768px) 100vw, 768px\" \/>\t\t\t\t\t\t\t\t\t\t\t\t\t\t\t<\/div>\n\t\t\t\t<\/div>\n\t\t\t\t\t<\/div>\n\t\t<\/div>\n\t\t\t\t\t<\/div>\n\t\t<\/section>\n\t\t\t\t\t<\/div>\n\t\t<\/div>\n\t\t\t\t\t<\/div>\n\t\t<\/section>\n\t\t\t\t<\/div>","protected":false},"excerpt":{"rendered":"<p>Debate sobre regula\u00e7\u00e3o da imigra\u00e7\u00e3o em Portugal O GEICS Grupo de Estudos Interdisciplinares em Ci\u00eancias Sociais, do Centro\u00a0Interdisciplinar de Ci\u00eancias Sociais \u2013 Polo da Universidade do Minho (CICS.NOVA.UMinho), promoveu um debate sobre as reformas legislativas em curso em Portugal em mat\u00e9ria de imigra\u00e7\u00e3o e nacionalidade, com o t\u00edtulo Confer\u00eancia GEICS: Portugal de portas abertas para&hellip;<\/p>","protected":false},"author":1,"featured_media":0,"parent":0,"menu_order":0,"comment_status":"closed","ping_status":"closed","template":"","meta":{"footnotes":""},"class_list":["post-3312","page","type-page","status-publish","hentry"],"_links":{"self":[{"href":"https:\/\/inclusivecourts.pt\/en\/wp-json\/wp\/v2\/pages\/3312","targetHints":{"allow":["GET"]}}],"collection":[{"href":"https:\/\/inclusivecourts.pt\/en\/wp-json\/wp\/v2\/pages"}],"about":[{"href":"https:\/\/inclusivecourts.pt\/en\/wp-json\/wp\/v2\/types\/page"}],"author":[{"embeddable":true,"href":"https:\/\/inclusivecourts.pt\/en\/wp-json\/wp\/v2\/users\/1"}],"replies":[{"embeddable":true,"href":"https:\/\/inclusivecourts.pt\/en\/wp-json\/wp\/v2\/comments?post=3312"}],"version-history":[{"count":4,"href":"https:\/\/inclusivecourts.pt\/en\/wp-json\/wp\/v2\/pages\/3312\/revisions"}],"predecessor-version":[{"id":3316,"href":"https:\/\/inclusivecourts.pt\/en\/wp-json\/wp\/v2\/pages\/3312\/revisions\/3316"}],"wp:attachment":[{"href":"https:\/\/inclusivecourts.pt\/en\/wp-json\/wp\/v2\/media?parent=3312"}],"curies":[{"name":"wp","href":"https:\/\/api.w.org\/{rel}","templated":true}]}}