{"id":3242,"date":"2025-07-21T14:34:34","date_gmt":"2025-07-21T14:34:34","guid":{"rendered":"https:\/\/inclusivecourts.pt\/?page_id=3242"},"modified":"2025-07-21T15:06:08","modified_gmt":"2025-07-21T15:06:08","slug":"noticia102","status":"publish","type":"page","link":"https:\/\/inclusivecourts.pt\/en\/noticia102\/","title":{"rendered":"Amendments to the Nationality Act debated in the +Cidadania podcast"},"content":{"rendered":"<div data-elementor-type=\"wp-page\" data-elementor-id=\"3242\" class=\"elementor elementor-3242\" data-elementor-post-type=\"page\">\n\t\t\t\t\t\t<section class=\"elementor-section elementor-top-section elementor-element elementor-element-b3b27e8 elementor-section-boxed elementor-section-height-default elementor-section-height-default\" data-id=\"b3b27e8\" data-element_type=\"section\" data-e-type=\"section\">\n\t\t\t\t\t\t<div class=\"elementor-container elementor-column-gap-default\">\n\t\t\t\t\t<div class=\"elementor-column elementor-col-100 elementor-top-column elementor-element elementor-element-950192f\" data-id=\"950192f\" data-element_type=\"column\" data-e-type=\"column\">\n\t\t\t<div class=\"elementor-widget-wrap elementor-element-populated\">\n\t\t\t\t\t\t<div class=\"elementor-element elementor-element-6ffdbba elementor-widget elementor-widget-text-editor\" data-id=\"6ffdbba\" data-element_type=\"widget\" data-e-type=\"widget\" data-widget_type=\"text-editor.default\">\n\t\t\t\t<div class=\"elementor-widget-container\">\n\t\t\t\t\t\t\t\t\t<p><strong>Amendments to the Nationality Act debated in the +Cidadania podcast<\/strong><\/p>\t\t\t\t\t\t\t\t<\/div>\n\t\t\t\t<\/div>\n\t\t\t\t<div class=\"elementor-element elementor-element-452dbed elementor-widget elementor-widget-text-editor\" data-id=\"452dbed\" data-element_type=\"widget\" data-e-type=\"widget\" data-widget_type=\"text-editor.default\">\n\t\t\t\t<div class=\"elementor-widget-container\">\n\t\t\t\t\t\t\t\t\t<p>The +Cidadania podcast of Antena 1, in its episode of 20 July 2025, discussed the proposed amendments to the Portuguese Nationality Act. Antena 1 journalist Cl\u00e1udia Aguiar Rodrigues hosted Cyntia de Paula, Vice-President of the Casa do Brasil and councillor for the Brazilian communities in the National Council for Migration and Asylum, and Patr\u00edcia Jer\u00f3nimo, Associate Professor at the Law School of the University of Minho and regional coordinator for Portuguese language countries at the GLOBALCIT Observatory of the European University Institute in Florence.<\/p><p>The episode is availbale <a href=\"https:\/\/www.rtp.pt\/play\/p14925\/e865267\/mais-cidadania\"><u>here<\/u><\/a>.<\/p>\t\t\t\t\t\t\t\t<\/div>\n\t\t\t\t<\/div>\n\t\t\t\t<section class=\"elementor-section elementor-inner-section elementor-element elementor-element-fa5e046 elementor-section-boxed elementor-section-height-default elementor-section-height-default\" data-id=\"fa5e046\" data-element_type=\"section\" data-e-type=\"section\">\n\t\t\t\t\t\t<div class=\"elementor-container elementor-column-gap-default\">\n\t\t\t\t\t<div class=\"elementor-column elementor-col-100 elementor-inner-column elementor-element elementor-element-e78e9d9 elementor-invisible\" data-id=\"e78e9d9\" data-element_type=\"column\" data-e-type=\"column\" data-settings=\"{&quot;animation&quot;:&quot;fadeInDown&quot;}\">\n\t\t\t<div class=\"elementor-widget-wrap elementor-element-populated\">\n\t\t\t\t\t\t<div class=\"elementor-element elementor-element-3206b8e elementor-widget elementor-widget-image\" data-id=\"3206b8e\" data-element_type=\"widget\" data-e-type=\"widget\" data-settings=\"{&quot;_animation&quot;:&quot;none&quot;}\" data-widget_type=\"image.default\">\n\t\t\t\t<div class=\"elementor-widget-container\">\n\t\t\t\t\t\t\t\t\t\t\t\t\t\t\t<img fetchpriority=\"high\" decoding=\"async\" width=\"768\" height=\"350\" src=\"https:\/\/inclusivecourts.pt\/wp-content\/uploads\/2025\/07\/Captura-de-Ecra-263-768x350.jpg\" class=\"elementor-animation-grow attachment-medium_large size-medium_large wp-image-3230\" alt=\"\" srcset=\"https:\/\/inclusivecourts.pt\/wp-content\/uploads\/2025\/07\/Captura-de-Ecra-263-768x350.jpg 768w, https:\/\/inclusivecourts.pt\/wp-content\/uploads\/2025\/07\/Captura-de-Ecra-263-300x137.jpg 300w, https:\/\/inclusivecourts.pt\/wp-content\/uploads\/2025\/07\/Captura-de-Ecra-263-1024x467.jpg 1024w, https:\/\/inclusivecourts.pt\/wp-content\/uploads\/2025\/07\/Captura-de-Ecra-263-18x8.jpg 18w, https:\/\/inclusivecourts.pt\/wp-content\/uploads\/2025\/07\/Captura-de-Ecra-263.jpg 1378w\" sizes=\"(max-width: 768px) 100vw, 768px\" \/>\t\t\t\t\t\t\t\t\t\t\t\t\t\t\t<\/div>\n\t\t\t\t<\/div>\n\t\t\t\t\t<\/div>\n\t\t<\/div>\n\t\t\t\t\t<\/div>\n\t\t<\/section>\n\t\t\t\t\t<\/div>\n\t\t<\/div>\n\t\t\t\t\t<\/div>\n\t\t<\/section>\n\t\t\t\t<\/div>","protected":false},"excerpt":{"rendered":"<p>Altera\u00e7\u00f5es \u00e0 Lei da Nacionalidade discutidas no podcast +Cidadania O podcast +Cidadania da Antena 1 dedicou o epis\u00f3dio de 20 de julho de 2025 \u00e0 discuss\u00e3o das altera\u00e7\u00f5es propostas \u00e0 Lei da Nacionalidade portuguesa. \u00c0 conversa estiveram Cl\u00e1udia Aguiar Rodrigues, jornalista da Antena 1, Cyntia de Paula, Vice Presidente da Casa do Brasil e conselheira&hellip;<\/p>","protected":false},"author":1,"featured_media":0,"parent":0,"menu_order":0,"comment_status":"closed","ping_status":"closed","template":"","meta":{"footnotes":""},"class_list":["post-3242","page","type-page","status-publish","hentry"],"_links":{"self":[{"href":"https:\/\/inclusivecourts.pt\/en\/wp-json\/wp\/v2\/pages\/3242","targetHints":{"allow":["GET"]}}],"collection":[{"href":"https:\/\/inclusivecourts.pt\/en\/wp-json\/wp\/v2\/pages"}],"about":[{"href":"https:\/\/inclusivecourts.pt\/en\/wp-json\/wp\/v2\/types\/page"}],"author":[{"embeddable":true,"href":"https:\/\/inclusivecourts.pt\/en\/wp-json\/wp\/v2\/users\/1"}],"replies":[{"embeddable":true,"href":"https:\/\/inclusivecourts.pt\/en\/wp-json\/wp\/v2\/comments?post=3242"}],"version-history":[{"count":4,"href":"https:\/\/inclusivecourts.pt\/en\/wp-json\/wp\/v2\/pages\/3242\/revisions"}],"predecessor-version":[{"id":3246,"href":"https:\/\/inclusivecourts.pt\/en\/wp-json\/wp\/v2\/pages\/3242\/revisions\/3246"}],"wp:attachment":[{"href":"https:\/\/inclusivecourts.pt\/en\/wp-json\/wp\/v2\/media?parent=3242"}],"curies":[{"name":"wp","href":"https:\/\/api.w.org\/{rel}","templated":true}]}}