{"id":3187,"date":"2025-04-07T13:14:51","date_gmt":"2025-04-07T13:14:51","guid":{"rendered":"https:\/\/inclusivecourts.pt\/?page_id=3187"},"modified":"2025-04-07T18:54:52","modified_gmt":"2025-04-07T18:54:52","slug":"noticia99","status":"publish","type":"page","link":"https:\/\/inclusivecourts.pt\/en\/noticia99\/","title":{"rendered":"Religious diversity discussed at the Complutense University of Madrid"},"content":{"rendered":"<div data-elementor-type=\"wp-page\" data-elementor-id=\"3187\" class=\"elementor elementor-3187\" data-elementor-post-type=\"page\">\n\t\t\t\t\t\t<section class=\"elementor-section elementor-top-section elementor-element elementor-element-b3b27e8 elementor-section-boxed elementor-section-height-default elementor-section-height-default\" data-id=\"b3b27e8\" data-element_type=\"section\" data-e-type=\"section\">\n\t\t\t\t\t\t<div class=\"elementor-container elementor-column-gap-default\">\n\t\t\t\t\t<div class=\"elementor-column elementor-col-100 elementor-top-column elementor-element elementor-element-950192f\" data-id=\"950192f\" data-element_type=\"column\" data-e-type=\"column\">\n\t\t\t<div class=\"elementor-widget-wrap elementor-element-populated\">\n\t\t\t\t\t\t<div class=\"elementor-element elementor-element-6ffdbba elementor-widget elementor-widget-text-editor\" data-id=\"6ffdbba\" data-element_type=\"widget\" data-e-type=\"widget\" data-widget_type=\"text-editor.default\">\n\t\t\t\t<div class=\"elementor-widget-container\">\n\t\t\t\t\t\t\t\t\t<p><strong>Religious diversity discussed at the Complutense University of Madrid<\/strong><\/p>\t\t\t\t\t\t\t\t<\/div>\n\t\t\t\t<\/div>\n\t\t\t\t<div class=\"elementor-element elementor-element-452dbed elementor-widget elementor-widget-text-editor\" data-id=\"452dbed\" data-element_type=\"widget\" data-e-type=\"widget\" data-widget_type=\"text-editor.default\">\n\t\t\t\t<div class=\"elementor-widget-container\">\n\t\t\t\t\t\t\t\t\t<p class=\"translation-block\">The Law Faculty of the Complutense University of Madrid hosted scholars from all over Europe for a two-day conference on the main challenges of the governance of religious diversity today. The conference was organized by Eugenia Rela\u00f1o Pastor, Principal Investigator of the project GODIRE (Gobernanza de la Diversidad Religiosa en Espa\u00f1a), and took place on 3 and 4 April 2025. Patr\u00edcia Jer\u00f3nimo was as guest speaker and gave a presentation on religious diversity in Portugal, focusing on the similarities and differences vis-\u00e0-vis Spain. In the same panel, on religious governance in comparative perspective, also spoke Montserrat Faz Aixendri (International University of Catalu\u00f1a), Francesco Alicino (Italian University LUM), and Rafael Palomino Lozano (Complutense University of Madrid).<\/p><p>The conference programme is available <a href=\"https:\/\/inclusivecourts.pt\/wp-content\/uploads\/2025\/04\/Final-Program-GODIRE-CONFERENCE.pdf\"><u>here<\/u>.<\/a><\/p>\t\t\t\t\t\t\t\t<\/div>\n\t\t\t\t<\/div>\n\t\t\t\t<section class=\"elementor-section elementor-inner-section elementor-element elementor-element-fa5e046 elementor-section-boxed elementor-section-height-default elementor-section-height-default\" data-id=\"fa5e046\" data-element_type=\"section\" data-e-type=\"section\">\n\t\t\t\t\t\t<div class=\"elementor-container elementor-column-gap-default\">\n\t\t\t\t\t<div class=\"elementor-column elementor-col-100 elementor-inner-column elementor-element elementor-element-e78e9d9 elementor-invisible\" data-id=\"e78e9d9\" data-element_type=\"column\" data-e-type=\"column\" data-settings=\"{&quot;animation&quot;:&quot;fadeInDown&quot;}\">\n\t\t\t<div class=\"elementor-widget-wrap elementor-element-populated\">\n\t\t\t\t\t\t<div class=\"elementor-element elementor-element-3206b8e elementor-widget elementor-widget-image\" data-id=\"3206b8e\" data-element_type=\"widget\" data-e-type=\"widget\" data-settings=\"{&quot;_animation&quot;:&quot;none&quot;}\" data-widget_type=\"image.default\">\n\t\t\t\t<div class=\"elementor-widget-container\">\n\t\t\t\t\t\t\t\t\t\t\t\t\t\t\t<img fetchpriority=\"high\" decoding=\"async\" width=\"768\" height=\"383\" src=\"https:\/\/inclusivecourts.pt\/wp-content\/uploads\/2025\/04\/Imagem-768x383.jpg\" class=\"elementor-animation-grow attachment-medium_large size-medium_large wp-image-3192\" alt=\"\" srcset=\"https:\/\/inclusivecourts.pt\/wp-content\/uploads\/2025\/04\/Imagem-768x383.jpg 768w, https:\/\/inclusivecourts.pt\/wp-content\/uploads\/2025\/04\/Imagem-300x150.jpg 300w, https:\/\/inclusivecourts.pt\/wp-content\/uploads\/2025\/04\/Imagem-1024x511.jpg 1024w, https:\/\/inclusivecourts.pt\/wp-content\/uploads\/2025\/04\/Imagem-18x9.jpg 18w, https:\/\/inclusivecourts.pt\/wp-content\/uploads\/2025\/04\/Imagem.jpg 1233w\" sizes=\"(max-width: 768px) 100vw, 768px\" \/>\t\t\t\t\t\t\t\t\t\t\t\t\t\t\t<\/div>\n\t\t\t\t<\/div>\n\t\t\t\t\t<\/div>\n\t\t<\/div>\n\t\t\t\t\t<\/div>\n\t\t<\/section>\n\t\t\t\t\t<\/div>\n\t\t<\/div>\n\t\t\t\t\t<\/div>\n\t\t<\/section>\n\t\t\t\t<\/div>","protected":false},"excerpt":{"rendered":"<p>Diversidade religiosa debatida na Universidade Complutense de Madrid A Faculdade de Direito da Universidade Complutense de Madrid recebeu acad\u00e9micos de toda a Europa para uma confer\u00eancia de dois dias sobre os principais desafios da governan\u00e7a da diversidade religiosa na atualidade. A confer\u00eancia foi organizada por Eugenia Rela\u00f1o Pastor, coordenadora cient\u00edfica do projeto GODIRE (Gobernanza de&hellip;<\/p>","protected":false},"author":1,"featured_media":0,"parent":0,"menu_order":0,"comment_status":"closed","ping_status":"closed","template":"","meta":{"footnotes":""},"class_list":["post-3187","page","type-page","status-publish","hentry"],"_links":{"self":[{"href":"https:\/\/inclusivecourts.pt\/en\/wp-json\/wp\/v2\/pages\/3187","targetHints":{"allow":["GET"]}}],"collection":[{"href":"https:\/\/inclusivecourts.pt\/en\/wp-json\/wp\/v2\/pages"}],"about":[{"href":"https:\/\/inclusivecourts.pt\/en\/wp-json\/wp\/v2\/types\/page"}],"author":[{"embeddable":true,"href":"https:\/\/inclusivecourts.pt\/en\/wp-json\/wp\/v2\/users\/1"}],"replies":[{"embeddable":true,"href":"https:\/\/inclusivecourts.pt\/en\/wp-json\/wp\/v2\/comments?post=3187"}],"version-history":[{"count":7,"href":"https:\/\/inclusivecourts.pt\/en\/wp-json\/wp\/v2\/pages\/3187\/revisions"}],"predecessor-version":[{"id":3195,"href":"https:\/\/inclusivecourts.pt\/en\/wp-json\/wp\/v2\/pages\/3187\/revisions\/3195"}],"wp:attachment":[{"href":"https:\/\/inclusivecourts.pt\/en\/wp-json\/wp\/v2\/media?parent=3187"}],"curies":[{"name":"wp","href":"https:\/\/api.w.org\/{rel}","templated":true}]}}