{"id":3155,"date":"2025-03-24T14:07:36","date_gmt":"2025-03-24T14:07:36","guid":{"rendered":"https:\/\/inclusivecourts.pt\/?page_id=3155"},"modified":"2025-03-24T14:12:45","modified_gmt":"2025-03-24T14:12:45","slug":"noticia97","status":"publish","type":"page","link":"https:\/\/inclusivecourts.pt\/en\/noticia97\/","title":{"rendered":"Research seminar on cultural diversity and judicial practice at the European University Institute"},"content":{"rendered":"<div data-elementor-type=\"wp-page\" data-elementor-id=\"3155\" class=\"elementor elementor-3155\" data-elementor-post-type=\"page\">\n\t\t\t\t\t\t<section class=\"elementor-section elementor-top-section elementor-element elementor-element-b3b27e8 elementor-section-boxed elementor-section-height-default elementor-section-height-default\" data-id=\"b3b27e8\" data-element_type=\"section\" data-e-type=\"section\">\n\t\t\t\t\t\t<div class=\"elementor-container elementor-column-gap-default\">\n\t\t\t\t\t<div class=\"elementor-column elementor-col-100 elementor-top-column elementor-element elementor-element-950192f\" data-id=\"950192f\" data-element_type=\"column\" data-e-type=\"column\">\n\t\t\t<div class=\"elementor-widget-wrap elementor-element-populated\">\n\t\t\t\t\t\t<div class=\"elementor-element elementor-element-6ffdbba elementor-widget elementor-widget-text-editor\" data-id=\"6ffdbba\" data-element_type=\"widget\" data-e-type=\"widget\" data-widget_type=\"text-editor.default\">\n\t\t\t\t<div class=\"elementor-widget-container\">\n\t\t\t\t\t\t\t\t\t<p><strong>Research seminar on cultural diversity and judicial practice at the European University Institute<\/strong><\/p>\t\t\t\t\t\t\t\t<\/div>\n\t\t\t\t<\/div>\n\t\t\t\t<div class=\"elementor-element elementor-element-452dbed elementor-widget elementor-widget-text-editor\" data-id=\"452dbed\" data-element_type=\"widget\" data-e-type=\"widget\" data-widget_type=\"text-editor.default\">\n\t\t\t\t<div class=\"elementor-widget-container\">\n\t\t\t\t\t\t\t\t\t<p>Patr\u00edcia Jer\u00f3nimo apresentou uma comunica\u00e7\u00e3o sobre diversidade cultural e pr\u00e1tica judicial (em Portugal e em perspetiva comparada), com base num texto intitulado \u201cCultural diversity and court practice in Europe: Evidence from Portugal\u201d, em que discutiu resultados da investiga\u00e7\u00e3o desenvolvida sobre a pr\u00e1tica dos tribunais portugueses enquanto Investigadora Respons\u00e1vel do projeto InclusiveCourts e enquanto colaboradora do projeto CUREDI. A sess\u00e3o teve lugar no dia 18 de mar\u00e7o de 2025, no Instituto Universit\u00e1rio Europeu em Floren\u00e7a, e decorreu no quadro da s\u00e9rie de semin\u00e1rios de investiga\u00e7\u00e3o do Robert Schuman Centre for Advanced Studies.<\/p>\t\t\t\t\t\t\t\t<\/div>\n\t\t\t\t<\/div>\n\t\t\t\t<section class=\"elementor-section elementor-inner-section elementor-element elementor-element-fa5e046 elementor-section-boxed elementor-section-height-default elementor-section-height-default\" data-id=\"fa5e046\" data-element_type=\"section\" data-e-type=\"section\">\n\t\t\t\t\t\t<div class=\"elementor-container elementor-column-gap-default\">\n\t\t\t\t\t<div class=\"elementor-column elementor-col-100 elementor-inner-column elementor-element elementor-element-e78e9d9 elementor-invisible\" data-id=\"e78e9d9\" data-element_type=\"column\" data-e-type=\"column\" data-settings=\"{&quot;animation&quot;:&quot;fadeInDown&quot;}\">\n\t\t\t<div class=\"elementor-widget-wrap elementor-element-populated\">\n\t\t\t\t\t\t<div class=\"elementor-element elementor-element-3206b8e elementor-widget elementor-widget-image\" data-id=\"3206b8e\" data-element_type=\"widget\" data-e-type=\"widget\" data-settings=\"{&quot;_animation&quot;:&quot;none&quot;}\" data-widget_type=\"image.default\">\n\t\t\t\t<div class=\"elementor-widget-container\">\n\t\t\t\t\t\t\t\t\t\t\t\t\t\t\t<img fetchpriority=\"high\" decoding=\"async\" width=\"768\" height=\"348\" src=\"https:\/\/inclusivecourts.pt\/wp-content\/uploads\/2025\/03\/imagem-noticia-1-768x348.jpg\" class=\"elementor-animation-grow attachment-medium_large size-medium_large wp-image-3157\" alt=\"\" srcset=\"https:\/\/inclusivecourts.pt\/wp-content\/uploads\/2025\/03\/imagem-noticia-1-768x348.jpg 768w, https:\/\/inclusivecourts.pt\/wp-content\/uploads\/2025\/03\/imagem-noticia-1-300x136.jpg 300w, https:\/\/inclusivecourts.pt\/wp-content\/uploads\/2025\/03\/imagem-noticia-1-1024x464.jpg 1024w, https:\/\/inclusivecourts.pt\/wp-content\/uploads\/2025\/03\/imagem-noticia-1-18x8.jpg 18w, https:\/\/inclusivecourts.pt\/wp-content\/uploads\/2025\/03\/imagem-noticia-1.jpg 1369w\" sizes=\"(max-width: 768px) 100vw, 768px\" \/>\t\t\t\t\t\t\t\t\t\t\t\t\t\t\t<\/div>\n\t\t\t\t<\/div>\n\t\t\t\t\t<\/div>\n\t\t<\/div>\n\t\t\t\t\t<\/div>\n\t\t<\/section>\n\t\t\t\t\t<\/div>\n\t\t<\/div>\n\t\t\t\t\t<\/div>\n\t\t<\/section>\n\t\t\t\t<\/div>","protected":false},"excerpt":{"rendered":"<p>Semin\u00e1rio de investiga\u00e7\u00e3o sobre diversidade cultural e pr\u00e1tica judicial no Instituto Universit\u00e1rio Europeu Patr\u00edcia Jer\u00f3nimo apresentou uma comunica\u00e7\u00e3o sobre diversidade cultural e pr\u00e1tica judicial (em Portugal e em perspetiva comparada), com base num texto intitulado \u201cCultural diversity and court practice in Europe: Evidence from Portugal\u201d, em que discutiu resultados da investiga\u00e7\u00e3o desenvolvida sobre a pr\u00e1tica&hellip;<\/p>","protected":false},"author":1,"featured_media":0,"parent":0,"menu_order":0,"comment_status":"closed","ping_status":"closed","template":"","meta":{"footnotes":""},"class_list":["post-3155","page","type-page","status-publish","hentry"],"_links":{"self":[{"href":"https:\/\/inclusivecourts.pt\/en\/wp-json\/wp\/v2\/pages\/3155","targetHints":{"allow":["GET"]}}],"collection":[{"href":"https:\/\/inclusivecourts.pt\/en\/wp-json\/wp\/v2\/pages"}],"about":[{"href":"https:\/\/inclusivecourts.pt\/en\/wp-json\/wp\/v2\/types\/page"}],"author":[{"embeddable":true,"href":"https:\/\/inclusivecourts.pt\/en\/wp-json\/wp\/v2\/users\/1"}],"replies":[{"embeddable":true,"href":"https:\/\/inclusivecourts.pt\/en\/wp-json\/wp\/v2\/comments?post=3155"}],"version-history":[{"count":4,"href":"https:\/\/inclusivecourts.pt\/en\/wp-json\/wp\/v2\/pages\/3155\/revisions"}],"predecessor-version":[{"id":3160,"href":"https:\/\/inclusivecourts.pt\/en\/wp-json\/wp\/v2\/pages\/3155\/revisions\/3160"}],"wp:attachment":[{"href":"https:\/\/inclusivecourts.pt\/en\/wp-json\/wp\/v2\/media?parent=3155"}],"curies":[{"name":"wp","href":"https:\/\/api.w.org\/{rel}","templated":true}]}}