{"id":3133,"date":"2025-02-24T13:29:09","date_gmt":"2025-02-24T13:29:09","guid":{"rendered":"https:\/\/inclusivecourts.pt\/?page_id=3133"},"modified":"2025-02-24T13:40:34","modified_gmt":"2025-02-24T13:40:34","slug":"noticia96","status":"publish","type":"page","link":"https:\/\/inclusivecourts.pt\/en\/noticia96\/","title":{"rendered":"Legal relevance of European values and culture debated at the EUI"},"content":{"rendered":"<div data-elementor-type=\"wp-page\" data-elementor-id=\"3133\" class=\"elementor elementor-3133\" data-elementor-post-type=\"page\">\n\t\t\t\t\t\t<section class=\"elementor-section elementor-top-section elementor-element elementor-element-b3b27e8 elementor-section-boxed elementor-section-height-default elementor-section-height-default\" data-id=\"b3b27e8\" data-element_type=\"section\" data-e-type=\"section\">\n\t\t\t\t\t\t<div class=\"elementor-container elementor-column-gap-default\">\n\t\t\t\t\t<div class=\"elementor-column elementor-col-100 elementor-top-column elementor-element elementor-element-950192f\" data-id=\"950192f\" data-element_type=\"column\" data-e-type=\"column\">\n\t\t\t<div class=\"elementor-widget-wrap elementor-element-populated\">\n\t\t\t\t\t\t<div class=\"elementor-element elementor-element-6ffdbba elementor-widget elementor-widget-text-editor\" data-id=\"6ffdbba\" data-element_type=\"widget\" data-e-type=\"widget\" data-widget_type=\"text-editor.default\">\n\t\t\t\t<div class=\"elementor-widget-container\">\n\t\t\t\t\t\t\t\t\t<p><strong>Legal relevance of European values and culture debated at the EUI \u00a0<\/strong><\/p>\t\t\t\t\t\t\t\t<\/div>\n\t\t\t\t<\/div>\n\t\t\t\t<div class=\"elementor-element elementor-element-452dbed elementor-widget elementor-widget-text-editor\" data-id=\"452dbed\" data-element_type=\"widget\" data-e-type=\"widget\" data-widget_type=\"text-editor.default\">\n\t\t\t\t<div class=\"elementor-widget-container\">\n\t\t\t\t\t\t\t\t\t<p class=\"translation-block\">The European Union Law Working Group of the Law Department at the European University Institute (EUI) hosted a panel discussion on the topic of Values and Culture as Normativity in European societies and European law, held on 21 February 2025, at Villa Salviati, in Florence.<\/p><p>O painel foi organizado por Nikko Kulke, do Max Planck Institute de Halle, que participou como orador ao lado de Nar\u00een Nosrati (LMU, M\u00fcnchen), Davide Tomaselli (Departamento de Direito, IUE), Joyce De Coninck (Departamento de Direito, IUE) e Patr\u00edcia Jer\u00f3nimo (Robert Schuman Centre, IUE), que partilhou resultados do projeto InclusiveCourts, dando conta do modo como os valores europeus e a cultura portuguesa (e do \u201cespa\u00e7o cultural alargado\u201d em que Portugal se insere) s\u00e3o mobilizados na jurisprud\u00eancia do Tribunal Constitucional portugu\u00eas. A modera\u00e7\u00e3o esteve a cargo de Renan Bodin (Departamento de Direito, IUE).<\/p>\t\t\t\t\t\t\t\t<\/div>\n\t\t\t\t<\/div>\n\t\t\t\t<section class=\"elementor-section elementor-inner-section elementor-element elementor-element-fa5e046 elementor-section-boxed elementor-section-height-default elementor-section-height-default\" data-id=\"fa5e046\" data-element_type=\"section\" data-e-type=\"section\">\n\t\t\t\t\t\t<div class=\"elementor-container elementor-column-gap-default\">\n\t\t\t\t\t<div class=\"elementor-column elementor-col-100 elementor-inner-column elementor-element elementor-element-e78e9d9 elementor-invisible\" data-id=\"e78e9d9\" data-element_type=\"column\" data-e-type=\"column\" data-settings=\"{&quot;animation&quot;:&quot;fadeInDown&quot;}\">\n\t\t\t<div class=\"elementor-widget-wrap elementor-element-populated\">\n\t\t\t\t\t\t<div class=\"elementor-element elementor-element-3206b8e elementor-widget elementor-widget-image\" data-id=\"3206b8e\" data-element_type=\"widget\" data-e-type=\"widget\" data-settings=\"{&quot;_animation&quot;:&quot;none&quot;}\" data-widget_type=\"image.default\">\n\t\t\t\t<div class=\"elementor-widget-container\">\n\t\t\t\t\t\t\t\t\t\t\t\t\t\t\t<img fetchpriority=\"high\" decoding=\"async\" width=\"768\" height=\"351\" src=\"https:\/\/inclusivecourts.pt\/wp-content\/uploads\/2025\/02\/imagem-noticia-21.02.2025-768x351.png\" class=\"elementor-animation-grow attachment-medium_large size-medium_large wp-image-3136\" alt=\"\" srcset=\"https:\/\/inclusivecourts.pt\/wp-content\/uploads\/2025\/02\/imagem-noticia-21.02.2025-768x351.png 768w, https:\/\/inclusivecourts.pt\/wp-content\/uploads\/2025\/02\/imagem-noticia-21.02.2025-300x137.png 300w, https:\/\/inclusivecourts.pt\/wp-content\/uploads\/2025\/02\/imagem-noticia-21.02.2025-1024x468.png 1024w, https:\/\/inclusivecourts.pt\/wp-content\/uploads\/2025\/02\/imagem-noticia-21.02.2025-1536x702.png 1536w, https:\/\/inclusivecourts.pt\/wp-content\/uploads\/2025\/02\/imagem-noticia-21.02.2025-18x8.png 18w, https:\/\/inclusivecourts.pt\/wp-content\/uploads\/2025\/02\/imagem-noticia-21.02.2025.png 1820w\" sizes=\"(max-width: 768px) 100vw, 768px\" \/>\t\t\t\t\t\t\t\t\t\t\t\t\t\t\t<\/div>\n\t\t\t\t<\/div>\n\t\t\t\t\t<\/div>\n\t\t<\/div>\n\t\t\t\t\t<\/div>\n\t\t<\/section>\n\t\t\t\t\t<\/div>\n\t\t<\/div>\n\t\t\t\t\t<\/div>\n\t\t<\/section>\n\t\t\t\t<\/div>","protected":false},"excerpt":{"rendered":"<p>Relev\u00e2ncia jur\u00eddica dos valores e cultura europeus em debate no IUE \u00a0 O Grupo de Trabalho sobre Direito da Uni\u00e3o Europeia, do Departamento de Direito do Instituto Universit\u00e1rio Europeu (IUE) promoveu um painel tem\u00e1tico subordinado ao tema Valores e Cultura como Normatividade nas Sociedades Europeias e no Direito da Uni\u00e3o Europeia, que decorreu no dia&hellip;<\/p>","protected":false},"author":1,"featured_media":0,"parent":0,"menu_order":0,"comment_status":"closed","ping_status":"closed","template":"","meta":{"footnotes":""},"class_list":["post-3133","page","type-page","status-publish","hentry"],"_links":{"self":[{"href":"https:\/\/inclusivecourts.pt\/en\/wp-json\/wp\/v2\/pages\/3133","targetHints":{"allow":["GET"]}}],"collection":[{"href":"https:\/\/inclusivecourts.pt\/en\/wp-json\/wp\/v2\/pages"}],"about":[{"href":"https:\/\/inclusivecourts.pt\/en\/wp-json\/wp\/v2\/types\/page"}],"author":[{"embeddable":true,"href":"https:\/\/inclusivecourts.pt\/en\/wp-json\/wp\/v2\/users\/1"}],"replies":[{"embeddable":true,"href":"https:\/\/inclusivecourts.pt\/en\/wp-json\/wp\/v2\/comments?post=3133"}],"version-history":[{"count":4,"href":"https:\/\/inclusivecourts.pt\/en\/wp-json\/wp\/v2\/pages\/3133\/revisions"}],"predecessor-version":[{"id":3139,"href":"https:\/\/inclusivecourts.pt\/en\/wp-json\/wp\/v2\/pages\/3133\/revisions\/3139"}],"wp:attachment":[{"href":"https:\/\/inclusivecourts.pt\/en\/wp-json\/wp\/v2\/media?parent=3133"}],"curies":[{"name":"wp","href":"https:\/\/api.w.org\/{rel}","templated":true}]}}