{"id":3111,"date":"2025-01-30T14:41:59","date_gmt":"2025-01-30T14:41:59","guid":{"rendered":"https:\/\/inclusivecourts.pt\/?page_id=3111"},"modified":"2025-01-30T14:44:57","modified_gmt":"2025-01-30T14:44:57","slug":"noticia95","status":"publish","type":"page","link":"https:\/\/inclusivecourts.pt\/en\/noticia95\/","title":{"rendered":"Launch of the Dictionary of European Values and Citizenship"},"content":{"rendered":"<div data-elementor-type=\"wp-page\" data-elementor-id=\"3111\" class=\"elementor elementor-3111\" data-elementor-post-type=\"page\">\n\t\t\t\t\t\t<section class=\"elementor-section elementor-top-section elementor-element elementor-element-b3b27e8 elementor-section-boxed elementor-section-height-default elementor-section-height-default\" data-id=\"b3b27e8\" data-element_type=\"section\" data-e-type=\"section\">\n\t\t\t\t\t\t<div class=\"elementor-container elementor-column-gap-default\">\n\t\t\t\t\t<div class=\"elementor-column elementor-col-100 elementor-top-column elementor-element elementor-element-950192f\" data-id=\"950192f\" data-element_type=\"column\" data-e-type=\"column\">\n\t\t\t<div class=\"elementor-widget-wrap elementor-element-populated\">\n\t\t\t\t\t\t<div class=\"elementor-element elementor-element-6ffdbba elementor-widget elementor-widget-text-editor\" data-id=\"6ffdbba\" data-element_type=\"widget\" data-e-type=\"widget\" data-widget_type=\"text-editor.default\">\n\t\t\t\t<div class=\"elementor-widget-container\">\n\t\t\t\t\t\t\t\t\t<p><strong>Launch of the Dictionary of European Values and Citizenship<\/strong><\/p>\t\t\t\t\t\t\t\t<\/div>\n\t\t\t\t<\/div>\n\t\t\t\t<div class=\"elementor-element elementor-element-452dbed elementor-widget elementor-widget-text-editor\" data-id=\"452dbed\" data-element_type=\"widget\" data-e-type=\"widget\" data-widget_type=\"text-editor.default\">\n\t\t\t\t<div class=\"elementor-widget-container\">\n\t\t\t\t\t\t\t\t\t<p>O Dicion\u00e1rio dos Valores e Cidadania Europeia, coordenado por Isabel Baltazar e F\u00e1tima Pacheco, foi apresentado ao p\u00fablico no dia 29 de janeiro de 2025. A sess\u00e3o de lan\u00e7amento, que decorreu na Funda\u00e7\u00e3o Calouste Gulbenkian, contou com interven\u00e7\u00f5es de Ana Paula Zacarias, Guilherme D&#8217;Oliveira Martins e Manuel Porto.<\/p><p>O Dicion\u00e1rio integra-se na C\u00e1tedra UNESCO &#8220;A Cidade que Educa e que Transforma&#8221; e foi publicado pela editora Petrony com o apoio do Instituto Diplom\u00e1tico do Minist\u00e9rio dos Neg\u00f3cios Estrangeiros e o Alto Patroc\u00ednio do Presidente da Rep\u00fablica.<\/p><p>A. Sofia Pinto Oliveira e Patr\u00edcia Jer\u00f3nimo contribu\u00edram para o Dicion\u00e1rio com entradas intituladas \u201cAsilo\u201d e \u201cMinorias\u201d, respetivamente.<\/p>\t\t\t\t\t\t\t\t<\/div>\n\t\t\t\t<\/div>\n\t\t\t\t<section class=\"elementor-section elementor-inner-section elementor-element elementor-element-fa5e046 elementor-section-boxed elementor-section-height-default elementor-section-height-default\" data-id=\"fa5e046\" data-element_type=\"section\" data-e-type=\"section\">\n\t\t\t\t\t\t<div class=\"elementor-container elementor-column-gap-default\">\n\t\t\t\t\t<div class=\"elementor-column elementor-col-100 elementor-inner-column elementor-element elementor-element-e78e9d9 elementor-invisible\" data-id=\"e78e9d9\" data-element_type=\"column\" data-e-type=\"column\" data-settings=\"{&quot;animation&quot;:&quot;fadeInDown&quot;}\">\n\t\t\t<div class=\"elementor-widget-wrap elementor-element-populated\">\n\t\t\t\t\t\t<div class=\"elementor-element elementor-element-3206b8e elementor-widget elementor-widget-image\" data-id=\"3206b8e\" data-element_type=\"widget\" data-e-type=\"widget\" data-settings=\"{&quot;_animation&quot;:&quot;none&quot;}\" data-widget_type=\"image.default\">\n\t\t\t\t<div class=\"elementor-widget-container\">\n\t\t\t\t\t\t\t\t\t\t\t\t\t\t\t<img fetchpriority=\"high\" decoding=\"async\" width=\"768\" height=\"451\" src=\"https:\/\/inclusivecourts.pt\/wp-content\/uploads\/2025\/01\/Convite_dicionario-01-768x451.jpg\" class=\"elementor-animation-grow attachment-medium_large size-medium_large wp-image-3113\" alt=\"\" srcset=\"https:\/\/inclusivecourts.pt\/wp-content\/uploads\/2025\/01\/Convite_dicionario-01-768x451.jpg 768w, https:\/\/inclusivecourts.pt\/wp-content\/uploads\/2025\/01\/Convite_dicionario-01-300x176.jpg 300w, https:\/\/inclusivecourts.pt\/wp-content\/uploads\/2025\/01\/Convite_dicionario-01-18x12.jpg 18w, https:\/\/inclusivecourts.pt\/wp-content\/uploads\/2025\/01\/Convite_dicionario-01.jpg 800w\" sizes=\"(max-width: 768px) 100vw, 768px\" \/>\t\t\t\t\t\t\t\t\t\t\t\t\t\t\t<\/div>\n\t\t\t\t<\/div>\n\t\t\t\t\t<\/div>\n\t\t<\/div>\n\t\t\t\t\t<\/div>\n\t\t<\/section>\n\t\t\t\t\t<\/div>\n\t\t<\/div>\n\t\t\t\t\t<\/div>\n\t\t<\/section>\n\t\t\t\t<\/div>","protected":false},"excerpt":{"rendered":"<p>Lan\u00e7amento do Dicion\u00e1rio dos Valores e Cidadania Europeia O Dicion\u00e1rio dos Valores e Cidadania Europeia, coordenado por Isabel Baltazar e F\u00e1tima Pacheco, foi apresentado ao p\u00fablico no dia 29 de janeiro de 2025. A sess\u00e3o de lan\u00e7amento, que decorreu na Funda\u00e7\u00e3o Calouste Gulbenkian, contou com interven\u00e7\u00f5es de Ana Paula Zacarias, Guilherme D&#8217;Oliveira Martins e Manuel&hellip;<\/p>","protected":false},"author":1,"featured_media":0,"parent":0,"menu_order":0,"comment_status":"closed","ping_status":"closed","template":"","meta":{"footnotes":""},"class_list":["post-3111","page","type-page","status-publish","hentry"],"_links":{"self":[{"href":"https:\/\/inclusivecourts.pt\/en\/wp-json\/wp\/v2\/pages\/3111","targetHints":{"allow":["GET"]}}],"collection":[{"href":"https:\/\/inclusivecourts.pt\/en\/wp-json\/wp\/v2\/pages"}],"about":[{"href":"https:\/\/inclusivecourts.pt\/en\/wp-json\/wp\/v2\/types\/page"}],"author":[{"embeddable":true,"href":"https:\/\/inclusivecourts.pt\/en\/wp-json\/wp\/v2\/users\/1"}],"replies":[{"embeddable":true,"href":"https:\/\/inclusivecourts.pt\/en\/wp-json\/wp\/v2\/comments?post=3111"}],"version-history":[{"count":4,"href":"https:\/\/inclusivecourts.pt\/en\/wp-json\/wp\/v2\/pages\/3111\/revisions"}],"predecessor-version":[{"id":3116,"href":"https:\/\/inclusivecourts.pt\/en\/wp-json\/wp\/v2\/pages\/3111\/revisions\/3116"}],"wp:attachment":[{"href":"https:\/\/inclusivecourts.pt\/en\/wp-json\/wp\/v2\/media?parent=3111"}],"curies":[{"name":"wp","href":"https:\/\/api.w.org\/{rel}","templated":true}]}}