{"id":3045,"date":"2024-12-20T16:25:24","date_gmt":"2024-12-20T16:25:24","guid":{"rendered":"https:\/\/inclusivecourts.pt\/?page_id=3045"},"modified":"2024-12-23T12:47:57","modified_gmt":"2024-12-23T12:47:57","slug":"noticia92","status":"publish","type":"page","link":"https:\/\/inclusivecourts.pt\/en\/noticia92\/","title":{"rendered":"CUREDI Annual Conference discusses legal protection for personal identities"},"content":{"rendered":"<div data-elementor-type=\"wp-page\" data-elementor-id=\"3045\" class=\"elementor elementor-3045\" data-elementor-post-type=\"page\">\n\t\t\t\t\t\t<section class=\"elementor-section elementor-top-section elementor-element elementor-element-b3b27e8 elementor-section-boxed elementor-section-height-default elementor-section-height-default\" data-id=\"b3b27e8\" data-element_type=\"section\" data-e-type=\"section\">\n\t\t\t\t\t\t<div class=\"elementor-container elementor-column-gap-default\">\n\t\t\t\t\t<div class=\"elementor-column elementor-col-100 elementor-top-column elementor-element elementor-element-950192f\" data-id=\"950192f\" data-element_type=\"column\" data-e-type=\"column\">\n\t\t\t<div class=\"elementor-widget-wrap elementor-element-populated\">\n\t\t\t\t\t\t<div class=\"elementor-element elementor-element-6ffdbba elementor-widget elementor-widget-text-editor\" data-id=\"6ffdbba\" data-element_type=\"widget\" data-e-type=\"widget\" data-widget_type=\"text-editor.default\">\n\t\t\t\t<div class=\"elementor-widget-container\">\n\t\t\t\t\t\t\t\t\t<p><strong>CUREDI Annual Conference discusses legal protection for personal identities<\/strong><\/p>\t\t\t\t\t\t\t\t<\/div>\n\t\t\t\t<\/div>\n\t\t\t\t<div class=\"elementor-element elementor-element-452dbed elementor-widget elementor-widget-text-editor\" data-id=\"452dbed\" data-element_type=\"widget\" data-e-type=\"widget\" data-widget_type=\"text-editor.default\">\n\t\t\t\t<div class=\"elementor-widget-container\">\n\t\t\t\t\t\t\t\t\t<p>Between 27 and 29 November 2024, the Max Planck Institute for Social Anthropologie, in Halle, Germany, hosted the annual conference of the project CUREDI, which is coordinated by Marie-Claire Foblets. The conference\u2019s overall title was Personal identities and the question of their protection under state law. Patr\u00edcia Jer\u00f3nimo, who collaborates in the project as country-expert for Portugal, presented a report on cultural diversity and freedom of religion in Portual, and participated as discussant of the case-note presented by Eugenia Rela\u00f1o Pastor.<\/p><p>The conference programme is available <a href=\"https:\/\/inclusivecourts.pt\/wp-content\/uploads\/2024\/12\/programa-noticia-1.pdf\"><u>here.<\/u><\/a><\/p>\t\t\t\t\t\t\t\t<\/div>\n\t\t\t\t<\/div>\n\t\t\t\t<section class=\"elementor-section elementor-inner-section elementor-element elementor-element-fa5e046 elementor-section-boxed elementor-section-height-default elementor-section-height-default\" data-id=\"fa5e046\" data-element_type=\"section\" data-e-type=\"section\">\n\t\t\t\t\t\t<div class=\"elementor-container elementor-column-gap-default\">\n\t\t\t\t\t<div class=\"elementor-column elementor-col-100 elementor-inner-column elementor-element elementor-element-e78e9d9 elementor-invisible\" data-id=\"e78e9d9\" data-element_type=\"column\" data-e-type=\"column\" data-settings=\"{&quot;animation&quot;:&quot;fadeInDown&quot;}\">\n\t\t\t<div class=\"elementor-widget-wrap elementor-element-populated\">\n\t\t\t\t\t\t<div class=\"elementor-element elementor-element-3206b8e elementor-widget elementor-widget-image\" data-id=\"3206b8e\" data-element_type=\"widget\" data-e-type=\"widget\" data-settings=\"{&quot;_animation&quot;:&quot;none&quot;}\" data-widget_type=\"image.default\">\n\t\t\t\t<div class=\"elementor-widget-container\">\n\t\t\t\t\t\t\t\t\t\t\t\t\t\t\t<img fetchpriority=\"high\" decoding=\"async\" width=\"299\" height=\"168\" src=\"https:\/\/inclusivecourts.pt\/wp-content\/uploads\/2024\/12\/noticia-1.jpg\" class=\"elementor-animation-grow attachment-medium_large size-medium_large wp-image-3039\" alt=\"\" srcset=\"https:\/\/inclusivecourts.pt\/wp-content\/uploads\/2024\/12\/noticia-1.jpg 299w, https:\/\/inclusivecourts.pt\/wp-content\/uploads\/2024\/12\/noticia-1-18x10.jpg 18w\" sizes=\"(max-width: 299px) 100vw, 299px\" \/>\t\t\t\t\t\t\t\t\t\t\t\t\t\t\t<\/div>\n\t\t\t\t<\/div>\n\t\t\t\t\t<\/div>\n\t\t<\/div>\n\t\t\t\t\t<\/div>\n\t\t<\/section>\n\t\t\t\t\t<\/div>\n\t\t<\/div>\n\t\t\t\t\t<\/div>\n\t\t<\/section>\n\t\t\t\t<\/div>","protected":false},"excerpt":{"rendered":"<p>Confer\u00eancia anual do CUREDI discute prote\u00e7\u00e3o jur\u00eddica das identidades individuais O Max Planck Institute for Social Anthropologie, de Halle, na Alemanha, acolheu entre 27 e 29 de novembro de 2024 a confer\u00eancia anual do projeto CUREDI, coordenado por Marie-Claire Foblets. A confer\u00eancia teve como tema geral a quest\u00e3o das identidades pessoais e da sua prote\u00e7\u00e3o&hellip;<\/p>","protected":false},"author":1,"featured_media":0,"parent":0,"menu_order":0,"comment_status":"closed","ping_status":"closed","template":"","meta":{"footnotes":""},"class_list":["post-3045","page","type-page","status-publish","hentry"],"_links":{"self":[{"href":"https:\/\/inclusivecourts.pt\/en\/wp-json\/wp\/v2\/pages\/3045","targetHints":{"allow":["GET"]}}],"collection":[{"href":"https:\/\/inclusivecourts.pt\/en\/wp-json\/wp\/v2\/pages"}],"about":[{"href":"https:\/\/inclusivecourts.pt\/en\/wp-json\/wp\/v2\/types\/page"}],"author":[{"embeddable":true,"href":"https:\/\/inclusivecourts.pt\/en\/wp-json\/wp\/v2\/users\/1"}],"replies":[{"embeddable":true,"href":"https:\/\/inclusivecourts.pt\/en\/wp-json\/wp\/v2\/comments?post=3045"}],"version-history":[{"count":7,"href":"https:\/\/inclusivecourts.pt\/en\/wp-json\/wp\/v2\/pages\/3045\/revisions"}],"predecessor-version":[{"id":3072,"href":"https:\/\/inclusivecourts.pt\/en\/wp-json\/wp\/v2\/pages\/3045\/revisions\/3072"}],"wp:attachment":[{"href":"https:\/\/inclusivecourts.pt\/en\/wp-json\/wp\/v2\/media?parent=3045"}],"curies":[{"name":"wp","href":"https:\/\/api.w.org\/{rel}","templated":true}]}}