{"id":3009,"date":"2024-10-30T13:53:34","date_gmt":"2024-10-30T13:53:34","guid":{"rendered":"https:\/\/inclusivecourts.pt\/?page_id=3009"},"modified":"2024-10-30T14:04:07","modified_gmt":"2024-10-30T14:04:07","slug":"noticia91","status":"publish","type":"page","link":"https:\/\/inclusivecourts.pt\/en\/noticia91\/","title":{"rendered":"Democracy Building and Constitutional Justice"},"content":{"rendered":"<div data-elementor-type=\"wp-page\" data-elementor-id=\"3009\" class=\"elementor elementor-3009\" data-elementor-post-type=\"page\">\n\t\t\t\t\t\t<section class=\"elementor-section elementor-top-section elementor-element elementor-element-b3b27e8 elementor-section-boxed elementor-section-height-default elementor-section-height-default\" data-id=\"b3b27e8\" data-element_type=\"section\" data-e-type=\"section\">\n\t\t\t\t\t\t<div class=\"elementor-container elementor-column-gap-default\">\n\t\t\t\t\t<div class=\"elementor-column elementor-col-100 elementor-top-column elementor-element elementor-element-950192f\" data-id=\"950192f\" data-element_type=\"column\" data-e-type=\"column\">\n\t\t\t<div class=\"elementor-widget-wrap elementor-element-populated\">\n\t\t\t\t\t\t<div class=\"elementor-element elementor-element-6ffdbba elementor-widget elementor-widget-text-editor\" data-id=\"6ffdbba\" data-element_type=\"widget\" data-e-type=\"widget\" data-widget_type=\"text-editor.default\">\n\t\t\t\t<div class=\"elementor-widget-container\">\n\t\t\t\t\t\t\t\t\t<p><strong>Democracy Building and Constitutional Justice<\/strong><\/p>\t\t\t\t\t\t\t\t<\/div>\n\t\t\t\t<\/div>\n\t\t\t\t<div class=\"elementor-element elementor-element-452dbed elementor-widget elementor-widget-text-editor\" data-id=\"452dbed\" data-element_type=\"widget\" data-e-type=\"widget\" data-widget_type=\"text-editor.default\">\n\t\t\t\t<div class=\"elementor-widget-container\">\n\t\t\t\t\t\t\t\t\t<p class=\"translation-block\">The Portuguese Constitutional Court co-organised, with the Committee for the Commemorations of the 50 years of the Carnation Revolution, a conference on the topic of Democracy Building and Constitutional Justice, which was held at the Lisbon Science Academy, on 24 October 2024.<\/p><p class=\"translation-block\">InclusiveCourts researcher A. Sofia Pinto Oliveira was one of the guest speakers, having taken part in the panel on Integration and Inclusions (Portugal in the world: Immigration, asylum and nationality acquisition), together with Maria Jos\u00e9 Rangel Mesquita, Constitutional Court Justice between 2012 and 2021, under the chairmanship of Gon\u00e7alo de Almeida Ribeiro, Vice-President of the Constitutional Court.<\/p><p>The conference programme is available <a href=\"https:\/\/www.conferencia25abril.tribunalconstitucional.pt\/programa\"><u>here<\/u><\/a>.<\/p>\t\t\t\t\t\t\t\t<\/div>\n\t\t\t\t<\/div>\n\t\t\t\t<section class=\"elementor-section elementor-inner-section elementor-element elementor-element-fa5e046 elementor-section-boxed elementor-section-height-default elementor-section-height-default\" data-id=\"fa5e046\" data-element_type=\"section\" data-e-type=\"section\">\n\t\t\t\t\t\t<div class=\"elementor-container elementor-column-gap-default\">\n\t\t\t\t\t<div class=\"elementor-column elementor-col-100 elementor-inner-column elementor-element elementor-element-e78e9d9 elementor-invisible\" data-id=\"e78e9d9\" data-element_type=\"column\" data-e-type=\"column\" data-settings=\"{&quot;animation&quot;:&quot;fadeInDown&quot;}\">\n\t\t\t<div class=\"elementor-widget-wrap elementor-element-populated\">\n\t\t\t\t\t\t<div class=\"elementor-element elementor-element-3206b8e elementor-widget elementor-widget-image\" data-id=\"3206b8e\" data-element_type=\"widget\" data-e-type=\"widget\" data-settings=\"{&quot;_animation&quot;:&quot;none&quot;}\" data-widget_type=\"image.default\">\n\t\t\t\t<div class=\"elementor-widget-container\">\n\t\t\t\t\t\t\t\t\t\t\t\t\t\t\t<img fetchpriority=\"high\" decoding=\"async\" width=\"768\" height=\"362\" src=\"https:\/\/inclusivecourts.pt\/wp-content\/uploads\/2024\/10\/imagem-noticia-TC-768x362.jpg\" class=\"elementor-animation-grow attachment-medium_large size-medium_large wp-image-3005\" alt=\"\" srcset=\"https:\/\/inclusivecourts.pt\/wp-content\/uploads\/2024\/10\/imagem-noticia-TC-768x362.jpg 768w, https:\/\/inclusivecourts.pt\/wp-content\/uploads\/2024\/10\/imagem-noticia-TC-300x141.jpg 300w, https:\/\/inclusivecourts.pt\/wp-content\/uploads\/2024\/10\/imagem-noticia-TC-18x8.jpg 18w, https:\/\/inclusivecourts.pt\/wp-content\/uploads\/2024\/10\/imagem-noticia-TC.jpg 1000w\" sizes=\"(max-width: 768px) 100vw, 768px\" \/>\t\t\t\t\t\t\t\t\t\t\t\t\t\t\t<\/div>\n\t\t\t\t<\/div>\n\t\t\t\t\t<\/div>\n\t\t<\/div>\n\t\t\t\t\t<\/div>\n\t\t<\/section>\n\t\t\t\t<section class=\"elementor-section elementor-inner-section elementor-element elementor-element-411f800 elementor-section-boxed elementor-section-height-default elementor-section-height-default\" data-id=\"411f800\" data-element_type=\"section\" data-e-type=\"section\">\n\t\t\t\t\t\t<div class=\"elementor-container elementor-column-gap-default\">\n\t\t\t\t\t<div class=\"elementor-column elementor-col-100 elementor-inner-column elementor-element elementor-element-5e6556f elementor-invisible\" data-id=\"5e6556f\" data-element_type=\"column\" data-e-type=\"column\" data-settings=\"{&quot;animation&quot;:&quot;fadeInDown&quot;}\">\n\t\t\t<div class=\"elementor-widget-wrap elementor-element-populated\">\n\t\t\t\t\t\t<div class=\"elementor-element elementor-element-ea3587e elementor-widget elementor-widget-image\" data-id=\"ea3587e\" data-element_type=\"widget\" data-e-type=\"widget\" data-settings=\"{&quot;_animation&quot;:&quot;none&quot;}\" data-widget_type=\"image.default\">\n\t\t\t\t<div class=\"elementor-widget-container\">\n\t\t\t\t\t\t\t\t\t\t\t\t\t\t\t<img decoding=\"async\" width=\"768\" height=\"576\" src=\"https:\/\/inclusivecourts.pt\/wp-content\/uploads\/2024\/10\/Construcao-da-Democracia-e-Justica-Constitucional_24.10.2024-768x576.jpg\" class=\"elementor-animation-grow attachment-medium_large size-medium_large wp-image-3004\" alt=\"\" srcset=\"https:\/\/inclusivecourts.pt\/wp-content\/uploads\/2024\/10\/Construcao-da-Democracia-e-Justica-Constitucional_24.10.2024-768x576.jpg 768w, https:\/\/inclusivecourts.pt\/wp-content\/uploads\/2024\/10\/Construcao-da-Democracia-e-Justica-Constitucional_24.10.2024-300x225.jpg 300w, https:\/\/inclusivecourts.pt\/wp-content\/uploads\/2024\/10\/Construcao-da-Democracia-e-Justica-Constitucional_24.10.2024-1024x768.jpg 1024w, https:\/\/inclusivecourts.pt\/wp-content\/uploads\/2024\/10\/Construcao-da-Democracia-e-Justica-Constitucional_24.10.2024-1536x1152.jpg 1536w, https:\/\/inclusivecourts.pt\/wp-content\/uploads\/2024\/10\/Construcao-da-Democracia-e-Justica-Constitucional_24.10.2024-16x12.jpg 16w, https:\/\/inclusivecourts.pt\/wp-content\/uploads\/2024\/10\/Construcao-da-Democracia-e-Justica-Constitucional_24.10.2024-160x120.jpg 160w, https:\/\/inclusivecourts.pt\/wp-content\/uploads\/2024\/10\/Construcao-da-Democracia-e-Justica-Constitucional_24.10.2024.jpg 1600w\" sizes=\"(max-width: 768px) 100vw, 768px\" \/>\t\t\t\t\t\t\t\t\t\t\t\t\t\t\t<\/div>\n\t\t\t\t<\/div>\n\t\t\t\t\t<\/div>\n\t\t<\/div>\n\t\t\t\t\t<\/div>\n\t\t<\/section>\n\t\t\t\t\t<\/div>\n\t\t<\/div>\n\t\t\t\t\t<\/div>\n\t\t<\/section>\n\t\t\t\t<\/div>","protected":false},"excerpt":{"rendered":"<p>Constru\u00e7\u00e3o da Democracia e Justi\u00e7a Constitucional O Tribunal Constitucional organizou, em parceria com a Comiss\u00e3o para as Comemora\u00e7\u00f5es dos 50 anos do 25 de Abril, uma confer\u00eancia subordinada ao tema Constru\u00e7\u00e3o da Democracia e Justi\u00e7a Constitucional, que decorreu na Academia das Ci\u00eancias de Lisboa, no dia 24 de outubro de 2024. A. Sofia Pinto Oliveira,&hellip;<\/p>","protected":false},"author":1,"featured_media":0,"parent":0,"menu_order":0,"comment_status":"closed","ping_status":"closed","template":"","meta":{"footnotes":""},"class_list":["post-3009","page","type-page","status-publish","hentry"],"_links":{"self":[{"href":"https:\/\/inclusivecourts.pt\/en\/wp-json\/wp\/v2\/pages\/3009","targetHints":{"allow":["GET"]}}],"collection":[{"href":"https:\/\/inclusivecourts.pt\/en\/wp-json\/wp\/v2\/pages"}],"about":[{"href":"https:\/\/inclusivecourts.pt\/en\/wp-json\/wp\/v2\/types\/page"}],"author":[{"embeddable":true,"href":"https:\/\/inclusivecourts.pt\/en\/wp-json\/wp\/v2\/users\/1"}],"replies":[{"embeddable":true,"href":"https:\/\/inclusivecourts.pt\/en\/wp-json\/wp\/v2\/comments?post=3009"}],"version-history":[{"count":4,"href":"https:\/\/inclusivecourts.pt\/en\/wp-json\/wp\/v2\/pages\/3009\/revisions"}],"predecessor-version":[{"id":3013,"href":"https:\/\/inclusivecourts.pt\/en\/wp-json\/wp\/v2\/pages\/3009\/revisions\/3013"}],"wp:attachment":[{"href":"https:\/\/inclusivecourts.pt\/en\/wp-json\/wp\/v2\/media?parent=3009"}],"curies":[{"name":"wp","href":"https:\/\/api.w.org\/{rel}","templated":true}]}}