{"id":2909,"date":"2024-06-21T15:22:41","date_gmt":"2024-06-21T15:22:41","guid":{"rendered":"https:\/\/inclusivecourts.pt\/?page_id=2909"},"modified":"2024-06-21T21:15:05","modified_gmt":"2024-06-21T21:15:05","slug":"noticia87","status":"publish","type":"page","link":"https:\/\/inclusivecourts.pt\/en\/noticia87\/","title":{"rendered":"International symposium on citizenship in colonial and post-colonial settings"},"content":{"rendered":"<div data-elementor-type=\"wp-page\" data-elementor-id=\"2909\" class=\"elementor elementor-2909\" data-elementor-post-type=\"page\">\n\t\t\t\t\t\t<section class=\"elementor-section elementor-top-section elementor-element elementor-element-b3b27e8 elementor-section-boxed elementor-section-height-default elementor-section-height-default\" data-id=\"b3b27e8\" data-element_type=\"section\" data-e-type=\"section\">\n\t\t\t\t\t\t<div class=\"elementor-container elementor-column-gap-default\">\n\t\t\t\t\t<div class=\"elementor-column elementor-col-100 elementor-top-column elementor-element elementor-element-950192f\" data-id=\"950192f\" data-element_type=\"column\" data-e-type=\"column\">\n\t\t\t<div class=\"elementor-widget-wrap elementor-element-populated\">\n\t\t\t\t\t\t<div class=\"elementor-element elementor-element-6ffdbba elementor-widget elementor-widget-text-editor\" data-id=\"6ffdbba\" data-element_type=\"widget\" data-e-type=\"widget\" data-widget_type=\"text-editor.default\">\n\t\t\t\t<div class=\"elementor-widget-container\">\n\t\t\t\t\t\t\t\t\t<p><strong>International symposium on citizenship in colonial and post-colonial settings<\/strong><\/p>\t\t\t\t\t\t\t\t<\/div>\n\t\t\t\t<\/div>\n\t\t\t\t<div class=\"elementor-element elementor-element-452dbed elementor-widget elementor-widget-text-editor\" data-id=\"452dbed\" data-element_type=\"widget\" data-e-type=\"widget\" data-widget_type=\"text-editor.default\">\n\t\t\t\t<div class=\"elementor-widget-container\">\n\t\t\t\t\t\t\t\t\t<p style=\"margin: 0cm; line-height: 105%;\"><span style=\"font-family: 'Calibri',sans-serif; color: black;\">Patr\u00edcia Jer\u00f3nimo participou como oradora num congresso internacional sobre cidadania em contextos coloniais e p\u00f3s-coloniais (<i>Losing, Retaining, Reclaiming the Citizenship of the Former Colonial Power: Comparative Perspectives from 1945 to the Present<\/i>), com uma comunica\u00e7\u00e3o sobre a conserva\u00e7\u00e3o, perda e reaquisi\u00e7\u00e3o da nacionalidade portuguesa pelas popula\u00e7\u00f5es colonizadas por Portugal e seus descendentes, desde 1975 at\u00e9 ao presente (\u201cRetention, loss, and (re)acquisition of Portuguese citizenship for formerly colonised populations and their descendants (1975 to the present)\u201d). O congresso, que teve lugar em Paris, nos dias 18 e 19 de junho de 2024, foi coorganizado pelos investigadores <\/span><span style=\"font-family: 'Calibri',sans-serif;\">Emmanuel Blanchard e Emilien Fargues, com o apoio<span style=\"color: black;\"> do Institut National d\u2019\u00c9tudes D\u00e9mographiques, do Institut Convergences Migrations (ICM), do Centre de Recherches Sociologiques sur le Droit et les Institutions P\u00e9nales e dos Archives Nationales de Fran\u00e7a.<\/span><\/span><\/p><p style=\"margin: 0cm; line-height: 105%;\"><span style=\"font-family: 'Calibri',sans-serif; color: black;\">\u00a0<\/span><\/p><p style=\"margin: 0cm; line-height: 105%;\"><span style=\"font-family: 'Calibri',sans-serif; color: black;\">The programme of the symposium is available <a href=\"https:\/\/inclusivecourts.pt\/wp-content\/uploads\/2024\/06\/colloque-nationalite-ENG.pdf\"><u>here<\/u><\/a>.<\/span><\/p>\t\t\t\t\t\t\t\t<\/div>\n\t\t\t\t<\/div>\n\t\t\t\t<section class=\"elementor-section elementor-inner-section elementor-element elementor-element-fa5e046 elementor-section-boxed elementor-section-height-default elementor-section-height-default\" data-id=\"fa5e046\" data-element_type=\"section\" data-e-type=\"section\">\n\t\t\t\t\t\t<div class=\"elementor-container elementor-column-gap-default\">\n\t\t\t\t\t<div class=\"elementor-column elementor-col-100 elementor-inner-column elementor-element elementor-element-e78e9d9 elementor-invisible\" data-id=\"e78e9d9\" data-element_type=\"column\" data-e-type=\"column\" data-settings=\"{&quot;animation&quot;:&quot;fadeInDown&quot;}\">\n\t\t\t<div class=\"elementor-widget-wrap elementor-element-populated\">\n\t\t\t\t\t\t<div class=\"elementor-element elementor-element-3206b8e elementor-widget elementor-widget-image\" data-id=\"3206b8e\" data-element_type=\"widget\" data-e-type=\"widget\" data-settings=\"{&quot;_animation&quot;:&quot;none&quot;}\" data-widget_type=\"image.default\">\n\t\t\t\t<div class=\"elementor-widget-container\">\n\t\t\t\t\t\t\t\t\t\t\t\t\t\t\t<img fetchpriority=\"high\" decoding=\"async\" width=\"552\" height=\"800\" src=\"https:\/\/inclusivecourts.pt\/wp-content\/uploads\/2024\/06\/colloque-nationalite-ENG-1.jpg\" class=\"elementor-animation-grow attachment-medium_large size-medium_large wp-image-2911\" alt=\"\" srcset=\"https:\/\/inclusivecourts.pt\/wp-content\/uploads\/2024\/06\/colloque-nationalite-ENG-1.jpg 552w, https:\/\/inclusivecourts.pt\/wp-content\/uploads\/2024\/06\/colloque-nationalite-ENG-1-207x300.jpg 207w, https:\/\/inclusivecourts.pt\/wp-content\/uploads\/2024\/06\/colloque-nationalite-ENG-1-8x12.jpg 8w\" sizes=\"(max-width: 552px) 100vw, 552px\" \/>\t\t\t\t\t\t\t\t\t\t\t\t\t\t\t<\/div>\n\t\t\t\t<\/div>\n\t\t\t\t\t<\/div>\n\t\t<\/div>\n\t\t\t\t\t<\/div>\n\t\t<\/section>\n\t\t\t\t\t<\/div>\n\t\t<\/div>\n\t\t\t\t\t<\/div>\n\t\t<\/section>\n\t\t\t\t<\/div>","protected":false},"excerpt":{"rendered":"<p>Congresso internacional sobre cidadania em contextos coloniais e p\u00f3s-coloniais Patr\u00edcia Jer\u00f3nimo participou como oradora num congresso internacional sobre cidadania em contextos coloniais e p\u00f3s-coloniais (Losing, Retaining, Reclaiming the Citizenship of the Former Colonial Power: Comparative Perspectives from 1945 to the Present), com uma comunica\u00e7\u00e3o sobre a conserva\u00e7\u00e3o, perda e reaquisi\u00e7\u00e3o da nacionalidade portuguesa pelas popula\u00e7\u00f5es&hellip;<\/p>","protected":false},"author":1,"featured_media":0,"parent":0,"menu_order":0,"comment_status":"closed","ping_status":"closed","template":"","meta":{"footnotes":""},"class_list":["post-2909","page","type-page","status-publish","hentry"],"_links":{"self":[{"href":"https:\/\/inclusivecourts.pt\/en\/wp-json\/wp\/v2\/pages\/2909","targetHints":{"allow":["GET"]}}],"collection":[{"href":"https:\/\/inclusivecourts.pt\/en\/wp-json\/wp\/v2\/pages"}],"about":[{"href":"https:\/\/inclusivecourts.pt\/en\/wp-json\/wp\/v2\/types\/page"}],"author":[{"embeddable":true,"href":"https:\/\/inclusivecourts.pt\/en\/wp-json\/wp\/v2\/users\/1"}],"replies":[{"embeddable":true,"href":"https:\/\/inclusivecourts.pt\/en\/wp-json\/wp\/v2\/comments?post=2909"}],"version-history":[{"count":15,"href":"https:\/\/inclusivecourts.pt\/en\/wp-json\/wp\/v2\/pages\/2909\/revisions"}],"predecessor-version":[{"id":2949,"href":"https:\/\/inclusivecourts.pt\/en\/wp-json\/wp\/v2\/pages\/2909\/revisions\/2949"}],"wp:attachment":[{"href":"https:\/\/inclusivecourts.pt\/en\/wp-json\/wp\/v2\/media?parent=2909"}],"curies":[{"name":"wp","href":"https:\/\/api.w.org\/{rel}","templated":true}]}}