{"id":2894,"date":"2024-06-11T11:28:00","date_gmt":"2024-06-11T11:28:00","guid":{"rendered":"https:\/\/inclusivecourts.pt\/?page_id=2894"},"modified":"2024-06-11T11:29:17","modified_gmt":"2024-06-11T11:29:17","slug":"noticia86","status":"publish","type":"page","link":"https:\/\/inclusivecourts.pt\/en\/noticia86\/","title":{"rendered":"Justi\u00e7a e diversidade cultural no encontro da Law &#038; Society Association 2024"},"content":{"rendered":"<div data-elementor-type=\"wp-page\" data-elementor-id=\"2894\" class=\"elementor elementor-2894\" data-elementor-post-type=\"page\">\n\t\t\t\t\t\t<section class=\"elementor-section elementor-top-section elementor-element elementor-element-b3b27e8 elementor-section-boxed elementor-section-height-default elementor-section-height-default\" data-id=\"b3b27e8\" data-element_type=\"section\" data-e-type=\"section\">\n\t\t\t\t\t\t<div class=\"elementor-container elementor-column-gap-default\">\n\t\t\t\t\t<div class=\"elementor-column elementor-col-100 elementor-top-column elementor-element elementor-element-950192f\" data-id=\"950192f\" data-element_type=\"column\" data-e-type=\"column\">\n\t\t\t<div class=\"elementor-widget-wrap elementor-element-populated\">\n\t\t\t\t\t\t<div class=\"elementor-element elementor-element-6ffdbba elementor-widget elementor-widget-text-editor\" data-id=\"6ffdbba\" data-element_type=\"widget\" data-e-type=\"widget\" data-widget_type=\"text-editor.default\">\n\t\t\t\t<div class=\"elementor-widget-container\">\n\t\t\t\t\t\t\t\t\t<p><strong>Justice and diversity in the Law &amp; Society Association annual meeting 2024<\/strong><\/p>\t\t\t\t\t\t\t\t<\/div>\n\t\t\t\t<\/div>\n\t\t\t\t<div class=\"elementor-element elementor-element-452dbed elementor-widget elementor-widget-text-editor\" data-id=\"452dbed\" data-element_type=\"widget\" data-e-type=\"widget\" data-widget_type=\"text-editor.default\">\n\t\t\t\t<div class=\"elementor-widget-container\">\n\t\t\t\t\t\t\t\t\t<p>O encontro anual da Law &amp; Society Association, que decorreu em Denver entre 6 e 10 de junho de 2024, foi dedicado \u00e0 discuss\u00e3o de territ\u00f3rios geogr\u00e1ficos, pol\u00edticos, espirituais, disciplinares, etc. (<em>Unsettling Territories: Tradition and Revolution in Law and Society<\/em>). Patr\u00edcia Jer\u00f3nimo apresentou uma comunica\u00e7\u00e3o sobre a teoria e a pr\u00e1tica do Direito em sociedades multiculturais (\u201cRethinking law and legal practice for multicultural societies: Are we there yet?\u201d), integrada num painel sobre contornos da justi\u00e7a, com perspetivas de diferentes contextos jur\u00eddicos estatais (<em>Contours of Justice: Perspectives from Diverse Legal Landscapes<\/em>), em que intervieram ainda Mark Harris (New York University), Yuri Alexander Romana Rivas (Faculdade de Direito, McGill University), Ana Carolina de Paula Silva (Tulane University) e Timothy Bryan (University of Toronto).<\/p><p class=\"translation-block\">Patr\u00edcia Jer\u00f3nimo was also chair and discussant in the panel Prosecutorial Power and the Administration of Justice, where the speakers were Kenneth Rosen (University of Alabama), Russell Covey (Georgia State University) and Robert Schehr (Northern Arizona University).<\/p>\t\t\t\t\t\t\t\t<\/div>\n\t\t\t\t<\/div>\n\t\t\t\t<section class=\"elementor-section elementor-inner-section elementor-element elementor-element-fa5e046 elementor-section-boxed elementor-section-height-default elementor-section-height-default\" data-id=\"fa5e046\" data-element_type=\"section\" data-e-type=\"section\">\n\t\t\t\t\t\t<div class=\"elementor-container elementor-column-gap-default\">\n\t\t\t\t\t<div class=\"elementor-column elementor-col-100 elementor-inner-column elementor-element elementor-element-e78e9d9 elementor-invisible\" data-id=\"e78e9d9\" data-element_type=\"column\" data-e-type=\"column\" data-settings=\"{&quot;animation&quot;:&quot;fadeInDown&quot;}\">\n\t\t\t<div class=\"elementor-widget-wrap elementor-element-populated\">\n\t\t\t\t\t\t<div class=\"elementor-element elementor-element-3206b8e elementor-widget elementor-widget-image\" data-id=\"3206b8e\" data-element_type=\"widget\" data-e-type=\"widget\" data-settings=\"{&quot;_animation&quot;:&quot;none&quot;}\" data-widget_type=\"image.default\">\n\t\t\t\t<div class=\"elementor-widget-container\">\n\t\t\t\t\t\t\t\t\t\t\t\t\t\t\t<img fetchpriority=\"high\" decoding=\"async\" width=\"300\" height=\"168\" src=\"https:\/\/inclusivecourts.pt\/wp-content\/uploads\/2024\/06\/LSA-2024-imagem-2.jpg\" class=\"elementor-animation-grow attachment-medium_large size-medium_large wp-image-2896\" alt=\"\" srcset=\"https:\/\/inclusivecourts.pt\/wp-content\/uploads\/2024\/06\/LSA-2024-imagem-2.jpg 300w, https:\/\/inclusivecourts.pt\/wp-content\/uploads\/2024\/06\/LSA-2024-imagem-2-18x10.jpg 18w\" sizes=\"(max-width: 300px) 100vw, 300px\" \/>\t\t\t\t\t\t\t\t\t\t\t\t\t\t\t<\/div>\n\t\t\t\t<\/div>\n\t\t\t\t\t<\/div>\n\t\t<\/div>\n\t\t\t\t\t<\/div>\n\t\t<\/section>\n\t\t\t\t\t<\/div>\n\t\t<\/div>\n\t\t\t\t\t<\/div>\n\t\t<\/section>\n\t\t\t\t<\/div>","protected":false},"excerpt":{"rendered":"<p>Justi\u00e7a e diversidade cultural no encontro da Law &amp; Society Association 2024 O encontro anual da Law &amp; Society Association, que decorreu em Denver entre 6 e 10 de junho de 2024, foi dedicado \u00e0 discuss\u00e3o de territ\u00f3rios geogr\u00e1ficos, pol\u00edticos, espirituais, disciplinares, etc. (Unsettling Territories: Tradition and Revolution in Law and Society). Patr\u00edcia Jer\u00f3nimo apresentou&hellip;<\/p>","protected":false},"author":1,"featured_media":0,"parent":0,"menu_order":0,"comment_status":"closed","ping_status":"closed","template":"","meta":{"footnotes":""},"class_list":["post-2894","page","type-page","status-publish","hentry"],"_links":{"self":[{"href":"https:\/\/inclusivecourts.pt\/en\/wp-json\/wp\/v2\/pages\/2894","targetHints":{"allow":["GET"]}}],"collection":[{"href":"https:\/\/inclusivecourts.pt\/en\/wp-json\/wp\/v2\/pages"}],"about":[{"href":"https:\/\/inclusivecourts.pt\/en\/wp-json\/wp\/v2\/types\/page"}],"author":[{"embeddable":true,"href":"https:\/\/inclusivecourts.pt\/en\/wp-json\/wp\/v2\/users\/1"}],"replies":[{"embeddable":true,"href":"https:\/\/inclusivecourts.pt\/en\/wp-json\/wp\/v2\/comments?post=2894"}],"version-history":[{"count":4,"href":"https:\/\/inclusivecourts.pt\/en\/wp-json\/wp\/v2\/pages\/2894\/revisions"}],"predecessor-version":[{"id":2899,"href":"https:\/\/inclusivecourts.pt\/en\/wp-json\/wp\/v2\/pages\/2894\/revisions\/2899"}],"wp:attachment":[{"href":"https:\/\/inclusivecourts.pt\/en\/wp-json\/wp\/v2\/media?parent=2894"}],"curies":[{"name":"wp","href":"https:\/\/api.w.org\/{rel}","templated":true}]}}