{"id":2849,"date":"2024-05-13T15:16:17","date_gmt":"2024-05-13T15:16:17","guid":{"rendered":"https:\/\/inclusivecourts.pt\/?page_id=2849"},"modified":"2024-05-13T15:18:38","modified_gmt":"2024-05-13T15:18:38","slug":"noticia85","status":"publish","type":"page","link":"https:\/\/inclusivecourts.pt\/en\/noticia85\/","title":{"rendered":"Seminar Courts, Citizenship, Human Rights"},"content":{"rendered":"<div data-elementor-type=\"wp-page\" data-elementor-id=\"2849\" class=\"elementor elementor-2849\" data-elementor-post-type=\"page\">\n\t\t\t\t\t\t<section class=\"elementor-section elementor-top-section elementor-element elementor-element-b3b27e8 elementor-section-boxed elementor-section-height-default elementor-section-height-default\" data-id=\"b3b27e8\" data-element_type=\"section\" data-e-type=\"section\">\n\t\t\t\t\t\t<div class=\"elementor-container elementor-column-gap-default\">\n\t\t\t\t\t<div class=\"elementor-column elementor-col-100 elementor-top-column elementor-element elementor-element-950192f\" data-id=\"950192f\" data-element_type=\"column\" data-e-type=\"column\">\n\t\t\t<div class=\"elementor-widget-wrap elementor-element-populated\">\n\t\t\t\t\t\t<div class=\"elementor-element elementor-element-6ffdbba elementor-widget elementor-widget-text-editor\" data-id=\"6ffdbba\" data-element_type=\"widget\" data-e-type=\"widget\" data-widget_type=\"text-editor.default\">\n\t\t\t\t<div class=\"elementor-widget-container\">\n\t\t\t\t\t\t\t\t\t<p><strong>Seminar Courts, Citizenship, Human Rights\u00a0 <\/strong><\/p>\t\t\t\t\t\t\t\t<\/div>\n\t\t\t\t<\/div>\n\t\t\t\t<div class=\"elementor-element elementor-element-452dbed elementor-widget elementor-widget-text-editor\" data-id=\"452dbed\" data-element_type=\"widget\" data-e-type=\"widget\" data-widget_type=\"text-editor.default\">\n\t\t\t\t<div class=\"elementor-widget-container\">\n\t\t\t\t\t\t\t\t\t<p>Manuela Ivone Cunha organised a seminar on Courts, Citizenship and Human Rights, for which she invited Concei\u00e7\u00e3o Gomes, from the Portuguese Justice Observatory, and Madalena Duarte, from the Centre for Social Studies (CES) of the University of Coimbra. The programme also included presentations by InclusiveCourts\u2019 researchers Andreia Rodrigues and Patr\u00edcia Jer\u00f3nimo. The seminar, which was promoted by the Centro em Rede de Investiga\u00e7\u00e3o em Antropologia (CRIA), was held on 10 May 2014, at the University of Minho.<\/p><p>The programme of the seminar is available <a href=\"https:\/\/inclusivecourts.pt\/wp-content\/uploads\/2024\/05\/Programa-noticia-3.jpg\"><u>here<\/u><\/a>.<\/p>\t\t\t\t\t\t\t\t<\/div>\n\t\t\t\t<\/div>\n\t\t\t\t<section class=\"elementor-section elementor-inner-section elementor-element elementor-element-fa5e046 elementor-section-boxed elementor-section-height-default elementor-section-height-default\" data-id=\"fa5e046\" data-element_type=\"section\" data-e-type=\"section\">\n\t\t\t\t\t\t<div class=\"elementor-container elementor-column-gap-default\">\n\t\t\t\t\t<div class=\"elementor-column elementor-col-100 elementor-inner-column elementor-element elementor-element-e78e9d9 elementor-invisible\" data-id=\"e78e9d9\" data-element_type=\"column\" data-e-type=\"column\" data-settings=\"{&quot;animation&quot;:&quot;fadeInDown&quot;}\">\n\t\t\t<div class=\"elementor-widget-wrap elementor-element-populated\">\n\t\t\t\t\t\t<div class=\"elementor-element elementor-element-3206b8e elementor-widget elementor-widget-image\" data-id=\"3206b8e\" data-element_type=\"widget\" data-e-type=\"widget\" data-settings=\"{&quot;_animation&quot;:&quot;none&quot;}\" data-widget_type=\"image.default\">\n\t\t\t\t<div class=\"elementor-widget-container\">\n\t\t\t\t\t\t\t\t\t\t\t\t\t\t\t<img fetchpriority=\"high\" decoding=\"async\" width=\"768\" height=\"433\" src=\"https:\/\/inclusivecourts.pt\/wp-content\/uploads\/2024\/05\/Imagem-noticia-3-768x433.jpg\" class=\"elementor-animation-grow attachment-medium_large size-medium_large wp-image-2851\" alt=\"\" srcset=\"https:\/\/inclusivecourts.pt\/wp-content\/uploads\/2024\/05\/Imagem-noticia-3-768x433.jpg 768w, https:\/\/inclusivecourts.pt\/wp-content\/uploads\/2024\/05\/Imagem-noticia-3-300x169.jpg 300w, https:\/\/inclusivecourts.pt\/wp-content\/uploads\/2024\/05\/Imagem-noticia-3-18x10.jpg 18w, https:\/\/inclusivecourts.pt\/wp-content\/uploads\/2024\/05\/Imagem-noticia-3.jpg 930w\" sizes=\"(max-width: 768px) 100vw, 768px\" \/>\t\t\t\t\t\t\t\t\t\t\t\t\t\t\t<\/div>\n\t\t\t\t<\/div>\n\t\t\t\t\t<\/div>\n\t\t<\/div>\n\t\t\t\t\t<\/div>\n\t\t<\/section>\n\t\t\t\t\t<\/div>\n\t\t<\/div>\n\t\t\t\t\t<\/div>\n\t\t<\/section>\n\t\t\t\t<\/div>","protected":false},"excerpt":{"rendered":"<p>Semin\u00e1rio Tribunais, Cidadania, Direitos Humanos\u00a0 Manuela Ivone Cunha organizou um semin\u00e1rio sobre Tribunais, Cidadania e Direitos Humanos, para o qual convidou Concei\u00e7\u00e3o Gomes, do Observat\u00f3rio Portugu\u00eas da Justi\u00e7a, e Madalena Duarte, do Centro de Estudos Sociais da Universidade de Coimbra, e em que intervieram ainda as investigadoras do InclusiveCourts Andreia Rodrigues e Patr\u00edcia Jer\u00f3nimo. O&hellip;<\/p>","protected":false},"author":1,"featured_media":0,"parent":0,"menu_order":0,"comment_status":"closed","ping_status":"closed","template":"","meta":{"footnotes":""},"class_list":["post-2849","page","type-page","status-publish","hentry"],"_links":{"self":[{"href":"https:\/\/inclusivecourts.pt\/en\/wp-json\/wp\/v2\/pages\/2849","targetHints":{"allow":["GET"]}}],"collection":[{"href":"https:\/\/inclusivecourts.pt\/en\/wp-json\/wp\/v2\/pages"}],"about":[{"href":"https:\/\/inclusivecourts.pt\/en\/wp-json\/wp\/v2\/types\/page"}],"author":[{"embeddable":true,"href":"https:\/\/inclusivecourts.pt\/en\/wp-json\/wp\/v2\/users\/1"}],"replies":[{"embeddable":true,"href":"https:\/\/inclusivecourts.pt\/en\/wp-json\/wp\/v2\/comments?post=2849"}],"version-history":[{"count":4,"href":"https:\/\/inclusivecourts.pt\/en\/wp-json\/wp\/v2\/pages\/2849\/revisions"}],"predecessor-version":[{"id":2854,"href":"https:\/\/inclusivecourts.pt\/en\/wp-json\/wp\/v2\/pages\/2849\/revisions\/2854"}],"wp:attachment":[{"href":"https:\/\/inclusivecourts.pt\/en\/wp-json\/wp\/v2\/media?parent=2849"}],"curies":[{"name":"wp","href":"https:\/\/api.w.org\/{rel}","templated":true}]}}