{"id":2843,"date":"2024-05-13T15:10:31","date_gmt":"2024-05-13T15:10:31","guid":{"rendered":"https:\/\/inclusivecourts.pt\/?page_id=2843"},"modified":"2024-05-13T15:15:10","modified_gmt":"2024-05-13T15:15:10","slug":"noticia84","status":"publish","type":"page","link":"https:\/\/inclusivecourts.pt\/en\/noticia84\/","title":{"rendered":"X International Conference on Law in the Lusophone World"},"content":{"rendered":"<div data-elementor-type=\"wp-page\" data-elementor-id=\"2843\" class=\"elementor elementor-2843\" data-elementor-post-type=\"page\">\n\t\t\t\t\t\t<section class=\"elementor-section elementor-top-section elementor-element elementor-element-b3b27e8 elementor-section-boxed elementor-section-height-default elementor-section-height-default\" data-id=\"b3b27e8\" data-element_type=\"section\" data-e-type=\"section\">\n\t\t\t\t\t\t<div class=\"elementor-container elementor-column-gap-default\">\n\t\t\t\t\t<div class=\"elementor-column elementor-col-100 elementor-top-column elementor-element elementor-element-950192f\" data-id=\"950192f\" data-element_type=\"column\" data-e-type=\"column\">\n\t\t\t<div class=\"elementor-widget-wrap elementor-element-populated\">\n\t\t\t\t\t\t<div class=\"elementor-element elementor-element-6ffdbba elementor-widget elementor-widget-text-editor\" data-id=\"6ffdbba\" data-element_type=\"widget\" data-e-type=\"widget\" data-widget_type=\"text-editor.default\">\n\t\t\t\t<div class=\"elementor-widget-container\">\n\t\t\t\t\t\t\t\t\t<p><strong>X International Conference on Law in the Lusophone World<\/strong><\/p>\t\t\t\t\t\t\t\t<\/div>\n\t\t\t\t<\/div>\n\t\t\t\t<div class=\"elementor-element elementor-element-452dbed elementor-widget elementor-widget-text-editor\" data-id=\"452dbed\" data-element_type=\"widget\" data-e-type=\"widget\" data-widget_type=\"text-editor.default\">\n\t\t\t\t<div class=\"elementor-widget-container\">\n\t\t\t\t\t\t\t\t\t<p>Several researchers associated with the project InclusiveCourts intervened as speakers in the X International Conference on Law in the Lusophone World, which was held at the Law School of the University of Minho from 6 to 10 May 2024. Cristina Dias spoke about changes to Portugal\u2019s law of succession, Fl\u00e1via Noversa Loureiro spoke about the protection of fundamental rights in contemporary criminal procedures, Miriam Rocha and Maria Jo\u00e3o Louren\u00e7o spoke about freedom of expression in the case law of the European Court of Human Rights and of Portuguese courts, Patr\u00edcia Jer\u00f3nimo spoke about legal transplants in the Lusophone world, and Teresa Coelho Moreira spoke about the use of artificial intelligence in workplace relations.<\/p><p>The full programme of the conference is available<a href=\"https:\/\/inclusivecourts.pt\/wp-content\/uploads\/2024\/05\/Programa-noticia-2.pdf\"> <u>here<\/u><\/a>.<\/p>\t\t\t\t\t\t\t\t<\/div>\n\t\t\t\t<\/div>\n\t\t\t\t<section class=\"elementor-section elementor-inner-section elementor-element elementor-element-fa5e046 elementor-section-boxed elementor-section-height-default elementor-section-height-default\" data-id=\"fa5e046\" data-element_type=\"section\" data-e-type=\"section\">\n\t\t\t\t\t\t<div class=\"elementor-container elementor-column-gap-default\">\n\t\t\t\t\t<div class=\"elementor-column elementor-col-100 elementor-inner-column elementor-element elementor-element-e78e9d9 elementor-invisible\" data-id=\"e78e9d9\" data-element_type=\"column\" data-e-type=\"column\" data-settings=\"{&quot;animation&quot;:&quot;fadeInDown&quot;}\">\n\t\t\t<div class=\"elementor-widget-wrap elementor-element-populated\">\n\t\t\t\t\t\t<div class=\"elementor-element elementor-element-3206b8e elementor-widget elementor-widget-image\" data-id=\"3206b8e\" data-element_type=\"widget\" data-e-type=\"widget\" data-settings=\"{&quot;_animation&quot;:&quot;none&quot;}\" data-widget_type=\"image.default\">\n\t\t\t\t<div class=\"elementor-widget-container\">\n\t\t\t\t\t\t\t\t\t\t\t\t\t\t\t<img fetchpriority=\"high\" decoding=\"async\" width=\"768\" height=\"768\" src=\"https:\/\/inclusivecourts.pt\/wp-content\/uploads\/2024\/05\/Imagem-noticia-2-768x768.jpg\" class=\"elementor-animation-grow attachment-medium_large size-medium_large wp-image-2845\" alt=\"\" srcset=\"https:\/\/inclusivecourts.pt\/wp-content\/uploads\/2024\/05\/Imagem-noticia-2-768x768.jpg 768w, https:\/\/inclusivecourts.pt\/wp-content\/uploads\/2024\/05\/Imagem-noticia-2-300x300.jpg 300w, https:\/\/inclusivecourts.pt\/wp-content\/uploads\/2024\/05\/Imagem-noticia-2-150x150.jpg 150w, https:\/\/inclusivecourts.pt\/wp-content\/uploads\/2024\/05\/Imagem-noticia-2-12x12.jpg 12w, https:\/\/inclusivecourts.pt\/wp-content\/uploads\/2024\/05\/Imagem-noticia-2.jpg 900w\" sizes=\"(max-width: 768px) 100vw, 768px\" \/>\t\t\t\t\t\t\t\t\t\t\t\t\t\t\t<\/div>\n\t\t\t\t<\/div>\n\t\t\t\t\t<\/div>\n\t\t<\/div>\n\t\t\t\t\t<\/div>\n\t\t<\/section>\n\t\t\t\t\t<\/div>\n\t\t<\/div>\n\t\t\t\t\t<\/div>\n\t\t<\/section>\n\t\t\t\t<\/div>","protected":false},"excerpt":{"rendered":"<p>X Congresso Internacional Direito na Lusofonia V\u00e1rios investigadores associados ao projeto InclusiveCourts participaram como oradores no X Congresso Internacional Direito na Lusofonia que decorreu entre os dias 6 e 10 de maio de 2024, na Escola de Direito da Universidade do Minho. Cristina Dias falou das mudan\u00e7as ao Direito sucess\u00f3rio portugu\u00eas, Fl\u00e1via Noversa Loureiro falou&hellip;<\/p>","protected":false},"author":1,"featured_media":0,"parent":0,"menu_order":0,"comment_status":"closed","ping_status":"closed","template":"","meta":{"footnotes":""},"class_list":["post-2843","page","type-page","status-publish","hentry"],"_links":{"self":[{"href":"https:\/\/inclusivecourts.pt\/en\/wp-json\/wp\/v2\/pages\/2843","targetHints":{"allow":["GET"]}}],"collection":[{"href":"https:\/\/inclusivecourts.pt\/en\/wp-json\/wp\/v2\/pages"}],"about":[{"href":"https:\/\/inclusivecourts.pt\/en\/wp-json\/wp\/v2\/types\/page"}],"author":[{"embeddable":true,"href":"https:\/\/inclusivecourts.pt\/en\/wp-json\/wp\/v2\/users\/1"}],"replies":[{"embeddable":true,"href":"https:\/\/inclusivecourts.pt\/en\/wp-json\/wp\/v2\/comments?post=2843"}],"version-history":[{"count":4,"href":"https:\/\/inclusivecourts.pt\/en\/wp-json\/wp\/v2\/pages\/2843\/revisions"}],"predecessor-version":[{"id":2848,"href":"https:\/\/inclusivecourts.pt\/en\/wp-json\/wp\/v2\/pages\/2843\/revisions\/2848"}],"wp:attachment":[{"href":"https:\/\/inclusivecourts.pt\/en\/wp-json\/wp\/v2\/media?parent=2843"}],"curies":[{"name":"wp","href":"https:\/\/api.w.org\/{rel}","templated":true}]}}