{"id":2837,"date":"2024-05-13T15:02:18","date_gmt":"2024-05-13T15:02:18","guid":{"rendered":"https:\/\/inclusivecourts.pt\/?page_id=2837"},"modified":"2024-05-13T15:08:36","modified_gmt":"2024-05-13T15:08:36","slug":"noticia83","status":"publish","type":"page","link":"https:\/\/inclusivecourts.pt\/en\/noticia83\/","title":{"rendered":"Portuguese as International Language and Migration"},"content":{"rendered":"<div data-elementor-type=\"wp-page\" data-elementor-id=\"2837\" class=\"elementor elementor-2837\" data-elementor-post-type=\"page\">\n\t\t\t\t\t\t<section class=\"elementor-section elementor-top-section elementor-element elementor-element-b3b27e8 elementor-section-boxed elementor-section-height-default elementor-section-height-default\" data-id=\"b3b27e8\" data-element_type=\"section\" data-e-type=\"section\">\n\t\t\t\t\t\t<div class=\"elementor-container elementor-column-gap-default\">\n\t\t\t\t\t<div class=\"elementor-column elementor-col-100 elementor-top-column elementor-element elementor-element-950192f\" data-id=\"950192f\" data-element_type=\"column\" data-e-type=\"column\">\n\t\t\t<div class=\"elementor-widget-wrap elementor-element-populated\">\n\t\t\t\t\t\t<div class=\"elementor-element elementor-element-6ffdbba elementor-widget elementor-widget-text-editor\" data-id=\"6ffdbba\" data-element_type=\"widget\" data-e-type=\"widget\" data-widget_type=\"text-editor.default\">\n\t\t\t\t<div class=\"elementor-widget-container\">\n\t\t\t\t\t\t\t\t\t<p>Portuguese as International Language and Migration<\/p>\t\t\t\t\t\t\t\t<\/div>\n\t\t\t\t<\/div>\n\t\t\t\t<div class=\"elementor-element elementor-element-452dbed elementor-widget elementor-widget-text-editor\" data-id=\"452dbed\" data-element_type=\"widget\" data-e-type=\"widget\" data-widget_type=\"text-editor.default\">\n\t\t\t\t<div class=\"elementor-widget-container\">\n\t\t\t\t\t\t\t\t\t<p>Patr\u00edcia Jer\u00f3nimo interveio como oradora num painel intitulado\u201c Contato, migra\u00e7\u00e3o e ref\u00fagio\u201d, integrado no programa daIV Jornada de Estudos em Portugu\u00eas L\u00edngua Internacional, que decorreu online nos dias 6 e 7 de maio de 2024. O painel foi moderado por uma das organizadoras da Jornada, Martina Delfino, da Universidade de Liverpool, e contou ainda com a participa\u00e7\u00e3o de Marcus Vin\u00edcius da Silva, da Universidade Federal de Roraima, e de Paulo Feytor Pinto, da Universidade de Coimbra. A comunica\u00e7\u00e3o de Patr\u00edcia Jer\u00f3nimo teve como t\u00edtulo \u201cMigra\u00e7\u00f5es e L\u00edngua Portuguesa\u201d e versou<em> inter ali<\/em>a sobre os consensos internacionais a respeito da import\u00e2ncia de assegurar aos migrantes o acesso a compet\u00eancias lingu\u00edsticas na l\u00edngua do Estado de acolhimento e, ao mesmo tempo, a oportunidade de preservarem os la\u00e7os com os respetivos Estados de origem, nomeadamente, atrav\u00e9s do ensino das suas l\u00ednguas maternas.<\/p>\t\t\t\t\t\t\t\t<\/div>\n\t\t\t\t<\/div>\n\t\t\t\t<section class=\"elementor-section elementor-inner-section elementor-element elementor-element-fa5e046 elementor-section-boxed elementor-section-height-default elementor-section-height-default\" data-id=\"fa5e046\" data-element_type=\"section\" data-e-type=\"section\">\n\t\t\t\t\t\t<div class=\"elementor-container elementor-column-gap-default\">\n\t\t\t\t\t<div class=\"elementor-column elementor-col-100 elementor-inner-column elementor-element elementor-element-e78e9d9 elementor-invisible\" data-id=\"e78e9d9\" data-element_type=\"column\" data-e-type=\"column\" data-settings=\"{&quot;animation&quot;:&quot;fadeInDown&quot;}\">\n\t\t\t<div class=\"elementor-widget-wrap elementor-element-populated\">\n\t\t\t\t\t\t<div class=\"elementor-element elementor-element-3206b8e elementor-widget elementor-widget-image\" data-id=\"3206b8e\" data-element_type=\"widget\" data-e-type=\"widget\" data-settings=\"{&quot;_animation&quot;:&quot;none&quot;}\" data-widget_type=\"image.default\">\n\t\t\t\t<div class=\"elementor-widget-container\">\n\t\t\t\t\t\t\t\t\t\t\t\t\t\t\t<img fetchpriority=\"high\" decoding=\"async\" width=\"600\" height=\"337\" src=\"https:\/\/inclusivecourts.pt\/wp-content\/uploads\/2024\/05\/Imagem-noticia-1.jpg\" class=\"elementor-animation-grow attachment-medium_large size-medium_large wp-image-2839\" alt=\"\" srcset=\"https:\/\/inclusivecourts.pt\/wp-content\/uploads\/2024\/05\/Imagem-noticia-1.jpg 600w, https:\/\/inclusivecourts.pt\/wp-content\/uploads\/2024\/05\/Imagem-noticia-1-300x169.jpg 300w, https:\/\/inclusivecourts.pt\/wp-content\/uploads\/2024\/05\/Imagem-noticia-1-18x10.jpg 18w\" sizes=\"(max-width: 600px) 100vw, 600px\" \/>\t\t\t\t\t\t\t\t\t\t\t\t\t\t\t<\/div>\n\t\t\t\t<\/div>\n\t\t\t\t\t<\/div>\n\t\t<\/div>\n\t\t\t\t\t<\/div>\n\t\t<\/section>\n\t\t\t\t\t<\/div>\n\t\t<\/div>\n\t\t\t\t\t<\/div>\n\t\t<\/section>\n\t\t\t\t<\/div>","protected":false},"excerpt":{"rendered":"<p>Portugu\u00eas L\u00edngua Internacional e Migra\u00e7\u00f5es Patr\u00edcia Jer\u00f3nimo interveio como oradora num painel intitulado\u201c Contato, migra\u00e7\u00e3o e ref\u00fagio\u201d, integrado no programa daIV Jornada de Estudos em Portugu\u00eas L\u00edngua Internacional, que decorreu online nos dias 6 e 7 de maio de 2024. O painel foi moderado por uma das organizadoras da Jornada, Martina Delfino, da Universidade de&hellip;<\/p>","protected":false},"author":1,"featured_media":0,"parent":0,"menu_order":0,"comment_status":"closed","ping_status":"closed","template":"","meta":{"footnotes":""},"class_list":["post-2837","page","type-page","status-publish","hentry"],"_links":{"self":[{"href":"https:\/\/inclusivecourts.pt\/en\/wp-json\/wp\/v2\/pages\/2837","targetHints":{"allow":["GET"]}}],"collection":[{"href":"https:\/\/inclusivecourts.pt\/en\/wp-json\/wp\/v2\/pages"}],"about":[{"href":"https:\/\/inclusivecourts.pt\/en\/wp-json\/wp\/v2\/types\/page"}],"author":[{"embeddable":true,"href":"https:\/\/inclusivecourts.pt\/en\/wp-json\/wp\/v2\/users\/1"}],"replies":[{"embeddable":true,"href":"https:\/\/inclusivecourts.pt\/en\/wp-json\/wp\/v2\/comments?post=2837"}],"version-history":[{"count":4,"href":"https:\/\/inclusivecourts.pt\/en\/wp-json\/wp\/v2\/pages\/2837\/revisions"}],"predecessor-version":[{"id":2842,"href":"https:\/\/inclusivecourts.pt\/en\/wp-json\/wp\/v2\/pages\/2837\/revisions\/2842"}],"wp:attachment":[{"href":"https:\/\/inclusivecourts.pt\/en\/wp-json\/wp\/v2\/media?parent=2837"}],"curies":[{"name":"wp","href":"https:\/\/api.w.org\/{rel}","templated":true}]}}