{"id":2783,"date":"2024-04-15T14:20:59","date_gmt":"2024-04-15T14:20:59","guid":{"rendered":"https:\/\/inclusivecourts.pt\/?page_id=2783"},"modified":"2024-04-15T14:43:30","modified_gmt":"2024-04-15T14:43:30","slug":"noticia80","status":"publish","type":"page","link":"https:\/\/inclusivecourts.pt\/en\/noticia80\/","title":{"rendered":"Patr\u00edcia Jer\u00f3nimo talks with the team of the NOVA Asylum Policy Lab"},"content":{"rendered":"<div data-elementor-type=\"wp-page\" data-elementor-id=\"2783\" class=\"elementor elementor-2783\" data-elementor-post-type=\"page\">\n\t\t\t\t\t\t<section class=\"elementor-section elementor-top-section elementor-element elementor-element-b3b27e8 elementor-section-boxed elementor-section-height-default elementor-section-height-default\" data-id=\"b3b27e8\" data-element_type=\"section\" data-e-type=\"section\">\n\t\t\t\t\t\t<div class=\"elementor-container elementor-column-gap-default\">\n\t\t\t\t\t<div class=\"elementor-column elementor-col-100 elementor-top-column elementor-element elementor-element-950192f\" data-id=\"950192f\" data-element_type=\"column\" data-e-type=\"column\">\n\t\t\t<div class=\"elementor-widget-wrap elementor-element-populated\">\n\t\t\t\t\t\t<div class=\"elementor-element elementor-element-6ffdbba elementor-widget elementor-widget-text-editor\" data-id=\"6ffdbba\" data-element_type=\"widget\" data-e-type=\"widget\" data-widget_type=\"text-editor.default\">\n\t\t\t\t<div class=\"elementor-widget-container\">\n\t\t\t\t\t\t\t\t\t<p><strong>Patr\u00edcia Jer\u00f3nimo talks with the team of the NOVA Asylum Policy Lab<\/strong><\/p>\t\t\t\t\t\t\t\t<\/div>\n\t\t\t\t<\/div>\n\t\t\t\t<div class=\"elementor-element elementor-element-452dbed elementor-widget elementor-widget-text-editor\" data-id=\"452dbed\" data-element_type=\"widget\" data-e-type=\"widget\" data-widget_type=\"text-editor.default\">\n\t\t\t\t<div class=\"elementor-widget-container\">\n\t\t\t\t\t\t\t\t\t<p>Patr\u00edcia Jer\u00f3nimo was invited as guest speaker by the team of the NOVA Asylum Policy Lab, Emellin de Oliveira and Ana Cansado, for a talk about European Parliament elections and EU citizenship, which covered citizenship rights, the evolution of European Parliament powers and the importance of the next June elections, the protagonism of immigration in national and European elections, etc.<\/p><p>The talk was held on 9 April 2024 and is available online at <a href=\"https:\/\/www.youtube.com\/watch?v=psaQNcsoTIo\">https:\/\/www.youtube.com\/watch?v=psaQNcsoTIo<\/a><\/p>\t\t\t\t\t\t\t\t<\/div>\n\t\t\t\t<\/div>\n\t\t\t\t<section class=\"elementor-section elementor-inner-section elementor-element elementor-element-fa5e046 elementor-section-boxed elementor-section-height-default elementor-section-height-default\" data-id=\"fa5e046\" data-element_type=\"section\" data-e-type=\"section\">\n\t\t\t\t\t\t<div class=\"elementor-container elementor-column-gap-default\">\n\t\t\t\t\t<div class=\"elementor-column elementor-col-100 elementor-inner-column elementor-element elementor-element-e78e9d9 elementor-invisible\" data-id=\"e78e9d9\" data-element_type=\"column\" data-e-type=\"column\" data-settings=\"{&quot;animation&quot;:&quot;fadeInDown&quot;}\">\n\t\t\t<div class=\"elementor-widget-wrap elementor-element-populated\">\n\t\t\t\t\t\t<div class=\"elementor-element elementor-element-3206b8e elementor-widget elementor-widget-image\" data-id=\"3206b8e\" data-element_type=\"widget\" data-e-type=\"widget\" data-settings=\"{&quot;_animation&quot;:&quot;none&quot;}\" data-widget_type=\"image.default\">\n\t\t\t\t<div class=\"elementor-widget-container\">\n\t\t\t\t\t\t\t\t\t\t\t\t\t\t\t<img fetchpriority=\"high\" decoding=\"async\" width=\"768\" height=\"768\" src=\"https:\/\/inclusivecourts.pt\/wp-content\/uploads\/2024\/04\/noticia-1NOVA-Policy-lab-768x768.jpg\" class=\"elementor-animation-grow attachment-medium_large size-medium_large wp-image-2778\" alt=\"\" srcset=\"https:\/\/inclusivecourts.pt\/wp-content\/uploads\/2024\/04\/noticia-1NOVA-Policy-lab-768x768.jpg 768w, https:\/\/inclusivecourts.pt\/wp-content\/uploads\/2024\/04\/noticia-1NOVA-Policy-lab-300x300.jpg 300w, https:\/\/inclusivecourts.pt\/wp-content\/uploads\/2024\/04\/noticia-1NOVA-Policy-lab-150x150.jpg 150w, https:\/\/inclusivecourts.pt\/wp-content\/uploads\/2024\/04\/noticia-1NOVA-Policy-lab-12x12.jpg 12w, https:\/\/inclusivecourts.pt\/wp-content\/uploads\/2024\/04\/noticia-1NOVA-Policy-lab.jpg 800w\" sizes=\"(max-width: 768px) 100vw, 768px\" \/>\t\t\t\t\t\t\t\t\t\t\t\t\t\t\t<\/div>\n\t\t\t\t<\/div>\n\t\t\t\t\t<\/div>\n\t\t<\/div>\n\t\t\t\t\t<\/div>\n\t\t<\/section>\n\t\t\t\t\t<\/div>\n\t\t<\/div>\n\t\t\t\t\t<\/div>\n\t\t<\/section>\n\t\t\t\t<\/div>","protected":false},"excerpt":{"rendered":"<p>Patr\u00edcia Jer\u00f3nimo conversa com a equipa do NOVA Asylum Policy Lab Patr\u00edcia Jer\u00f3nimo foi convidada pela equipa do NOVA Asylum Policy Lab, Emellin de Oliveira e Ana Cansado, para uma conversa sobre as elei\u00e7\u00f5es para o Parlamento Europeu e a Cidadania da Uni\u00e3o Europeia, em que se discutiram os direitos de cidadania, as compet\u00eancias do&hellip;<\/p>","protected":false},"author":1,"featured_media":0,"parent":0,"menu_order":0,"comment_status":"closed","ping_status":"closed","template":"","meta":{"footnotes":""},"class_list":["post-2783","page","type-page","status-publish","hentry"],"_links":{"self":[{"href":"https:\/\/inclusivecourts.pt\/en\/wp-json\/wp\/v2\/pages\/2783","targetHints":{"allow":["GET"]}}],"collection":[{"href":"https:\/\/inclusivecourts.pt\/en\/wp-json\/wp\/v2\/pages"}],"about":[{"href":"https:\/\/inclusivecourts.pt\/en\/wp-json\/wp\/v2\/types\/page"}],"author":[{"embeddable":true,"href":"https:\/\/inclusivecourts.pt\/en\/wp-json\/wp\/v2\/users\/1"}],"replies":[{"embeddable":true,"href":"https:\/\/inclusivecourts.pt\/en\/wp-json\/wp\/v2\/comments?post=2783"}],"version-history":[{"count":4,"href":"https:\/\/inclusivecourts.pt\/en\/wp-json\/wp\/v2\/pages\/2783\/revisions"}],"predecessor-version":[{"id":2787,"href":"https:\/\/inclusivecourts.pt\/en\/wp-json\/wp\/v2\/pages\/2783\/revisions\/2787"}],"wp:attachment":[{"href":"https:\/\/inclusivecourts.pt\/en\/wp-json\/wp\/v2\/media?parent=2783"}],"curies":[{"name":"wp","href":"https:\/\/api.w.org\/{rel}","templated":true}]}}