{"id":2764,"date":"2024-03-18T14:06:14","date_gmt":"2024-03-18T14:06:14","guid":{"rendered":"https:\/\/inclusivecourts.pt\/?page_id=2764"},"modified":"2024-03-18T14:10:27","modified_gmt":"2024-03-18T14:10:27","slug":"noticia79","status":"publish","type":"page","link":"https:\/\/inclusivecourts.pt\/en\/noticia79\/","title":{"rendered":"Minority rights discussed with students of the National University of Kyiv-Mohyla Academy (Ukraine)"},"content":{"rendered":"<div data-elementor-type=\"wp-page\" data-elementor-id=\"2764\" class=\"elementor elementor-2764\" data-elementor-post-type=\"page\">\n\t\t\t\t\t\t<section class=\"elementor-section elementor-top-section elementor-element elementor-element-b3b27e8 elementor-section-boxed elementor-section-height-default elementor-section-height-default\" data-id=\"b3b27e8\" data-element_type=\"section\" data-e-type=\"section\">\n\t\t\t\t\t\t<div class=\"elementor-container elementor-column-gap-default\">\n\t\t\t\t\t<div class=\"elementor-column elementor-col-100 elementor-top-column elementor-element elementor-element-950192f\" data-id=\"950192f\" data-element_type=\"column\" data-e-type=\"column\">\n\t\t\t<div class=\"elementor-widget-wrap elementor-element-populated\">\n\t\t\t\t\t\t<div class=\"elementor-element elementor-element-6ffdbba elementor-widget elementor-widget-text-editor\" data-id=\"6ffdbba\" data-element_type=\"widget\" data-e-type=\"widget\" data-widget_type=\"text-editor.default\">\n\t\t\t\t<div class=\"elementor-widget-container\">\n\t\t\t\t\t\t\t\t\t<p class=\"translation-block\">Minority rights discussed with students of the National University of Kyiv-Mohyla Academy (Ukraine)<\/p>\t\t\t\t\t\t\t\t<\/div>\n\t\t\t\t<\/div>\n\t\t\t\t<div class=\"elementor-element elementor-element-452dbed elementor-widget elementor-widget-text-editor\" data-id=\"452dbed\" data-element_type=\"widget\" data-e-type=\"widget\" data-widget_type=\"text-editor.default\">\n\t\t\t\t<div class=\"elementor-widget-container\">\n\t\t\t\t\t\t\t\t\t<p>Patr\u00edcia Jer\u00f3nimo falou aos estudantes da Faculdade de Direito da Universidade Nacional Kyiv-Mohyla, a convite da Prof. Myroslava Antonovych, Diretora do Centro de Estudos sobre Direitos Humanos e Genoc\u00eddio. A aula, que decorreu online, no dia 15 de mar\u00e7o de 2024, fez parte do programa da disciplina de Direito Internacional dos Direitos Humanos e teve como tema \u201cDireitos coletivos: Prote\u00e7\u00e3o Internacional dos Direitos das Minorias Nacionais, Direitos das Mulheres e das Crian\u00e7as\u201d. \u00a0<\/p>\t\t\t\t\t\t\t\t<\/div>\n\t\t\t\t<\/div>\n\t\t\t\t<section class=\"elementor-section elementor-inner-section elementor-element elementor-element-fa5e046 elementor-section-boxed elementor-section-height-default elementor-section-height-default\" data-id=\"fa5e046\" data-element_type=\"section\" data-e-type=\"section\">\n\t\t\t\t\t\t<div class=\"elementor-container elementor-column-gap-default\">\n\t\t\t\t\t<div class=\"elementor-column elementor-col-100 elementor-inner-column elementor-element elementor-element-e78e9d9 elementor-invisible\" data-id=\"e78e9d9\" data-element_type=\"column\" data-e-type=\"column\" data-settings=\"{&quot;animation&quot;:&quot;fadeInDown&quot;}\">\n\t\t\t<div class=\"elementor-widget-wrap elementor-element-populated\">\n\t\t\t\t\t\t<div class=\"elementor-element elementor-element-3206b8e elementor-widget elementor-widget-image\" data-id=\"3206b8e\" data-element_type=\"widget\" data-e-type=\"widget\" data-settings=\"{&quot;_animation&quot;:&quot;none&quot;}\" data-widget_type=\"image.default\">\n\t\t\t\t<div class=\"elementor-widget-container\">\n\t\t\t\t\t\t\t\t\t\t\t\t\t\t\t<img fetchpriority=\"high\" decoding=\"async\" width=\"768\" height=\"624\" src=\"https:\/\/inclusivecourts.pt\/wp-content\/uploads\/2024\/03\/Guest_Lecture_Patricia_Jeronimo-768x624.jpg\" class=\"elementor-animation-grow attachment-medium_large size-medium_large wp-image-2760\" alt=\"\" srcset=\"https:\/\/inclusivecourts.pt\/wp-content\/uploads\/2024\/03\/Guest_Lecture_Patricia_Jeronimo-768x624.jpg 768w, https:\/\/inclusivecourts.pt\/wp-content\/uploads\/2024\/03\/Guest_Lecture_Patricia_Jeronimo-300x244.jpg 300w, https:\/\/inclusivecourts.pt\/wp-content\/uploads\/2024\/03\/Guest_Lecture_Patricia_Jeronimo-15x12.jpg 15w, https:\/\/inclusivecourts.pt\/wp-content\/uploads\/2024\/03\/Guest_Lecture_Patricia_Jeronimo.jpg 1000w\" sizes=\"(max-width: 768px) 100vw, 768px\" \/>\t\t\t\t\t\t\t\t\t\t\t\t\t\t\t<\/div>\n\t\t\t\t<\/div>\n\t\t\t\t\t<\/div>\n\t\t<\/div>\n\t\t\t\t\t<\/div>\n\t\t<\/section>\n\t\t\t\t\t<\/div>\n\t\t<\/div>\n\t\t\t\t\t<\/div>\n\t\t<\/section>\n\t\t\t\t<\/div>","protected":false},"excerpt":{"rendered":"<p>Direitos das minorias discutidos com estudantes da Universidade Nacional Kyiv-Mohyla (Ucr\u00e2nia) Patr\u00edcia Jer\u00f3nimo falou aos estudantes da Faculdade de Direito da Universidade Nacional Kyiv-Mohyla, a convite da Prof. Myroslava Antonovych, Diretora do Centro de Estudos sobre Direitos Humanos e Genoc\u00eddio. A aula, que decorreu online, no dia 15 de mar\u00e7o de 2024, fez parte do&hellip;<\/p>","protected":false},"author":1,"featured_media":0,"parent":0,"menu_order":0,"comment_status":"closed","ping_status":"closed","template":"","meta":{"footnotes":""},"class_list":["post-2764","page","type-page","status-publish","hentry"],"_links":{"self":[{"href":"https:\/\/inclusivecourts.pt\/en\/wp-json\/wp\/v2\/pages\/2764","targetHints":{"allow":["GET"]}}],"collection":[{"href":"https:\/\/inclusivecourts.pt\/en\/wp-json\/wp\/v2\/pages"}],"about":[{"href":"https:\/\/inclusivecourts.pt\/en\/wp-json\/wp\/v2\/types\/page"}],"author":[{"embeddable":true,"href":"https:\/\/inclusivecourts.pt\/en\/wp-json\/wp\/v2\/users\/1"}],"replies":[{"embeddable":true,"href":"https:\/\/inclusivecourts.pt\/en\/wp-json\/wp\/v2\/comments?post=2764"}],"version-history":[{"count":4,"href":"https:\/\/inclusivecourts.pt\/en\/wp-json\/wp\/v2\/pages\/2764\/revisions"}],"predecessor-version":[{"id":2769,"href":"https:\/\/inclusivecourts.pt\/en\/wp-json\/wp\/v2\/pages\/2764\/revisions\/2769"}],"wp:attachment":[{"href":"https:\/\/inclusivecourts.pt\/en\/wp-json\/wp\/v2\/media?parent=2764"}],"curies":[{"name":"wp","href":"https:\/\/api.w.org\/{rel}","templated":true}]}}