{"id":2666,"date":"2023-11-08T15:18:06","date_gmt":"2023-11-08T15:18:06","guid":{"rendered":"https:\/\/inclusivecourts.pt\/?page_id=2666"},"modified":"2023-11-08T15:38:27","modified_gmt":"2023-11-08T15:38:27","slug":"noticia76","status":"publish","type":"page","link":"https:\/\/inclusivecourts.pt\/en\/noticia76\/","title":{"rendered":"Conference on Language and Law held in Porto"},"content":{"rendered":"<div data-elementor-type=\"wp-page\" data-elementor-id=\"2666\" class=\"elementor elementor-2666\" data-elementor-post-type=\"page\">\n\t\t\t\t\t\t<section class=\"elementor-section elementor-top-section elementor-element elementor-element-b3b27e8 elementor-section-boxed elementor-section-height-default elementor-section-height-default\" data-id=\"b3b27e8\" data-element_type=\"section\" data-e-type=\"section\">\n\t\t\t\t\t\t<div class=\"elementor-container elementor-column-gap-default\">\n\t\t\t\t\t<div class=\"elementor-column elementor-col-100 elementor-top-column elementor-element elementor-element-950192f\" data-id=\"950192f\" data-element_type=\"column\" data-e-type=\"column\">\n\t\t\t<div class=\"elementor-widget-wrap elementor-element-populated\">\n\t\t\t\t\t\t<div class=\"elementor-element elementor-element-6ffdbba elementor-widget elementor-widget-text-editor\" data-id=\"6ffdbba\" data-element_type=\"widget\" data-e-type=\"widget\" data-widget_type=\"text-editor.default\">\n\t\t\t\t<div class=\"elementor-widget-container\">\n\t\t\t\t\t\t\t\t\t<p><strong>Conference on Language and Law held in Porto<\/strong><\/p>\t\t\t\t\t\t\t\t<\/div>\n\t\t\t\t<\/div>\n\t\t\t\t<div class=\"elementor-element elementor-element-452dbed elementor-widget elementor-widget-text-editor\" data-id=\"452dbed\" data-element_type=\"widget\" data-e-type=\"widget\" data-widget_type=\"text-editor.default\">\n\t\t\t\t<div class=\"elementor-widget-container\">\n\t\t\t\t\t\t\t\t\t<p>O Mestrado em Tradu\u00e7\u00e3o e Interpreta\u00e7\u00e3o Especializadas do Instituto Superior de Contabilidade e Administra\u00e7\u00e3o (ISCAP\/P.PORTO) e a Escola do Porto da Faculdade de Direito da Universidade Cat\u00f3lica Portuguesa acolheram o Congresso de L\u00edngua e Direito, nos dias 26 e 27 de outubro de 2023. Patr\u00edcia Jer\u00f3nimo fez parte da Comiss\u00e3o Cient\u00edfica do Congresso e moderou um painel sobre o int\u00e9rprete nos tribunais de justi\u00e7a, em que apresentou uma comunica\u00e7\u00e3o intitulada \u201cBarreiras lingu\u00edsticas na pr\u00e1tica dos tribunais portugueses: Contributos para um diagn\u00f3stico\u201d.<\/p><p>The Conference programme is available <a href=\"https:\/\/inclusivecourts.pt\/wp-content\/uploads\/2023\/11\/Programa-1.pdf\"><u>here<\/u> <\/a>and the book of abstracts is available <a href=\"https:\/\/inclusivecourts.pt\/wp-content\/uploads\/2023\/11\/Livro-de-resumos_Lingua-e-Direito-2023-1.pdf\"><u>here<\/u><\/a>.<\/p>\t\t\t\t\t\t\t\t<\/div>\n\t\t\t\t<\/div>\n\t\t\t\t<section class=\"elementor-section elementor-inner-section elementor-element elementor-element-fa5e046 elementor-section-boxed elementor-section-height-default elementor-section-height-default\" data-id=\"fa5e046\" data-element_type=\"section\" data-e-type=\"section\">\n\t\t\t\t\t\t<div class=\"elementor-container elementor-column-gap-default\">\n\t\t\t\t\t<div class=\"elementor-column elementor-col-100 elementor-inner-column elementor-element elementor-element-e78e9d9 elementor-invisible\" data-id=\"e78e9d9\" data-element_type=\"column\" data-e-type=\"column\" data-settings=\"{&quot;animation&quot;:&quot;fadeInDown&quot;}\">\n\t\t\t<div class=\"elementor-widget-wrap elementor-element-populated\">\n\t\t\t\t\t\t<div class=\"elementor-element elementor-element-3206b8e elementor-widget elementor-widget-image\" data-id=\"3206b8e\" data-element_type=\"widget\" data-e-type=\"widget\" data-settings=\"{&quot;_animation&quot;:&quot;none&quot;}\" data-widget_type=\"image.default\">\n\t\t\t\t<div class=\"elementor-widget-container\">\n\t\t\t\t\t\t\t\t\t\t\t\t\t\t\t<img fetchpriority=\"high\" decoding=\"async\" width=\"224\" height=\"224\" src=\"https:\/\/inclusivecourts.pt\/wp-content\/uploads\/2023\/11\/imagem-noticia-1.jpg\" class=\"elementor-animation-grow attachment-medium_large size-medium_large wp-image-2691\" alt=\"\" srcset=\"https:\/\/inclusivecourts.pt\/wp-content\/uploads\/2023\/11\/imagem-noticia-1.jpg 224w, https:\/\/inclusivecourts.pt\/wp-content\/uploads\/2023\/11\/imagem-noticia-1-150x150.jpg 150w, https:\/\/inclusivecourts.pt\/wp-content\/uploads\/2023\/11\/imagem-noticia-1-12x12.jpg 12w\" sizes=\"(max-width: 224px) 100vw, 224px\" \/>\t\t\t\t\t\t\t\t\t\t\t\t\t\t\t<\/div>\n\t\t\t\t<\/div>\n\t\t\t\t\t<\/div>\n\t\t<\/div>\n\t\t\t\t\t<\/div>\n\t\t<\/section>\n\t\t\t\t\t<\/div>\n\t\t<\/div>\n\t\t\t\t\t<\/div>\n\t\t<\/section>\n\t\t\t\t<\/div>","protected":false},"excerpt":{"rendered":"<p>Congresso de L\u00edngua e Direito no Porto O Mestrado em Tradu\u00e7\u00e3o e Interpreta\u00e7\u00e3o Especializadas do Instituto Superior de Contabilidade e Administra\u00e7\u00e3o (ISCAP\/P.PORTO) e a Escola do Porto da Faculdade de Direito da Universidade Cat\u00f3lica Portuguesa acolheram o Congresso de L\u00edngua e Direito, nos dias 26 e 27 de outubro de 2023. Patr\u00edcia Jer\u00f3nimo fez parte&hellip;<\/p>","protected":false},"author":1,"featured_media":0,"parent":0,"menu_order":0,"comment_status":"closed","ping_status":"closed","template":"","meta":{"footnotes":""},"class_list":["post-2666","page","type-page","status-publish","hentry"],"_links":{"self":[{"href":"https:\/\/inclusivecourts.pt\/en\/wp-json\/wp\/v2\/pages\/2666","targetHints":{"allow":["GET"]}}],"collection":[{"href":"https:\/\/inclusivecourts.pt\/en\/wp-json\/wp\/v2\/pages"}],"about":[{"href":"https:\/\/inclusivecourts.pt\/en\/wp-json\/wp\/v2\/types\/page"}],"author":[{"embeddable":true,"href":"https:\/\/inclusivecourts.pt\/en\/wp-json\/wp\/v2\/users\/1"}],"replies":[{"embeddable":true,"href":"https:\/\/inclusivecourts.pt\/en\/wp-json\/wp\/v2\/comments?post=2666"}],"version-history":[{"count":7,"href":"https:\/\/inclusivecourts.pt\/en\/wp-json\/wp\/v2\/pages\/2666\/revisions"}],"predecessor-version":[{"id":2697,"href":"https:\/\/inclusivecourts.pt\/en\/wp-json\/wp\/v2\/pages\/2666\/revisions\/2697"}],"wp:attachment":[{"href":"https:\/\/inclusivecourts.pt\/en\/wp-json\/wp\/v2\/media?parent=2666"}],"curies":[{"name":"wp","href":"https:\/\/api.w.org\/{rel}","templated":true}]}}