{"id":2656,"date":"2023-11-08T15:12:21","date_gmt":"2023-11-08T15:12:21","guid":{"rendered":"https:\/\/inclusivecourts.pt\/?page_id=2656"},"modified":"2023-11-08T15:15:17","modified_gmt":"2023-11-08T15:15:17","slug":"noticia75","status":"publish","type":"page","link":"https:\/\/inclusivecourts.pt\/en\/noticia75\/","title":{"rendered":"New project on the Right to Memory presented in Lisbon"},"content":{"rendered":"<div data-elementor-type=\"wp-page\" data-elementor-id=\"2656\" class=\"elementor elementor-2656\" data-elementor-post-type=\"page\">\n\t\t\t\t\t\t<section class=\"elementor-section elementor-top-section elementor-element elementor-element-b3b27e8 elementor-section-boxed elementor-section-height-default elementor-section-height-default\" data-id=\"b3b27e8\" data-element_type=\"section\" data-e-type=\"section\">\n\t\t\t\t\t\t<div class=\"elementor-container elementor-column-gap-default\">\n\t\t\t\t\t<div class=\"elementor-column elementor-col-100 elementor-top-column elementor-element elementor-element-950192f\" data-id=\"950192f\" data-element_type=\"column\" data-e-type=\"column\">\n\t\t\t<div class=\"elementor-widget-wrap elementor-element-populated\">\n\t\t\t\t\t\t<div class=\"elementor-element elementor-element-6ffdbba elementor-widget elementor-widget-text-editor\" data-id=\"6ffdbba\" data-element_type=\"widget\" data-e-type=\"widget\" data-widget_type=\"text-editor.default\">\n\t\t\t\t<div class=\"elementor-widget-container\">\n\t\t\t\t\t\t\t\t\t<p><strong>New project on the Right to Memory presented in Lisbon<\/strong><\/p>\t\t\t\t\t\t\t\t<\/div>\n\t\t\t\t<\/div>\n\t\t\t\t<div class=\"elementor-element elementor-element-452dbed elementor-widget elementor-widget-text-editor\" data-id=\"452dbed\" data-element_type=\"widget\" data-e-type=\"widget\" data-widget_type=\"text-editor.default\">\n\t\t\t\t<div class=\"elementor-widget-container\">\n\t\t\t\t\t\t\t\t\t<p>Patr\u00edcia Jer\u00f3nimo foi convidada pelos coordenadores do projeto <em>Realidade Mnem\u00f3nica: Investigando o Impacto das Leis da Mem\u00f3ria sobre a Realidade e da Realidade sobre as Leis da Mem\u00f3ria<\/em>, Jos\u00e9 Eduardo Franco e Susana Mourato Alves-Jesus, da Universidade Aberta, para participar como oradora na confer\u00eancia internacional de lan\u00e7amento do projeto, que teve lugar no edif\u00edcio da Universidade Aberta, em Lisboa, e online, no dia 20 de outubro de 2023. A Confer\u00eancia, intitulada <em>Direito \u00e0 Mem\u00f3ria: Um Direito a Aprofundar e a Defender? Holocausto, Genoc\u00eddios, Massacres e o Problema da Repara\u00e7\u00e3o da Mem\u00f3ria<\/em>, foi moderada por Jo\u00e3o Relv\u00e3o Caetano e contou com a participa\u00e7\u00e3o como oradores de Viriato Soromenho-Marques, Lu\u00edsa Antunes Paolinelli, Jos\u00e9 Eduardo Franco e Patr\u00edcia Jer\u00f3nimo, que apresentou uma comunica\u00e7\u00e3o intitulada \u201cAs Leis da Mem\u00f3ria e o Direito\u201d.<\/p><p>The Conference programme is available <a href=\"https:\/\/inclusivecourts.pt\/wp-content\/uploads\/2023\/11\/Programa.pdf\"><u>here<\/u><\/a>.<\/p>\t\t\t\t\t\t\t\t<\/div>\n\t\t\t\t<\/div>\n\t\t\t\t<section class=\"elementor-section elementor-inner-section elementor-element elementor-element-fa5e046 elementor-section-boxed elementor-section-height-default elementor-section-height-default\" data-id=\"fa5e046\" data-element_type=\"section\" data-e-type=\"section\">\n\t\t\t\t\t\t<div class=\"elementor-container elementor-column-gap-default\">\n\t\t\t\t\t<div class=\"elementor-column elementor-col-100 elementor-inner-column elementor-element elementor-element-e78e9d9 elementor-invisible\" data-id=\"e78e9d9\" data-element_type=\"column\" data-e-type=\"column\" data-settings=\"{&quot;animation&quot;:&quot;fadeInDown&quot;}\">\n\t\t\t<div class=\"elementor-widget-wrap elementor-element-populated\">\n\t\t\t\t\t\t<div class=\"elementor-element elementor-element-3206b8e elementor-widget elementor-widget-image\" data-id=\"3206b8e\" data-element_type=\"widget\" data-e-type=\"widget\" data-settings=\"{&quot;_animation&quot;:&quot;none&quot;}\" data-widget_type=\"image.default\">\n\t\t\t\t<div class=\"elementor-widget-container\">\n\t\t\t\t\t\t\t\t\t\t\t\t\t\t\t<img decoding=\"async\" width=\"223\" height=\"216\" src=\"https:\/\/inclusivecourts.pt\/wp-content\/uploads\/2023\/11\/imagem-noticia.jpg\" class=\"elementor-animation-grow attachment-medium_large size-medium_large wp-image-2672\" alt=\"\" srcset=\"https:\/\/inclusivecourts.pt\/wp-content\/uploads\/2023\/11\/imagem-noticia.jpg 223w, https:\/\/inclusivecourts.pt\/wp-content\/uploads\/2023\/11\/imagem-noticia-12x12.jpg 12w\" sizes=\"(max-width: 223px) 100vw, 223px\" \/>\t\t\t\t\t\t\t\t\t\t\t\t\t\t\t<\/div>\n\t\t\t\t<\/div>\n\t\t\t\t\t<\/div>\n\t\t<\/div>\n\t\t\t\t\t<\/div>\n\t\t<\/section>\n\t\t\t\t\t<\/div>\n\t\t<\/div>\n\t\t\t\t\t<\/div>\n\t\t<\/section>\n\t\t\t\t<\/div>","protected":false},"excerpt":{"rendered":"<p>Novo projeto sobre o Direito \u00e0 Mem\u00f3ria apresentado em Lisboa Patr\u00edcia Jer\u00f3nimo foi convidada pelos coordenadores do projeto Realidade Mnem\u00f3nica: Investigando o Impacto das Leis da Mem\u00f3ria sobre a Realidade e da Realidade sobre as Leis da Mem\u00f3ria, Jos\u00e9 Eduardo Franco e Susana Mourato Alves-Jesus, da Universidade Aberta, para participar como oradora na confer\u00eancia internacional&hellip;<\/p>","protected":false},"author":1,"featured_media":0,"parent":0,"menu_order":0,"comment_status":"closed","ping_status":"closed","template":"","meta":{"footnotes":""},"class_list":["post-2656","page","type-page","status-publish","hentry"],"_links":{"self":[{"href":"https:\/\/inclusivecourts.pt\/en\/wp-json\/wp\/v2\/pages\/2656","targetHints":{"allow":["GET"]}}],"collection":[{"href":"https:\/\/inclusivecourts.pt\/en\/wp-json\/wp\/v2\/pages"}],"about":[{"href":"https:\/\/inclusivecourts.pt\/en\/wp-json\/wp\/v2\/types\/page"}],"author":[{"embeddable":true,"href":"https:\/\/inclusivecourts.pt\/en\/wp-json\/wp\/v2\/users\/1"}],"replies":[{"embeddable":true,"href":"https:\/\/inclusivecourts.pt\/en\/wp-json\/wp\/v2\/comments?post=2656"}],"version-history":[{"count":7,"href":"https:\/\/inclusivecourts.pt\/en\/wp-json\/wp\/v2\/pages\/2656\/revisions"}],"predecessor-version":[{"id":2675,"href":"https:\/\/inclusivecourts.pt\/en\/wp-json\/wp\/v2\/pages\/2656\/revisions\/2675"}],"wp:attachment":[{"href":"https:\/\/inclusivecourts.pt\/en\/wp-json\/wp\/v2\/media?parent=2656"}],"curies":[{"name":"wp","href":"https:\/\/api.w.org\/{rel}","templated":true}]}}