{"id":2650,"date":"2023-11-08T15:01:38","date_gmt":"2023-11-08T15:01:38","guid":{"rendered":"https:\/\/inclusivecourts.pt\/?page_id=2650"},"modified":"2023-11-08T15:49:13","modified_gmt":"2023-11-08T15:49:13","slug":"noticia74","status":"publish","type":"page","link":"https:\/\/inclusivecourts.pt\/en\/noticia74\/","title":{"rendered":"Identity politics and human rights debated at the Law School of UMinho"},"content":{"rendered":"<div data-elementor-type=\"wp-page\" data-elementor-id=\"2650\" class=\"elementor elementor-2650\" data-elementor-post-type=\"page\">\n\t\t\t\t\t\t<section class=\"elementor-section elementor-top-section elementor-element elementor-element-b3b27e8 elementor-section-boxed elementor-section-height-default elementor-section-height-default\" data-id=\"b3b27e8\" data-element_type=\"section\" data-e-type=\"section\">\n\t\t\t\t\t\t<div class=\"elementor-container elementor-column-gap-default\">\n\t\t\t\t\t<div class=\"elementor-column elementor-col-100 elementor-top-column elementor-element elementor-element-950192f\" data-id=\"950192f\" data-element_type=\"column\" data-e-type=\"column\">\n\t\t\t<div class=\"elementor-widget-wrap elementor-element-populated\">\n\t\t\t\t\t\t<div class=\"elementor-element elementor-element-6ffdbba elementor-widget elementor-widget-text-editor\" data-id=\"6ffdbba\" data-element_type=\"widget\" data-e-type=\"widget\" data-widget_type=\"text-editor.default\">\n\t\t\t\t<div class=\"elementor-widget-container\">\n\t\t\t\t\t\t\t\t\t<p><strong>Identity politics and human rights debated at the Law School of UMinho<\/strong><\/p>\t\t\t\t\t\t\t\t<\/div>\n\t\t\t\t<\/div>\n\t\t\t\t<div class=\"elementor-element elementor-element-452dbed elementor-widget elementor-widget-text-editor\" data-id=\"452dbed\" data-element_type=\"widget\" data-e-type=\"widget\" data-widget_type=\"text-editor.default\">\n\t\t\t\t<div class=\"elementor-widget-container\">\n\t\t\t\t\t\t\t\t\t<p>Patr\u00edcia Jer\u00f3nimo interveio como oradora na Confer\u00eancia sobre Ideologia e Direito que teve lugar na Escola de Direito da Universidade do Minho (EDUM) nos dias 19 e 20 de outubro de 2023. A Confer\u00eancia foi organizada por Jo\u00e3o S\u00e9rgio Ribeiro e Andreia Rodrigues, da EDUM, e contou com a participa\u00e7\u00e3o de docentes e investigadores de v\u00e1rias \u00e1reas disciplinares e institui\u00e7\u00f5es de ensino superior portuguesas e estrangeiras. Num painel sobre Identidade e Integra\u00e7\u00e3o, moderado por Joana Covelo de Abreu e com a participa\u00e7\u00e3o de Pedro Madeira Froufe, Patr\u00edcia Jer\u00f3nimo apresentou uma comunica\u00e7\u00e3o intitulada \u201cIdeologias identit\u00e1rias, Direito e direitos humanos\u201d.<\/p><p>The Conference programme is available <a href=\"https:\/\/inclusivecourts.pt\/wp-content\/uploads\/2023\/11\/cartaz_ideologia_e_direito-1.pdf\"><u>here<\/u><\/a>.<\/p>\t\t\t\t\t\t\t\t<\/div>\n\t\t\t\t<\/div>\n\t\t\t\t<section class=\"elementor-section elementor-inner-section elementor-element elementor-element-fa5e046 elementor-section-boxed elementor-section-height-default elementor-section-height-default\" data-id=\"fa5e046\" data-element_type=\"section\" data-e-type=\"section\">\n\t\t\t\t\t\t<div class=\"elementor-container elementor-column-gap-default\">\n\t\t\t\t\t<div class=\"elementor-column elementor-col-100 elementor-inner-column elementor-element elementor-element-e78e9d9 elementor-invisible\" data-id=\"e78e9d9\" data-element_type=\"column\" data-e-type=\"column\" data-settings=\"{&quot;animation&quot;:&quot;fadeInDown&quot;}\">\n\t\t\t<div class=\"elementor-widget-wrap elementor-element-populated\">\n\t\t\t\t\t\t<div class=\"elementor-element elementor-element-3206b8e elementor-widget elementor-widget-image\" data-id=\"3206b8e\" data-element_type=\"widget\" data-e-type=\"widget\" data-settings=\"{&quot;_animation&quot;:&quot;none&quot;}\" data-widget_type=\"image.default\">\n\t\t\t\t<div class=\"elementor-widget-container\">\n\t\t\t\t\t\t\t\t\t\t\t\t\t\t\t<img fetchpriority=\"high\" decoding=\"async\" width=\"768\" height=\"401\" src=\"https:\/\/inclusivecourts.pt\/wp-content\/uploads\/2023\/11\/imagem-noticia-3-768x401.jpg\" class=\"elementor-animation-grow attachment-medium_large size-medium_large wp-image-2699\" alt=\"\" srcset=\"https:\/\/inclusivecourts.pt\/wp-content\/uploads\/2023\/11\/imagem-noticia-3-768x401.jpg 768w, https:\/\/inclusivecourts.pt\/wp-content\/uploads\/2023\/11\/imagem-noticia-3-300x157.jpg 300w, https:\/\/inclusivecourts.pt\/wp-content\/uploads\/2023\/11\/imagem-noticia-3-18x9.jpg 18w, https:\/\/inclusivecourts.pt\/wp-content\/uploads\/2023\/11\/imagem-noticia-3.jpg 849w\" sizes=\"(max-width: 768px) 100vw, 768px\" \/>\t\t\t\t\t\t\t\t\t\t\t\t\t\t\t<\/div>\n\t\t\t\t<\/div>\n\t\t\t\t\t<\/div>\n\t\t<\/div>\n\t\t\t\t\t<\/div>\n\t\t<\/section>\n\t\t\t\t\t<\/div>\n\t\t<\/div>\n\t\t\t\t\t<\/div>\n\t\t<\/section>\n\t\t\t\t<\/div>","protected":false},"excerpt":{"rendered":"<p>Ideologias identit\u00e1rias e direitos humanos discutidos na Escola de Direito da UMinho Patr\u00edcia Jer\u00f3nimo interveio como oradora na Confer\u00eancia sobre Ideologia e Direito que teve lugar na Escola de Direito da Universidade do Minho (EDUM) nos dias 19 e 20 de outubro de 2023. A Confer\u00eancia foi organizada por Jo\u00e3o S\u00e9rgio Ribeiro e Andreia Rodrigues,&hellip;<\/p>","protected":false},"author":1,"featured_media":0,"parent":0,"menu_order":0,"comment_status":"closed","ping_status":"closed","template":"","meta":{"footnotes":""},"class_list":["post-2650","page","type-page","status-publish","hentry"],"_links":{"self":[{"href":"https:\/\/inclusivecourts.pt\/en\/wp-json\/wp\/v2\/pages\/2650","targetHints":{"allow":["GET"]}}],"collection":[{"href":"https:\/\/inclusivecourts.pt\/en\/wp-json\/wp\/v2\/pages"}],"about":[{"href":"https:\/\/inclusivecourts.pt\/en\/wp-json\/wp\/v2\/types\/page"}],"author":[{"embeddable":true,"href":"https:\/\/inclusivecourts.pt\/en\/wp-json\/wp\/v2\/users\/1"}],"replies":[{"embeddable":true,"href":"https:\/\/inclusivecourts.pt\/en\/wp-json\/wp\/v2\/comments?post=2650"}],"version-history":[{"count":10,"href":"https:\/\/inclusivecourts.pt\/en\/wp-json\/wp\/v2\/pages\/2650\/revisions"}],"predecessor-version":[{"id":2708,"href":"https:\/\/inclusivecourts.pt\/en\/wp-json\/wp\/v2\/pages\/2650\/revisions\/2708"}],"wp:attachment":[{"href":"https:\/\/inclusivecourts.pt\/en\/wp-json\/wp\/v2\/media?parent=2650"}],"curies":[{"name":"wp","href":"https:\/\/api.w.org\/{rel}","templated":true}]}}