{"id":2614,"date":"2023-10-19T17:31:35","date_gmt":"2023-10-19T17:31:35","guid":{"rendered":"https:\/\/inclusivecourts.pt\/?page_id=2614"},"modified":"2023-10-19T17:34:25","modified_gmt":"2023-10-19T17:34:25","slug":"noticia71","status":"publish","type":"page","link":"https:\/\/inclusivecourts.pt\/en\/noticia71\/","title":{"rendered":"Influence of social factors on court practice discussed in Doctoral thesis defended at the University of Coimbra"},"content":{"rendered":"<div data-elementor-type=\"wp-page\" data-elementor-id=\"2614\" class=\"elementor elementor-2614\" data-elementor-post-type=\"page\">\n\t\t\t\t\t\t<section class=\"elementor-section elementor-top-section elementor-element elementor-element-b3b27e8 elementor-section-boxed elementor-section-height-default elementor-section-height-default\" data-id=\"b3b27e8\" data-element_type=\"section\" data-e-type=\"section\">\n\t\t\t\t\t\t<div class=\"elementor-container elementor-column-gap-default\">\n\t\t\t\t\t<div class=\"elementor-column elementor-col-100 elementor-top-column elementor-element elementor-element-950192f\" data-id=\"950192f\" data-element_type=\"column\" data-e-type=\"column\">\n\t\t\t<div class=\"elementor-widget-wrap elementor-element-populated\">\n\t\t\t\t\t\t<div class=\"elementor-element elementor-element-6ffdbba elementor-widget elementor-widget-text-editor\" data-id=\"6ffdbba\" data-element_type=\"widget\" data-e-type=\"widget\" data-widget_type=\"text-editor.default\">\n\t\t\t\t<div class=\"elementor-widget-container\">\n\t\t\t\t\t\t\t\t\t<p><strong>Influence of social factors on court practice discussed in Doctoral thesis defended at the University of Coimbra<\/strong><\/p>\t\t\t\t\t\t\t\t<\/div>\n\t\t\t\t<\/div>\n\t\t\t\t<div class=\"elementor-element elementor-element-452dbed elementor-widget elementor-widget-text-editor\" data-id=\"452dbed\" data-element_type=\"widget\" data-e-type=\"widget\" data-widget_type=\"text-editor.default\">\n\t\t\t\t<div class=\"elementor-widget-container\">\n\t\t\t\t\t\t\t\t\t<p class=\"translation-block\">In the framework of the Doctoral Programme in Law, Justice and Citizenship in the XXI Century, of the University of Coimbra, judge Nuno Miguel Pereira Ribeiro Coelho defended, on 6 October 2023, a doctoral thesis on the interplay between the organization of the judicial system and judicial adjudication (Organiza\u00e7\u00e3o do Sistema Judicial e Jurisdi\u00e7\u00e3o: Para uma Sistem\u00e1tica Alargada da Realiza\u00e7\u00e3o do Direito pelo Juiz), which looked into the factors that influence and constrain the decisions by the judges. The thesis was discussed by Patr\u00edcia Jer\u00f3nimo and Ana Margarida Gaud\u00eancio. The jury, presided by Jos\u00e9 Manuel Aroso Linhares, included also Raquel Br\u00edzida Castro, Ant\u00f3nio Casimiro Ferreira, Ant\u00f3nio Malheiro de Magalh\u00e3es and Lu\u00eds Menezes do Vale.<\/p>\t\t\t\t\t\t\t\t<\/div>\n\t\t\t\t<\/div>\n\t\t\t\t<section class=\"elementor-section elementor-inner-section elementor-element elementor-element-fa5e046 elementor-section-boxed elementor-section-height-default elementor-section-height-default\" data-id=\"fa5e046\" data-element_type=\"section\" data-e-type=\"section\">\n\t\t\t\t\t\t<div class=\"elementor-container elementor-column-gap-default\">\n\t\t\t\t\t<div class=\"elementor-column elementor-col-100 elementor-inner-column elementor-element elementor-element-e78e9d9 elementor-invisible\" data-id=\"e78e9d9\" data-element_type=\"column\" data-e-type=\"column\" data-settings=\"{&quot;animation&quot;:&quot;fadeInDown&quot;}\">\n\t\t\t<div class=\"elementor-widget-wrap elementor-element-populated\">\n\t\t\t\t\t\t<div class=\"elementor-element elementor-element-3206b8e elementor-widget elementor-widget-image\" data-id=\"3206b8e\" data-element_type=\"widget\" data-e-type=\"widget\" data-settings=\"{&quot;_animation&quot;:&quot;none&quot;}\" data-widget_type=\"image.default\">\n\t\t\t\t<div class=\"elementor-widget-container\">\n\t\t\t\t\t\t\t\t\t\t\t\t\t\t\t<img fetchpriority=\"high\" decoding=\"async\" width=\"768\" height=\"661\" src=\"https:\/\/inclusivecourts.pt\/wp-content\/uploads\/2023\/10\/imagem-noticia-07.10.2023-768x661.png\" class=\"elementor-animation-grow attachment-medium_large size-medium_large wp-image-2616\" alt=\"\" srcset=\"https:\/\/inclusivecourts.pt\/wp-content\/uploads\/2023\/10\/imagem-noticia-07.10.2023-768x661.png 768w, https:\/\/inclusivecourts.pt\/wp-content\/uploads\/2023\/10\/imagem-noticia-07.10.2023-300x258.png 300w, https:\/\/inclusivecourts.pt\/wp-content\/uploads\/2023\/10\/imagem-noticia-07.10.2023-14x12.png 14w, https:\/\/inclusivecourts.pt\/wp-content\/uploads\/2023\/10\/imagem-noticia-07.10.2023.png 941w\" sizes=\"(max-width: 768px) 100vw, 768px\" \/>\t\t\t\t\t\t\t\t\t\t\t\t\t\t\t<\/div>\n\t\t\t\t<\/div>\n\t\t\t\t\t<\/div>\n\t\t<\/div>\n\t\t\t\t\t<\/div>\n\t\t<\/section>\n\t\t\t\t\t<\/div>\n\t\t<\/div>\n\t\t\t\t\t<\/div>\n\t\t<\/section>\n\t\t\t\t<\/div>","protected":false},"excerpt":{"rendered":"<p>Influ\u00eancia de fatores sociais sobre a pr\u00e1tica judicial discutida em tese de doutoramento na Universidade de Coimbra No \u00e2mbito do programa de doutoramento em Direito, Justi\u00e7a e Cidadania no S\u00e9culo XXI, da Universidade de Coimbra, o juiz Nuno Miguel Pereira Ribeiro Coelho defendeu, no dia 6 de outubro de 2023, uma tese de doutoramento intitulada&hellip;<\/p>","protected":false},"author":1,"featured_media":0,"parent":0,"menu_order":0,"comment_status":"closed","ping_status":"closed","template":"","meta":{"footnotes":""},"class_list":["post-2614","page","type-page","status-publish","hentry"],"_links":{"self":[{"href":"https:\/\/inclusivecourts.pt\/en\/wp-json\/wp\/v2\/pages\/2614","targetHints":{"allow":["GET"]}}],"collection":[{"href":"https:\/\/inclusivecourts.pt\/en\/wp-json\/wp\/v2\/pages"}],"about":[{"href":"https:\/\/inclusivecourts.pt\/en\/wp-json\/wp\/v2\/types\/page"}],"author":[{"embeddable":true,"href":"https:\/\/inclusivecourts.pt\/en\/wp-json\/wp\/v2\/users\/1"}],"replies":[{"embeddable":true,"href":"https:\/\/inclusivecourts.pt\/en\/wp-json\/wp\/v2\/comments?post=2614"}],"version-history":[{"count":4,"href":"https:\/\/inclusivecourts.pt\/en\/wp-json\/wp\/v2\/pages\/2614\/revisions"}],"predecessor-version":[{"id":2619,"href":"https:\/\/inclusivecourts.pt\/en\/wp-json\/wp\/v2\/pages\/2614\/revisions\/2619"}],"wp:attachment":[{"href":"https:\/\/inclusivecourts.pt\/en\/wp-json\/wp\/v2\/media?parent=2614"}],"curies":[{"name":"wp","href":"https:\/\/api.w.org\/{rel}","templated":true}]}}