{"id":2506,"date":"2023-04-24T10:15:24","date_gmt":"2023-04-24T10:15:24","guid":{"rendered":"https:\/\/inclusivecourts.pt\/?page_id=2506"},"modified":"2023-04-24T10:40:39","modified_gmt":"2023-04-24T10:40:39","slug":"noticia67","status":"publish","type":"page","link":"https:\/\/inclusivecourts.pt\/en\/noticia67\/","title":{"rendered":"Workshop on research methods at the European University Institute in Florence"},"content":{"rendered":"<div data-elementor-type=\"wp-page\" data-elementor-id=\"2506\" class=\"elementor elementor-2506\" data-elementor-post-type=\"page\">\n\t\t\t\t\t\t<section class=\"elementor-section elementor-top-section elementor-element elementor-element-b3b27e8 elementor-section-boxed elementor-section-height-default elementor-section-height-default\" data-id=\"b3b27e8\" data-element_type=\"section\" data-e-type=\"section\">\n\t\t\t\t\t\t<div class=\"elementor-container elementor-column-gap-default\">\n\t\t\t\t\t<div class=\"elementor-column elementor-col-100 elementor-top-column elementor-element elementor-element-950192f\" data-id=\"950192f\" data-element_type=\"column\" data-e-type=\"column\">\n\t\t\t<div class=\"elementor-widget-wrap elementor-element-populated\">\n\t\t\t\t\t\t<div class=\"elementor-element elementor-element-6ffdbba elementor-widget elementor-widget-text-editor\" data-id=\"6ffdbba\" data-element_type=\"widget\" data-e-type=\"widget\" data-widget_type=\"text-editor.default\">\n\t\t\t\t<div class=\"elementor-widget-container\">\n\t\t\t\t\t\t\t\t\t<p><strong>Workshop on research methods at the European University Institute in Florence<\/strong><\/p>\t\t\t\t\t\t\t\t<\/div>\n\t\t\t\t<\/div>\n\t\t\t\t<section class=\"elementor-section elementor-inner-section elementor-element elementor-element-fa5e046 elementor-section-boxed elementor-section-height-default elementor-section-height-default\" data-id=\"fa5e046\" data-element_type=\"section\" data-e-type=\"section\">\n\t\t\t\t\t\t<div class=\"elementor-container elementor-column-gap-default\">\n\t\t\t\t\t<div class=\"elementor-column elementor-col-100 elementor-inner-column elementor-element elementor-element-e78e9d9 elementor-invisible\" data-id=\"e78e9d9\" data-element_type=\"column\" data-e-type=\"column\" data-settings=\"{&quot;animation&quot;:&quot;fadeInDown&quot;}\">\n\t\t\t<div class=\"elementor-widget-wrap elementor-element-populated\">\n\t\t\t\t\t\t<div class=\"elementor-element elementor-element-3206b8e elementor-widget elementor-widget-image\" data-id=\"3206b8e\" data-element_type=\"widget\" data-e-type=\"widget\" data-settings=\"{&quot;_animation&quot;:&quot;none&quot;}\" data-widget_type=\"image.default\">\n\t\t\t\t<div class=\"elementor-widget-container\">\n\t\t\t\t\t\t\t\t\t\t\t\t\t\t\t<img fetchpriority=\"high\" decoding=\"async\" width=\"768\" height=\"352\" src=\"https:\/\/inclusivecourts.pt\/wp-content\/uploads\/2023\/04\/Captura-de-Ecra-91-768x352.png\" class=\"elementor-animation-grow attachment-medium_large size-medium_large wp-image-2510\" alt=\"\" srcset=\"https:\/\/inclusivecourts.pt\/wp-content\/uploads\/2023\/04\/Captura-de-Ecra-91-768x352.png 768w, https:\/\/inclusivecourts.pt\/wp-content\/uploads\/2023\/04\/Captura-de-Ecra-91-300x138.png 300w, https:\/\/inclusivecourts.pt\/wp-content\/uploads\/2023\/04\/Captura-de-Ecra-91-1024x470.png 1024w, https:\/\/inclusivecourts.pt\/wp-content\/uploads\/2023\/04\/Captura-de-Ecra-91-1536x705.png 1536w, https:\/\/inclusivecourts.pt\/wp-content\/uploads\/2023\/04\/Captura-de-Ecra-91-18x8.png 18w, https:\/\/inclusivecourts.pt\/wp-content\/uploads\/2023\/04\/Captura-de-Ecra-91.png 1859w\" sizes=\"(max-width: 768px) 100vw, 768px\" \/>\t\t\t\t\t\t\t\t\t\t\t\t\t\t\t<\/div>\n\t\t\t\t<\/div>\n\t\t\t\t<div class=\"elementor-element elementor-element-452dbed elementor-widget elementor-widget-text-editor\" data-id=\"452dbed\" data-element_type=\"widget\" data-e-type=\"widget\" data-widget_type=\"text-editor.default\">\n\t\t\t\t<div class=\"elementor-widget-container\">\n\t\t\t\t\t\t\t\t\t<p>Patr\u00edcia Jer\u00f3nimo and Ximene Rego spoke at a workshop held at the European University Institute in Florence, on 13 April 2023. The workshop discussed interviews with legal experts as part of sociolegal research projects, and was an opportunity for Patr\u00edcia Jer\u00f3nimo and Ximene Rego to share their experiences with the project InclusiveCourts, including the choice of methods at the project design stage, and the practical challenges faced when conducting semi-structured interviews with Portuguese judges and prosecutors.<\/p><p>The workshop was co-organized by Sapna Reheem Shaila (European University Institute) and Patr\u00edcia Jer\u00f3nimo. The other speakers were Ximene Rego, Karolina Kocemba (European University Institute) and Moritz Schramm (Humboldt University Berlin). The workshop programme is available <a href=\"https:\/\/inclusivecourts.pt\/wp-content\/uploads\/2023\/04\/Interviews-in-socio-legal-research.pdf\"><u>here<\/u><\/a>.<\/p>\t\t\t\t\t\t\t\t<\/div>\n\t\t\t\t<\/div>\n\t\t\t\t\t<\/div>\n\t\t<\/div>\n\t\t\t\t\t<\/div>\n\t\t<\/section>\n\t\t\t\t\t<\/div>\n\t\t<\/div>\n\t\t\t\t\t<\/div>\n\t\t<\/section>\n\t\t\t\t<\/div>","protected":false},"excerpt":{"rendered":"<p>Workshop sobre m\u00e9todos no Instituto Universit\u00e1rio Europeu de Floren\u00e7a Patr\u00edcia Jer\u00f3nimo e Ximene Rego intervieram como oradoras num workshop que teve lugar no Instituto Universit\u00e1rio Europeu de Floren\u00e7a, em 13 de abril de 2023. O workshop versou sobre a realiza\u00e7\u00e3o de entrevistas com juristas no quadro de investiga\u00e7\u00e3o sociojur\u00eddica e foi uma oportunidade para Patr\u00edcia&hellip;<\/p>","protected":false},"author":1,"featured_media":0,"parent":0,"menu_order":0,"comment_status":"closed","ping_status":"closed","template":"","meta":{"footnotes":""},"class_list":["post-2506","page","type-page","status-publish","hentry"],"_links":{"self":[{"href":"https:\/\/inclusivecourts.pt\/en\/wp-json\/wp\/v2\/pages\/2506","targetHints":{"allow":["GET"]}}],"collection":[{"href":"https:\/\/inclusivecourts.pt\/en\/wp-json\/wp\/v2\/pages"}],"about":[{"href":"https:\/\/inclusivecourts.pt\/en\/wp-json\/wp\/v2\/types\/page"}],"author":[{"embeddable":true,"href":"https:\/\/inclusivecourts.pt\/en\/wp-json\/wp\/v2\/users\/1"}],"replies":[{"embeddable":true,"href":"https:\/\/inclusivecourts.pt\/en\/wp-json\/wp\/v2\/comments?post=2506"}],"version-history":[{"count":15,"href":"https:\/\/inclusivecourts.pt\/en\/wp-json\/wp\/v2\/pages\/2506\/revisions"}],"predecessor-version":[{"id":2522,"href":"https:\/\/inclusivecourts.pt\/en\/wp-json\/wp\/v2\/pages\/2506\/revisions\/2522"}],"wp:attachment":[{"href":"https:\/\/inclusivecourts.pt\/en\/wp-json\/wp\/v2\/media?parent=2506"}],"curies":[{"name":"wp","href":"https:\/\/api.w.org\/{rel}","templated":true}]}}