{"id":2473,"date":"2023-02-17T16:31:35","date_gmt":"2023-02-17T16:31:35","guid":{"rendered":"https:\/\/inclusivecourts.pt\/?page_id=2473"},"modified":"2023-02-17T16:50:27","modified_gmt":"2023-02-17T16:50:27","slug":"noticia65","status":"publish","type":"page","link":"https:\/\/inclusivecourts.pt\/en\/noticia65\/","title":{"rendered":"Mariana Pinto defends her dissertation on ethno-racial discrimination in Portugal"},"content":{"rendered":"<div data-elementor-type=\"wp-page\" data-elementor-id=\"2473\" class=\"elementor elementor-2473\" data-elementor-post-type=\"page\">\n\t\t\t\t\t\t<section class=\"elementor-section elementor-top-section elementor-element elementor-element-b3b27e8 elementor-section-boxed elementor-section-height-default elementor-section-height-default\" data-id=\"b3b27e8\" data-element_type=\"section\" data-e-type=\"section\">\n\t\t\t\t\t\t<div class=\"elementor-container elementor-column-gap-default\">\n\t\t\t\t\t<div class=\"elementor-column elementor-col-100 elementor-top-column elementor-element elementor-element-950192f\" data-id=\"950192f\" data-element_type=\"column\" data-e-type=\"column\">\n\t\t\t<div class=\"elementor-widget-wrap elementor-element-populated\">\n\t\t\t\t\t\t<div class=\"elementor-element elementor-element-6ffdbba elementor-widget elementor-widget-text-editor\" data-id=\"6ffdbba\" data-element_type=\"widget\" data-e-type=\"widget\" data-widget_type=\"text-editor.default\">\n\t\t\t\t<div class=\"elementor-widget-container\">\n\t\t\t\t\t\t\t\t\t<p><strong>Mariana Pinto defends her dissertation on ethno-racial discrimination in Portugal<\/strong><\/p>\t\t\t\t\t\t\t\t<\/div>\n\t\t\t\t<\/div>\n\t\t\t\t<div class=\"elementor-element elementor-element-452dbed elementor-widget elementor-widget-text-editor\" data-id=\"452dbed\" data-element_type=\"widget\" data-e-type=\"widget\" data-widget_type=\"text-editor.default\">\n\t\t\t\t<div class=\"elementor-widget-container\">\n\t\t\t\t\t\t\t\t\t<p class=\"translation-block\">Mariana Pinto, enrolled in the Master programme in Human Rights at the Law School of the University of Minho, defended her dissertation on 13 February 2023, having obtained the mark of 18\/20 (Excellent). The dissertation is entitled A Discrimina\u00e7\u00e3o \u00c9tnico-Racial em Portugal: Dificuldades pr\u00e1ticas na aplica\u00e7\u00e3o da legisla\u00e7\u00e3o em vigor e poss\u00edveis vias de reforma futuras [Ethno-Racial Discrimination in Portugal: Practical Difficulties in the Implementation of the Legislation in Force and Possible Avenues for Future Reforms] and was developed under the supervision of Patr\u00edcia Jer\u00f3nimo and Jean-Yves Durand.<\/p><p class=\"translation-block\">The dissertation will be available from the University of Minho\u2019s Repository, at https:\/\/repositorium.sdum.uminho.pt\/?locale=en<\/p>\t\t\t\t\t\t\t\t<\/div>\n\t\t\t\t<\/div>\n\t\t\t\t<section class=\"elementor-section elementor-inner-section elementor-element elementor-element-fa5e046 elementor-section-boxed elementor-section-height-default elementor-section-height-default\" data-id=\"fa5e046\" data-element_type=\"section\" data-e-type=\"section\">\n\t\t\t\t\t\t<div class=\"elementor-container elementor-column-gap-default\">\n\t\t\t\t\t<div class=\"elementor-column elementor-col-100 elementor-inner-column elementor-element elementor-element-e78e9d9 elementor-invisible\" data-id=\"e78e9d9\" data-element_type=\"column\" data-e-type=\"column\" data-settings=\"{&quot;animation&quot;:&quot;fadeInDown&quot;}\">\n\t\t\t<div class=\"elementor-widget-wrap elementor-element-populated\">\n\t\t\t\t\t\t<div class=\"elementor-element elementor-element-3206b8e elementor-widget elementor-widget-image\" data-id=\"3206b8e\" data-element_type=\"widget\" data-e-type=\"widget\" data-settings=\"{&quot;_animation&quot;:&quot;none&quot;}\" data-widget_type=\"image.default\">\n\t\t\t\t<div class=\"elementor-widget-container\">\n\t\t\t\t\t\t\t\t\t\t\t\t\t\t\t<img fetchpriority=\"high\" decoding=\"async\" width=\"768\" height=\"433\" src=\"https:\/\/inclusivecourts.pt\/wp-content\/uploads\/2023\/02\/Cartaz-Mariana-768x433.jpg\" class=\"elementor-animation-grow attachment-medium_large size-medium_large wp-image-2475\" alt=\"\" srcset=\"https:\/\/inclusivecourts.pt\/wp-content\/uploads\/2023\/02\/Cartaz-Mariana-768x433.jpg 768w, https:\/\/inclusivecourts.pt\/wp-content\/uploads\/2023\/02\/Cartaz-Mariana-300x169.jpg 300w, https:\/\/inclusivecourts.pt\/wp-content\/uploads\/2023\/02\/Cartaz-Mariana-18x10.jpg 18w, https:\/\/inclusivecourts.pt\/wp-content\/uploads\/2023\/02\/Cartaz-Mariana.jpg 842w\" sizes=\"(max-width: 768px) 100vw, 768px\" \/>\t\t\t\t\t\t\t\t\t\t\t\t\t\t\t<\/div>\n\t\t\t\t<\/div>\n\t\t\t\t\t<\/div>\n\t\t<\/div>\n\t\t\t\t\t<\/div>\n\t\t<\/section>\n\t\t\t\t\t<\/div>\n\t\t<\/div>\n\t\t\t\t\t<\/div>\n\t\t<\/section>\n\t\t\t\t<\/div>","protected":false},"excerpt":{"rendered":"<p>Mariana Pinto defende disserta\u00e7\u00e3o sobre discrimina\u00e7\u00e3o \u00e9tnico-racial em Portugal Mariana Pinto, estudante do Mestrado em Direitos Humanos da Escola de Direito da Universidade do Minho, defendeu a sua disserta\u00e7\u00e3o de Mestrado no dia 13 de fevereiro de 2023, tendo obtido a classifica\u00e7\u00e3o de 18 valores (excelente). A disserta\u00e7\u00e3o tem como t\u00edtulo\u00a0A Discrimina\u00e7\u00e3o \u00c9tnico-Racial em Portugal:&hellip;<\/p>","protected":false},"author":1,"featured_media":0,"parent":0,"menu_order":0,"comment_status":"closed","ping_status":"closed","template":"","meta":{"footnotes":""},"class_list":["post-2473","page","type-page","status-publish","hentry"],"_links":{"self":[{"href":"https:\/\/inclusivecourts.pt\/en\/wp-json\/wp\/v2\/pages\/2473","targetHints":{"allow":["GET"]}}],"collection":[{"href":"https:\/\/inclusivecourts.pt\/en\/wp-json\/wp\/v2\/pages"}],"about":[{"href":"https:\/\/inclusivecourts.pt\/en\/wp-json\/wp\/v2\/types\/page"}],"author":[{"embeddable":true,"href":"https:\/\/inclusivecourts.pt\/en\/wp-json\/wp\/v2\/users\/1"}],"replies":[{"embeddable":true,"href":"https:\/\/inclusivecourts.pt\/en\/wp-json\/wp\/v2\/comments?post=2473"}],"version-history":[{"count":7,"href":"https:\/\/inclusivecourts.pt\/en\/wp-json\/wp\/v2\/pages\/2473\/revisions"}],"predecessor-version":[{"id":2487,"href":"https:\/\/inclusivecourts.pt\/en\/wp-json\/wp\/v2\/pages\/2473\/revisions\/2487"}],"wp:attachment":[{"href":"https:\/\/inclusivecourts.pt\/en\/wp-json\/wp\/v2\/media?parent=2473"}],"curies":[{"name":"wp","href":"https:\/\/api.w.org\/{rel}","templated":true}]}}