{"id":2459,"date":"2023-01-25T19:19:47","date_gmt":"2023-01-25T19:19:47","guid":{"rendered":"https:\/\/inclusivecourts.pt\/?page_id=2459"},"modified":"2023-01-25T19:22:18","modified_gmt":"2023-01-25T19:22:18","slug":"noticia64","status":"publish","type":"page","link":"https:\/\/inclusivecourts.pt\/en\/noticia64\/","title":{"rendered":"Louise Massochini Zwartjes defends her dissertation on integration of Roma communities in Portugal"},"content":{"rendered":"<div data-elementor-type=\"wp-page\" data-elementor-id=\"2459\" class=\"elementor elementor-2459\" data-elementor-post-type=\"page\">\n\t\t\t\t\t\t<section class=\"elementor-section elementor-top-section elementor-element elementor-element-b3b27e8 elementor-section-boxed elementor-section-height-default elementor-section-height-default\" data-id=\"b3b27e8\" data-element_type=\"section\" data-e-type=\"section\">\n\t\t\t\t\t\t<div class=\"elementor-container elementor-column-gap-default\">\n\t\t\t\t\t<div class=\"elementor-column elementor-col-100 elementor-top-column elementor-element elementor-element-950192f\" data-id=\"950192f\" data-element_type=\"column\" data-e-type=\"column\">\n\t\t\t<div class=\"elementor-widget-wrap elementor-element-populated\">\n\t\t\t\t\t\t<div class=\"elementor-element elementor-element-6ffdbba elementor-widget elementor-widget-text-editor\" data-id=\"6ffdbba\" data-element_type=\"widget\" data-e-type=\"widget\" data-widget_type=\"text-editor.default\">\n\t\t\t\t<div class=\"elementor-widget-container\">\n\t\t\t\t\t\t\t\t\t<p><strong>Patr\u00edcia Jer\u00f3nimo takes part in conference on Feminism, Law and Citizenship at the Sorbonne<\/strong><\/p>\t\t\t\t\t\t\t\t<\/div>\n\t\t\t\t<\/div>\n\t\t\t\t<div class=\"elementor-element elementor-element-452dbed elementor-widget elementor-widget-text-editor\" data-id=\"452dbed\" data-element_type=\"widget\" data-e-type=\"widget\" data-widget_type=\"text-editor.default\">\n\t\t\t\t<div class=\"elementor-widget-container\">\n\t\t\t\t\t\t\t\t\t<p class=\"translation-block\">Louise Massochini Zwartjes, enrolled in the Master programme in Human Rights at the Law School of the University of Minho, defended her dissertation on 19 January 2023, having obtained the mark of 16\/20 (Very Good). The dissertation is entitled Pol\u00edticas P\u00fablicas para Integra\u00e7\u00e3o das Comunidades Ciganas em Portugal: Discuss\u00e3o dos seus Contributos para o Empoderamento das Mulheres Ciganas [Public policies for the integration of Roma communities in Portugal: Discussion of their contribution for the empowerment of Roma women] and was developed under the supervision of Patr\u00edcia Jer\u00f3nimo and Maria Jos\u00e9 Manso Casa-Nova.<\/p><p style=\"background-image: initial; background-position: initial; background-size: initial; background-repeat: initial; background-attachment: initial; background-origin: initial; background-clip: initial;\">\u00a0<\/p><p style=\"margin: 0cm 0cm 7.5pt; background-image: initial; background-position: initial; background-size: initial; background-repeat: initial; background-attachment: initial; background-origin: initial; background-clip: initial;\" class=\"translation-block\">The dissertation will be available from the University of Minho\u2019s Repository, at https:\/\/repositorium.sdum.uminho.pt\/?locale=en<\/p>\t\t\t\t\t\t\t\t<\/div>\n\t\t\t\t<\/div>\n\t\t\t\t<section class=\"elementor-section elementor-inner-section elementor-element elementor-element-fa5e046 elementor-section-boxed elementor-section-height-default elementor-section-height-default\" data-id=\"fa5e046\" data-element_type=\"section\" data-e-type=\"section\">\n\t\t\t\t\t\t<div class=\"elementor-container elementor-column-gap-default\">\n\t\t\t\t\t<div class=\"elementor-column elementor-col-100 elementor-inner-column elementor-element elementor-element-e78e9d9 elementor-invisible\" data-id=\"e78e9d9\" data-element_type=\"column\" data-e-type=\"column\" data-settings=\"{&quot;animation&quot;:&quot;fadeInDown&quot;}\">\n\t\t\t<div class=\"elementor-widget-wrap elementor-element-populated\">\n\t\t\t\t\t\t<div class=\"elementor-element elementor-element-3206b8e elementor-widget elementor-widget-image\" data-id=\"3206b8e\" data-element_type=\"widget\" data-e-type=\"widget\" data-settings=\"{&quot;_animation&quot;:&quot;none&quot;}\" data-widget_type=\"image.default\">\n\t\t\t\t<div class=\"elementor-widget-container\">\n\t\t\t\t\t\t\t\t\t\t\t\t\t\t\t<img fetchpriority=\"high\" decoding=\"async\" width=\"768\" height=\"432\" src=\"https:\/\/inclusivecourts.pt\/wp-content\/uploads\/2023\/01\/cartaz-provas-Louise-768x432.jpg\" class=\"elementor-animation-grow attachment-medium_large size-medium_large wp-image-2461\" alt=\"\" srcset=\"https:\/\/inclusivecourts.pt\/wp-content\/uploads\/2023\/01\/cartaz-provas-Louise-768x432.jpg 768w, https:\/\/inclusivecourts.pt\/wp-content\/uploads\/2023\/01\/cartaz-provas-Louise-300x169.jpg 300w, https:\/\/inclusivecourts.pt\/wp-content\/uploads\/2023\/01\/cartaz-provas-Louise-1024x576.jpg 1024w, https:\/\/inclusivecourts.pt\/wp-content\/uploads\/2023\/01\/cartaz-provas-Louise-1536x864.jpg 1536w, https:\/\/inclusivecourts.pt\/wp-content\/uploads\/2023\/01\/cartaz-provas-Louise-18x10.jpg 18w, https:\/\/inclusivecourts.pt\/wp-content\/uploads\/2023\/01\/cartaz-provas-Louise-1140x641.jpg 1140w, https:\/\/inclusivecourts.pt\/wp-content\/uploads\/2023\/01\/cartaz-provas-Louise.jpg 1920w\" sizes=\"(max-width: 768px) 100vw, 768px\" \/>\t\t\t\t\t\t\t\t\t\t\t\t\t\t\t<\/div>\n\t\t\t\t<\/div>\n\t\t\t\t\t<\/div>\n\t\t<\/div>\n\t\t\t\t\t<\/div>\n\t\t<\/section>\n\t\t\t\t\t<\/div>\n\t\t<\/div>\n\t\t\t\t\t<\/div>\n\t\t<\/section>\n\t\t\t\t<\/div>","protected":false},"excerpt":{"rendered":"<p>Patr\u00edcia Jer\u00f3nimo participa em confer\u00eancia sobre Feminismo, Direito e Cidadania na Sorbonne Louise Massochini Zwartjes, estudante do Mestrado em Direitos Humanos da Escola de Direito da Universidade do Minho, defendeu a sua disserta\u00e7\u00e3o de Mestrado no dia 19 de janeiro de 2023, tendo obtido a classifica\u00e7\u00e3o de 16 valores (Muito Bom).\u00a0A disserta\u00e7\u00e3o tem como t\u00edtulo\u00a0Pol\u00edticas&hellip;<\/p>","protected":false},"author":1,"featured_media":0,"parent":0,"menu_order":0,"comment_status":"closed","ping_status":"closed","template":"","meta":{"footnotes":""},"class_list":["post-2459","page","type-page","status-publish","hentry"],"_links":{"self":[{"href":"https:\/\/inclusivecourts.pt\/en\/wp-json\/wp\/v2\/pages\/2459","targetHints":{"allow":["GET"]}}],"collection":[{"href":"https:\/\/inclusivecourts.pt\/en\/wp-json\/wp\/v2\/pages"}],"about":[{"href":"https:\/\/inclusivecourts.pt\/en\/wp-json\/wp\/v2\/types\/page"}],"author":[{"embeddable":true,"href":"https:\/\/inclusivecourts.pt\/en\/wp-json\/wp\/v2\/users\/1"}],"replies":[{"embeddable":true,"href":"https:\/\/inclusivecourts.pt\/en\/wp-json\/wp\/v2\/comments?post=2459"}],"version-history":[{"count":4,"href":"https:\/\/inclusivecourts.pt\/en\/wp-json\/wp\/v2\/pages\/2459\/revisions"}],"predecessor-version":[{"id":2464,"href":"https:\/\/inclusivecourts.pt\/en\/wp-json\/wp\/v2\/pages\/2459\/revisions\/2464"}],"wp:attachment":[{"href":"https:\/\/inclusivecourts.pt\/en\/wp-json\/wp\/v2\/media?parent=2459"}],"curies":[{"name":"wp","href":"https:\/\/api.w.org\/{rel}","templated":true}]}}