{"id":2429,"date":"2022-12-15T18:49:48","date_gmt":"2022-12-15T18:49:48","guid":{"rendered":"https:\/\/inclusivecourts.pt\/?page_id=2429"},"modified":"2022-12-15T18:55:19","modified_gmt":"2022-12-15T18:55:19","slug":"noticia63","status":"publish","type":"page","link":"https:\/\/inclusivecourts.pt\/en\/noticia63\/","title":{"rendered":"Tribute to Benedita Mac Crorie, in the first anniversary of her passing"},"content":{"rendered":"<div data-elementor-type=\"wp-page\" data-elementor-id=\"2429\" class=\"elementor elementor-2429\" data-elementor-post-type=\"page\">\n\t\t\t\t\t\t<section class=\"elementor-section elementor-top-section elementor-element elementor-element-b3b27e8 elementor-section-boxed elementor-section-height-default elementor-section-height-default\" data-id=\"b3b27e8\" data-element_type=\"section\" data-e-type=\"section\">\n\t\t\t\t\t\t<div class=\"elementor-container elementor-column-gap-default\">\n\t\t\t\t\t<div class=\"elementor-column elementor-col-100 elementor-top-column elementor-element elementor-element-950192f\" data-id=\"950192f\" data-element_type=\"column\" data-e-type=\"column\">\n\t\t\t<div class=\"elementor-widget-wrap elementor-element-populated\">\n\t\t\t\t\t\t<div class=\"elementor-element elementor-element-6ffdbba elementor-widget elementor-widget-text-editor\" data-id=\"6ffdbba\" data-element_type=\"widget\" data-e-type=\"widget\" data-widget_type=\"text-editor.default\">\n\t\t\t\t<div class=\"elementor-widget-container\">\n\t\t\t\t\t\t\t\t\t<p><strong>Tribute to Benedita Mac Crorie, in the first anniversary of her passing<\/strong><\/p>\t\t\t\t\t\t\t\t<\/div>\n\t\t\t\t<\/div>\n\t\t\t\t<div class=\"elementor-element elementor-element-452dbed elementor-widget elementor-widget-text-editor\" data-id=\"452dbed\" data-element_type=\"widget\" data-e-type=\"widget\" data-widget_type=\"text-editor.default\">\n\t\t\t\t<div class=\"elementor-widget-container\">\n\t\t\t\t\t\t\t\t\t<p class=\"translation-block\">The Law School of the University of Minho gathered Benedita Mac Crorie\u2019s family, friends and colleagues for a tribute in the first anniversary of her passing. The tribute was held at the main auditorium of the Law School, on 14 December 2022. The tribute included the presentation of the Liber Amicorum Benedita Mac Crorie, edited by A. Sofia Pinto Oliveira and Patr\u00edcia Jer\u00f3nimo, which includes contributions from more than 60 authors.\nThe two volumes of the Liber Amicorum Benedita Mac Crorie are available in e-book and print on demand formats from the website of Editora UMinho, here.  \nhttps:\/\/editora.uminho.pt\/pt\/Novidades\/Paginas\/detalhe.aspx?id=233<\/p><p>Os dois volumes do <em>Liber Amicorum <\/em>Benedita Mac Crorie est\u00e3o dispon\u00edveis em formato e-book e print on demand no website da Editora UMinho, aqui.<\/p><p><a href=\"https:\/\/editora.uminho.pt\/pt\/Novidades\/Paginas\/detalhe.aspx?id=233\">https:\/\/editora.uminho.pt\/pt\/Novidades\/Paginas\/detalhe.aspx?id=233<\/a><\/p>\t\t\t\t\t\t\t\t<\/div>\n\t\t\t\t<\/div>\n\t\t\t\t<section class=\"elementor-section elementor-inner-section elementor-element elementor-element-fa5e046 elementor-section-boxed elementor-section-height-default elementor-section-height-default\" data-id=\"fa5e046\" data-element_type=\"section\" data-e-type=\"section\">\n\t\t\t\t\t\t<div class=\"elementor-container elementor-column-gap-default\">\n\t\t\t\t\t<div class=\"elementor-column elementor-col-100 elementor-inner-column elementor-element elementor-element-e78e9d9 elementor-invisible\" data-id=\"e78e9d9\" data-element_type=\"column\" data-e-type=\"column\" data-settings=\"{&quot;animation&quot;:&quot;fadeInDown&quot;}\">\n\t\t\t<div class=\"elementor-widget-wrap elementor-element-populated\">\n\t\t\t\t\t\t<div class=\"elementor-element elementor-element-3206b8e elementor-widget elementor-widget-image\" data-id=\"3206b8e\" data-element_type=\"widget\" data-e-type=\"widget\" data-settings=\"{&quot;_animation&quot;:&quot;none&quot;}\" data-widget_type=\"image.default\">\n\t\t\t\t<div class=\"elementor-widget-container\">\n\t\t\t\t\t\t\t\t\t\t\t\t\t\t\t<img fetchpriority=\"high\" decoding=\"async\" width=\"200\" height=\"283\" src=\"https:\/\/inclusivecourts.pt\/wp-content\/uploads\/2022\/12\/Liber-Amicorum-capa.png\" class=\"elementor-animation-grow attachment-medium_large size-medium_large wp-image-2431\" alt=\"\" srcset=\"https:\/\/inclusivecourts.pt\/wp-content\/uploads\/2022\/12\/Liber-Amicorum-capa.png 200w, https:\/\/inclusivecourts.pt\/wp-content\/uploads\/2022\/12\/Liber-Amicorum-capa-8x12.png 8w\" sizes=\"(max-width: 200px) 100vw, 200px\" \/>\t\t\t\t\t\t\t\t\t\t\t\t\t\t\t<\/div>\n\t\t\t\t<\/div>\n\t\t\t\t\t<\/div>\n\t\t<\/div>\n\t\t\t\t\t<\/div>\n\t\t<\/section>\n\t\t\t\t\t<\/div>\n\t\t<\/div>\n\t\t\t\t\t<\/div>\n\t\t<\/section>\n\t\t\t\t<\/div>","protected":false},"excerpt":{"rendered":"<p>Homenagem a Benedita Mac Crorie, no primeiro anivers\u00e1rio do falecimento A Escola de Direito da Universidade do Minho reuniu colegas, amigos e familiares de Benedita Mac Crorie, para uma homenagem por ocasi\u00e3o do primeiro anivers\u00e1rio do seu falecimento. A sess\u00e3o de homenagem decorreu no audit\u00f3rio nobre da Escola de Direito, no dia 14 de dezembro&hellip;<\/p>","protected":false},"author":1,"featured_media":0,"parent":0,"menu_order":0,"comment_status":"closed","ping_status":"closed","template":"","meta":{"footnotes":""},"class_list":["post-2429","page","type-page","status-publish","hentry"],"_links":{"self":[{"href":"https:\/\/inclusivecourts.pt\/en\/wp-json\/wp\/v2\/pages\/2429","targetHints":{"allow":["GET"]}}],"collection":[{"href":"https:\/\/inclusivecourts.pt\/en\/wp-json\/wp\/v2\/pages"}],"about":[{"href":"https:\/\/inclusivecourts.pt\/en\/wp-json\/wp\/v2\/types\/page"}],"author":[{"embeddable":true,"href":"https:\/\/inclusivecourts.pt\/en\/wp-json\/wp\/v2\/users\/1"}],"replies":[{"embeddable":true,"href":"https:\/\/inclusivecourts.pt\/en\/wp-json\/wp\/v2\/comments?post=2429"}],"version-history":[{"count":4,"href":"https:\/\/inclusivecourts.pt\/en\/wp-json\/wp\/v2\/pages\/2429\/revisions"}],"predecessor-version":[{"id":2435,"href":"https:\/\/inclusivecourts.pt\/en\/wp-json\/wp\/v2\/pages\/2429\/revisions\/2435"}],"wp:attachment":[{"href":"https:\/\/inclusivecourts.pt\/en\/wp-json\/wp\/v2\/media?parent=2429"}],"curies":[{"name":"wp","href":"https:\/\/api.w.org\/{rel}","templated":true}]}}