{"id":2101,"date":"2022-07-22T14:10:20","date_gmt":"2022-07-22T14:10:20","guid":{"rendered":"https:\/\/inclusivecourts.pt\/?page_id=2101"},"modified":"2022-07-22T14:12:10","modified_gmt":"2022-07-22T14:12:10","slug":"noticia53","status":"publish","type":"page","link":"https:\/\/inclusivecourts.pt\/en\/noticia53\/","title":{"rendered":"Patr\u00edcia Jer\u00f3nimo takes part in conference on Feminism, Law and Citizenship at the Sorbonne"},"content":{"rendered":"<div data-elementor-type=\"wp-page\" data-elementor-id=\"2101\" class=\"elementor elementor-2101\" data-elementor-post-type=\"page\">\n\t\t\t\t\t\t<section class=\"elementor-section elementor-top-section elementor-element elementor-element-b3b27e8 elementor-section-boxed elementor-section-height-default elementor-section-height-default\" data-id=\"b3b27e8\" data-element_type=\"section\" data-e-type=\"section\">\n\t\t\t\t\t\t<div class=\"elementor-container elementor-column-gap-default\">\n\t\t\t\t\t<div class=\"elementor-column elementor-col-100 elementor-top-column elementor-element elementor-element-950192f\" data-id=\"950192f\" data-element_type=\"column\" data-e-type=\"column\">\n\t\t\t<div class=\"elementor-widget-wrap elementor-element-populated\">\n\t\t\t\t\t\t<div class=\"elementor-element elementor-element-6ffdbba elementor-widget elementor-widget-text-editor\" data-id=\"6ffdbba\" data-element_type=\"widget\" data-e-type=\"widget\" data-widget_type=\"text-editor.default\">\n\t\t\t\t<div class=\"elementor-widget-container\">\n\t\t\t\t\t\t\t\t\t<p><strong>Patr\u00edcia Jer\u00f3nimo takes part in conference on Feminism, Law and Citizenship at the Sorbonne<\/strong><\/p>\t\t\t\t\t\t\t\t<\/div>\n\t\t\t\t<\/div>\n\t\t\t\t<div class=\"elementor-element elementor-element-452dbed elementor-widget elementor-widget-text-editor\" data-id=\"452dbed\" data-element_type=\"widget\" data-e-type=\"widget\" data-widget_type=\"text-editor.default\">\n\t\t\t\t<div class=\"elementor-widget-container\">\n\t\t\t\t\t\t\t\t\t<p>Patr\u00edcia Jer\u00f3nimo participou como oradora na confer\u00eancia internacional sobre Feminismo, Direito e Cidadania que decorreu na Universidade Paris I \u2013 Panth\u00e9on Sorbonne nos dias 11 e 12 de julho de 2022. Patr\u00edcia Jer\u00f3nimo apresentou uma comunica\u00e7\u00e3o intitulada \u201cGender and culture in the courtroom: notes from Southern Europe\u201d, num painel sobre Cultura e Identidade, moderado por Alexandrine Guyard-Nedelec e em que intervieram tamb\u00e9m Sophia Ayada, Elena Ghidoni e Talya Deibel. Patr\u00edcia Jer\u00f3nimo foi tamb\u00e9m moderadora do painel sobre Igualdade e Direitos, que teve como oradoras Jackie Gulland, Lorena Ossio e Valentine M Moghadam. O programa da confer\u00eancia pode ser consultado <a href=\"http:\/\/inclusivecourts.pt\/wp-content\/uploads\/2022\/07\/Programme_Fem_Droit_Cit.pdf\">here<\/a>.<\/p>\t\t\t\t\t\t\t\t<\/div>\n\t\t\t\t<\/div>\n\t\t\t\t<section class=\"elementor-section elementor-inner-section elementor-element elementor-element-fa5e046 elementor-section-boxed elementor-section-height-default elementor-section-height-default\" data-id=\"fa5e046\" data-element_type=\"section\" data-e-type=\"section\">\n\t\t\t\t\t\t<div class=\"elementor-container elementor-column-gap-default\">\n\t\t\t\t\t<div class=\"elementor-column elementor-col-100 elementor-inner-column elementor-element elementor-element-e78e9d9 elementor-invisible\" data-id=\"e78e9d9\" data-element_type=\"column\" data-e-type=\"column\" data-settings=\"{&quot;animation&quot;:&quot;fadeInDown&quot;}\">\n\t\t\t<div class=\"elementor-widget-wrap elementor-element-populated\">\n\t\t\t\t\t\t<div class=\"elementor-element elementor-element-3206b8e elementor-widget elementor-widget-image\" data-id=\"3206b8e\" data-element_type=\"widget\" data-e-type=\"widget\" data-settings=\"{&quot;_animation&quot;:&quot;none&quot;}\" data-widget_type=\"image.default\">\n\t\t\t\t<div class=\"elementor-widget-container\">\n\t\t\t\t\t\t\t\t\t\t\t\t\t\t\t<img fetchpriority=\"high\" decoding=\"async\" width=\"768\" height=\"263\" src=\"https:\/\/inclusivecourts.pt\/wp-content\/uploads\/2022\/07\/22-033_-_congres_fdc_2022_decli-event-768x263.png\" class=\"elementor-animation-grow attachment-medium_large size-medium_large wp-image-2091\" alt=\"\" srcset=\"https:\/\/inclusivecourts.pt\/wp-content\/uploads\/2022\/07\/22-033_-_congres_fdc_2022_decli-event-768x263.png 768w, https:\/\/inclusivecourts.pt\/wp-content\/uploads\/2022\/07\/22-033_-_congres_fdc_2022_decli-event-300x103.png 300w, https:\/\/inclusivecourts.pt\/wp-content\/uploads\/2022\/07\/22-033_-_congres_fdc_2022_decli-event-18x6.png 18w, https:\/\/inclusivecourts.pt\/wp-content\/uploads\/2022\/07\/22-033_-_congres_fdc_2022_decli-event.png 792w\" sizes=\"(max-width: 768px) 100vw, 768px\" \/>\t\t\t\t\t\t\t\t\t\t\t\t\t\t\t<\/div>\n\t\t\t\t<\/div>\n\t\t\t\t\t<\/div>\n\t\t<\/div>\n\t\t\t\t\t<\/div>\n\t\t<\/section>\n\t\t\t\t\t<\/div>\n\t\t<\/div>\n\t\t\t\t\t<\/div>\n\t\t<\/section>\n\t\t\t\t<\/div>","protected":false},"excerpt":{"rendered":"<p>Patr\u00edcia Jer\u00f3nimo participa em confer\u00eancia sobre Feminismo, Direito e Cidadania na Sorbonne Patr\u00edcia Jer\u00f3nimo participou como oradora na confer\u00eancia internacional sobre Feminismo, Direito e Cidadania que decorreu na Universidade Paris I \u2013 Panth\u00e9on Sorbonne nos dias 11 e 12 de julho de 2022. Patr\u00edcia Jer\u00f3nimo apresentou uma comunica\u00e7\u00e3o intitulada \u201cGender and culture in the courtroom:&hellip;<\/p>","protected":false},"author":1,"featured_media":0,"parent":0,"menu_order":0,"comment_status":"closed","ping_status":"closed","template":"","meta":{"footnotes":""},"class_list":["post-2101","page","type-page","status-publish","hentry"],"_links":{"self":[{"href":"https:\/\/inclusivecourts.pt\/en\/wp-json\/wp\/v2\/pages\/2101","targetHints":{"allow":["GET"]}}],"collection":[{"href":"https:\/\/inclusivecourts.pt\/en\/wp-json\/wp\/v2\/pages"}],"about":[{"href":"https:\/\/inclusivecourts.pt\/en\/wp-json\/wp\/v2\/types\/page"}],"author":[{"embeddable":true,"href":"https:\/\/inclusivecourts.pt\/en\/wp-json\/wp\/v2\/users\/1"}],"replies":[{"embeddable":true,"href":"https:\/\/inclusivecourts.pt\/en\/wp-json\/wp\/v2\/comments?post=2101"}],"version-history":[{"count":4,"href":"https:\/\/inclusivecourts.pt\/en\/wp-json\/wp\/v2\/pages\/2101\/revisions"}],"predecessor-version":[{"id":2105,"href":"https:\/\/inclusivecourts.pt\/en\/wp-json\/wp\/v2\/pages\/2101\/revisions\/2105"}],"wp:attachment":[{"href":"https:\/\/inclusivecourts.pt\/en\/wp-json\/wp\/v2\/media?parent=2101"}],"curies":[{"name":"wp","href":"https:\/\/api.w.org\/{rel}","templated":true}]}}