{"id":2059,"date":"2022-07-06T16:02:18","date_gmt":"2022-07-06T16:02:18","guid":{"rendered":"https:\/\/inclusivecourts.pt\/?page_id=2059"},"modified":"2022-07-06T16:05:03","modified_gmt":"2022-07-06T16:05:03","slug":"noticia52","status":"publish","type":"page","link":"https:\/\/inclusivecourts.pt\/en\/noticia52\/","title":{"rendered":"Fl\u00e1via Noversa Loureiro debates hate speech and hate crimes"},"content":{"rendered":"<div data-elementor-type=\"wp-page\" data-elementor-id=\"2059\" class=\"elementor elementor-2059\" data-elementor-post-type=\"page\">\n\t\t\t\t\t\t<section class=\"elementor-section elementor-top-section elementor-element elementor-element-b3b27e8 elementor-section-boxed elementor-section-height-default elementor-section-height-default\" data-id=\"b3b27e8\" data-element_type=\"section\" data-e-type=\"section\">\n\t\t\t\t\t\t<div class=\"elementor-container elementor-column-gap-default\">\n\t\t\t\t\t<div class=\"elementor-column elementor-col-100 elementor-top-column elementor-element elementor-element-950192f\" data-id=\"950192f\" data-element_type=\"column\" data-e-type=\"column\">\n\t\t\t<div class=\"elementor-widget-wrap elementor-element-populated\">\n\t\t\t\t\t\t<div class=\"elementor-element elementor-element-6ffdbba elementor-widget elementor-widget-text-editor\" data-id=\"6ffdbba\" data-element_type=\"widget\" data-e-type=\"widget\" data-widget_type=\"text-editor.default\">\n\t\t\t\t<div class=\"elementor-widget-container\">\n\t\t\t\t\t\t\t\t\t<p><strong>Fl\u00e1via Noversa Loureiro debates hate speech and hate crimes<\/strong><\/p>\t\t\t\t\t\t\t\t<\/div>\n\t\t\t\t<\/div>\n\t\t\t\t<div class=\"elementor-element elementor-element-452dbed elementor-widget elementor-widget-text-editor\" data-id=\"452dbed\" data-element_type=\"widget\" data-e-type=\"widget\" data-widget_type=\"text-editor.default\">\n\t\t\t\t<div class=\"elementor-widget-container\">\n\t\t\t\t\t\t\t\t\t<p>Fl\u00e1via Noversa Loureiro participa como oradora no Col\u00f3quio Internacional sobre Discurso de \u00d3dio, organizado pelo projeto NETLANG do Centro de Estudos Human\u00edsticos da Universidade do Minho, que decorre entre 7 e 9 de julho de 2022. A comunica\u00e7\u00e3o de Fl\u00e1via Noversa Loureiro tem como t\u00edtulo \u201cHate speech and hate crime\u201d e integra um painel em que interv\u00e9m tamb\u00e9m Jan Chovanec, da Universidade Masaryk (Rep\u00fablica Checa), com uma comunica\u00e7\u00e3o intitulada \u201cNegotiating hate and conflict in online comments: Evidence from the NetLang corpus\u201d. O programa completo da confer\u00eancia est\u00e1 dispon\u00edvel <a href=\"http:\/\/inclusivecourts.pt\/wp-content\/uploads\/2022\/07\/NETLANG-BRAGA-HATE-SPEECH-CONFERENCE-PROGRAMME.pdf\"><strong>here<\/strong><\/a>.<\/p>\t\t\t\t\t\t\t\t<\/div>\n\t\t\t\t<\/div>\n\t\t\t\t<section class=\"elementor-section elementor-inner-section elementor-element elementor-element-fa5e046 elementor-section-boxed elementor-section-height-default elementor-section-height-default\" data-id=\"fa5e046\" data-element_type=\"section\" data-e-type=\"section\">\n\t\t\t\t\t\t<div class=\"elementor-container elementor-column-gap-default\">\n\t\t\t\t\t<div class=\"elementor-column elementor-col-100 elementor-inner-column elementor-element elementor-element-e78e9d9 elementor-invisible\" data-id=\"e78e9d9\" data-element_type=\"column\" data-e-type=\"column\" data-settings=\"{&quot;animation&quot;:&quot;fadeInDown&quot;}\">\n\t\t\t<div class=\"elementor-widget-wrap elementor-element-populated\">\n\t\t\t\t\t\t<div class=\"elementor-element elementor-element-3206b8e elementor-widget elementor-widget-image\" data-id=\"3206b8e\" data-element_type=\"widget\" data-e-type=\"widget\" data-settings=\"{&quot;_animation&quot;:&quot;none&quot;}\" data-widget_type=\"image.default\">\n\t\t\t\t<div class=\"elementor-widget-container\">\n\t\t\t\t\t\t\t\t\t\t\t\t\t\t\t<img fetchpriority=\"high\" decoding=\"async\" width=\"768\" height=\"241\" src=\"https:\/\/inclusivecourts.pt\/wp-content\/uploads\/2022\/07\/Hate-speech-conference-logo-768x241.jpg\" class=\"elementor-animation-grow attachment-medium_large size-medium_large wp-image-2061\" alt=\"\" srcset=\"https:\/\/inclusivecourts.pt\/wp-content\/uploads\/2022\/07\/Hate-speech-conference-logo-768x241.jpg 768w, https:\/\/inclusivecourts.pt\/wp-content\/uploads\/2022\/07\/Hate-speech-conference-logo-300x94.jpg 300w, https:\/\/inclusivecourts.pt\/wp-content\/uploads\/2022\/07\/Hate-speech-conference-logo-1024x322.jpg 1024w, https:\/\/inclusivecourts.pt\/wp-content\/uploads\/2022\/07\/Hate-speech-conference-logo-18x6.jpg 18w, https:\/\/inclusivecourts.pt\/wp-content\/uploads\/2022\/07\/Hate-speech-conference-logo.jpg 1197w\" sizes=\"(max-width: 768px) 100vw, 768px\" \/>\t\t\t\t\t\t\t\t\t\t\t\t\t\t\t<\/div>\n\t\t\t\t<\/div>\n\t\t\t\t\t<\/div>\n\t\t<\/div>\n\t\t\t\t\t<\/div>\n\t\t<\/section>\n\t\t\t\t\t<\/div>\n\t\t<\/div>\n\t\t\t\t\t<\/div>\n\t\t<\/section>\n\t\t\t\t<\/div>","protected":false},"excerpt":{"rendered":"<p>Fl\u00e1via Noversa Loureiro discute discurso de \u00f3dio e crimes de \u00f3dio Fl\u00e1via Noversa Loureiro participa como oradora no Col\u00f3quio Internacional sobre Discurso de \u00d3dio, organizado pelo projeto NETLANG do Centro de Estudos Human\u00edsticos da Universidade do Minho, que decorre entre 7 e 9 de julho de 2022. A comunica\u00e7\u00e3o de Fl\u00e1via Noversa Loureiro tem como&hellip;<\/p>","protected":false},"author":1,"featured_media":0,"parent":0,"menu_order":0,"comment_status":"closed","ping_status":"closed","template":"","meta":{"footnotes":""},"class_list":["post-2059","page","type-page","status-publish","hentry"],"_links":{"self":[{"href":"https:\/\/inclusivecourts.pt\/en\/wp-json\/wp\/v2\/pages\/2059","targetHints":{"allow":["GET"]}}],"collection":[{"href":"https:\/\/inclusivecourts.pt\/en\/wp-json\/wp\/v2\/pages"}],"about":[{"href":"https:\/\/inclusivecourts.pt\/en\/wp-json\/wp\/v2\/types\/page"}],"author":[{"embeddable":true,"href":"https:\/\/inclusivecourts.pt\/en\/wp-json\/wp\/v2\/users\/1"}],"replies":[{"embeddable":true,"href":"https:\/\/inclusivecourts.pt\/en\/wp-json\/wp\/v2\/comments?post=2059"}],"version-history":[{"count":7,"href":"https:\/\/inclusivecourts.pt\/en\/wp-json\/wp\/v2\/pages\/2059\/revisions"}],"predecessor-version":[{"id":2067,"href":"https:\/\/inclusivecourts.pt\/en\/wp-json\/wp\/v2\/pages\/2059\/revisions\/2067"}],"wp:attachment":[{"href":"https:\/\/inclusivecourts.pt\/en\/wp-json\/wp\/v2\/media?parent=2059"}],"curies":[{"name":"wp","href":"https:\/\/api.w.org\/{rel}","templated":true}]}}