{"id":2005,"date":"2022-06-13T15:08:31","date_gmt":"2022-06-13T15:08:31","guid":{"rendered":"https:\/\/inclusivecourts.pt\/?page_id=2005"},"modified":"2022-06-13T15:12:27","modified_gmt":"2022-06-13T15:12:27","slug":"noticia51","status":"publish","type":"page","link":"https:\/\/inclusivecourts.pt\/en\/noticia51\/","title":{"rendered":"Patr\u00edcia Jer\u00f3nimo takes part in international workshop on religion and antidiscrimination law"},"content":{"rendered":"<div data-elementor-type=\"wp-page\" data-elementor-id=\"2005\" class=\"elementor elementor-2005\" data-elementor-post-type=\"page\">\n\t\t\t\t\t\t<section class=\"elementor-section elementor-top-section elementor-element elementor-element-b3b27e8 elementor-section-boxed elementor-section-height-default elementor-section-height-default\" data-id=\"b3b27e8\" data-element_type=\"section\" data-e-type=\"section\">\n\t\t\t\t\t\t<div class=\"elementor-container elementor-column-gap-default\">\n\t\t\t\t\t<div class=\"elementor-column elementor-col-100 elementor-top-column elementor-element elementor-element-950192f\" data-id=\"950192f\" data-element_type=\"column\" data-e-type=\"column\">\n\t\t\t<div class=\"elementor-widget-wrap elementor-element-populated\">\n\t\t\t\t\t\t<div class=\"elementor-element elementor-element-6ffdbba elementor-widget elementor-widget-text-editor\" data-id=\"6ffdbba\" data-element_type=\"widget\" data-e-type=\"widget\" data-widget_type=\"text-editor.default\">\n\t\t\t\t<div class=\"elementor-widget-container\">\n\t\t\t\t\t\t\t\t\t<p><strong>Patr\u00edcia Jer\u00f3nimo takes part in international workshop on religion and antidiscrimination law<\/strong><\/p>\t\t\t\t\t\t\t\t<\/div>\n\t\t\t\t<\/div>\n\t\t\t\t<div class=\"elementor-element elementor-element-452dbed elementor-widget elementor-widget-text-editor\" data-id=\"452dbed\" data-element_type=\"widget\" data-e-type=\"widget\" data-widget_type=\"text-editor.default\">\n\t\t\t\t<div class=\"elementor-widget-container\">\n\t\t\t\t\t\t\t\t\t<p>Patr\u00edcia Jer\u00f3nimo foi uma das oradoras convidadas do semin\u00e1rio internacional organizado pela Escola de Direito da Universidade Nacional da Irlanda, em Galway, no dia 7 de junho de 2022. O semin\u00e1rio teve como tema a tens\u00e3o entre a prote\u00e7\u00e3o da liberdade de religi\u00e3o e a prote\u00e7\u00e3o contra tratamentos discriminat\u00f3rios fundados no g\u00e9nero e na orienta\u00e7\u00e3o sexual, por exemplo, atentando especialmente ao modo como esta tens\u00e3o \u00e9 arbitrada na pr\u00e1tica judicial. Patr\u00edcia Jer\u00f3nimo apresentou uma comunica\u00e7\u00e3o sobre a jurisprud\u00eancia dos tribunais portugueses em mat\u00e9ria de acomoda\u00e7\u00e3o dos tempos de guarda na marca\u00e7\u00e3o de exames de acesso a profiss\u00f5es reguladas (como a advocacia) e nas rela\u00e7\u00f5es laborais no setor p\u00fablico e no setor privado. Participaram no semin\u00e1rio John Adenitire, Colm O\u2019Cinneide, Peter Danchin, Mark A. Graber, Anton Kok, Christopher McCrudden, Mathias M\u00f6schel e Ioanna Tourkochoriti.<\/p>\t\t\t\t\t\t\t\t<\/div>\n\t\t\t\t<\/div>\n\t\t\t\t<section class=\"elementor-section elementor-inner-section elementor-element elementor-element-fa5e046 elementor-section-boxed elementor-section-height-default elementor-section-height-default\" data-id=\"fa5e046\" data-element_type=\"section\" data-e-type=\"section\">\n\t\t\t\t\t\t<div class=\"elementor-container elementor-column-gap-default\">\n\t\t\t\t\t<div class=\"elementor-column elementor-col-100 elementor-inner-column elementor-element elementor-element-e78e9d9 elementor-invisible\" data-id=\"e78e9d9\" data-element_type=\"column\" data-e-type=\"column\" data-settings=\"{&quot;animation&quot;:&quot;fadeInDown&quot;}\">\n\t\t\t<div class=\"elementor-widget-wrap elementor-element-populated\">\n\t\t\t\t\t\t<div class=\"elementor-element elementor-element-3206b8e elementor-widget elementor-widget-image\" data-id=\"3206b8e\" data-element_type=\"widget\" data-e-type=\"widget\" data-settings=\"{&quot;_animation&quot;:&quot;none&quot;}\" data-widget_type=\"image.default\">\n\t\t\t\t<div class=\"elementor-widget-container\">\n\t\t\t\t\t\t\t\t\t\t\t\t\t\t\t<img fetchpriority=\"high\" decoding=\"async\" width=\"405\" height=\"124\" src=\"https:\/\/inclusivecourts.pt\/wp-content\/uploads\/2022\/06\/images.jpg\" class=\"elementor-animation-grow attachment-medium_large size-medium_large wp-image-2007\" alt=\"\" srcset=\"https:\/\/inclusivecourts.pt\/wp-content\/uploads\/2022\/06\/images.jpg 405w, https:\/\/inclusivecourts.pt\/wp-content\/uploads\/2022\/06\/images-300x92.jpg 300w, https:\/\/inclusivecourts.pt\/wp-content\/uploads\/2022\/06\/images-18x6.jpg 18w\" sizes=\"(max-width: 405px) 100vw, 405px\" \/>\t\t\t\t\t\t\t\t\t\t\t\t\t\t\t<\/div>\n\t\t\t\t<\/div>\n\t\t\t\t\t<\/div>\n\t\t<\/div>\n\t\t\t\t\t<\/div>\n\t\t<\/section>\n\t\t\t\t\t<\/div>\n\t\t<\/div>\n\t\t\t\t\t<\/div>\n\t\t<\/section>\n\t\t\t\t<\/div>","protected":false},"excerpt":{"rendered":"<p>Patr\u00edcia Jer\u00f3nimo participa em semin\u00e1rio internacional sobre religi\u00e3o e antidiscrimina\u00e7\u00e3o na pr\u00e1tica judicial Patr\u00edcia Jer\u00f3nimo foi uma das oradoras convidadas do semin\u00e1rio internacional organizado pela Escola de Direito da Universidade Nacional da Irlanda, em Galway, no dia 7 de junho de 2022. O semin\u00e1rio teve como tema a tens\u00e3o entre a prote\u00e7\u00e3o da liberdade de&hellip;<\/p>","protected":false},"author":1,"featured_media":0,"parent":0,"menu_order":0,"comment_status":"closed","ping_status":"closed","template":"","meta":{"footnotes":""},"class_list":["post-2005","page","type-page","status-publish","hentry"],"_links":{"self":[{"href":"https:\/\/inclusivecourts.pt\/en\/wp-json\/wp\/v2\/pages\/2005","targetHints":{"allow":["GET"]}}],"collection":[{"href":"https:\/\/inclusivecourts.pt\/en\/wp-json\/wp\/v2\/pages"}],"about":[{"href":"https:\/\/inclusivecourts.pt\/en\/wp-json\/wp\/v2\/types\/page"}],"author":[{"embeddable":true,"href":"https:\/\/inclusivecourts.pt\/en\/wp-json\/wp\/v2\/users\/1"}],"replies":[{"embeddable":true,"href":"https:\/\/inclusivecourts.pt\/en\/wp-json\/wp\/v2\/comments?post=2005"}],"version-history":[{"count":4,"href":"https:\/\/inclusivecourts.pt\/en\/wp-json\/wp\/v2\/pages\/2005\/revisions"}],"predecessor-version":[{"id":2010,"href":"https:\/\/inclusivecourts.pt\/en\/wp-json\/wp\/v2\/pages\/2005\/revisions\/2010"}],"wp:attachment":[{"href":"https:\/\/inclusivecourts.pt\/en\/wp-json\/wp\/v2\/media?parent=2005"}],"curies":[{"name":"wp","href":"https:\/\/api.w.org\/{rel}","templated":true}]}}