{"id":1761,"date":"2022-03-31T16:32:22","date_gmt":"2022-03-31T16:32:22","guid":{"rendered":"https:\/\/inclusivecourts.pt\/?page_id=1761"},"modified":"2022-03-31T16:35:48","modified_gmt":"2022-03-31T16:35:48","slug":"noticia45","status":"publish","type":"page","link":"https:\/\/inclusivecourts.pt\/en\/noticia45\/","title":{"rendered":"Patr\u00edcia Jer\u00f3nimo debates obstacles to free movement of workers in Europe"},"content":{"rendered":"<div data-elementor-type=\"wp-page\" data-elementor-id=\"1761\" class=\"elementor elementor-1761\" data-elementor-post-type=\"page\">\n\t\t\t\t\t\t<section class=\"elementor-section elementor-top-section elementor-element elementor-element-b3b27e8 elementor-section-boxed elementor-section-height-default elementor-section-height-default\" data-id=\"b3b27e8\" data-element_type=\"section\" data-e-type=\"section\">\n\t\t\t\t\t\t<div class=\"elementor-container elementor-column-gap-default\">\n\t\t\t\t\t<div class=\"elementor-column elementor-col-100 elementor-top-column elementor-element elementor-element-950192f\" data-id=\"950192f\" data-element_type=\"column\" data-e-type=\"column\">\n\t\t\t<div class=\"elementor-widget-wrap elementor-element-populated\">\n\t\t\t\t\t\t<div class=\"elementor-element elementor-element-6ffdbba elementor-widget elementor-widget-text-editor\" data-id=\"6ffdbba\" data-element_type=\"widget\" data-e-type=\"widget\" data-widget_type=\"text-editor.default\">\n\t\t\t\t<div class=\"elementor-widget-container\">\n\t\t\t\t\t\t\t\t\t<p><strong>Patr\u00edcia Jer\u00f3nimo debates obstacles to free movement of workers in Europe<\/strong><\/p>\t\t\t\t\t\t\t\t<\/div>\n\t\t\t\t<\/div>\n\t\t\t\t<div class=\"elementor-element elementor-element-452dbed elementor-widget elementor-widget-text-editor\" data-id=\"452dbed\" data-element_type=\"widget\" data-e-type=\"widget\" data-widget_type=\"text-editor.default\">\n\t\t\t\t<div class=\"elementor-widget-container\">\n\t\t\t\t\t\t\t\t\t<p>Patr\u00edcia Jer\u00f3nimo was a guest speaker at the seminar of the MoveS (Freedom of Movement and Social Security Coordination) project, entitled \u201cFree movement of workers in Portugal: Obstacles and challenges brought by the Covid-19 pandemic\u201d. The seminar took place at the NOVA School of Law, in Lisbon, on 29 March 2022. It was organised by MoveS\u2019 Portuguese national experts Francisco Pereira Coutinho and Emellin de Oliveira.<\/p><p>Speaking in a panel on obstacles to the free movement of workers, Patr\u00edcia Jer\u00f3nimo gave a presentation on the access to study grants, starting by pointing out the causal link between this access and freedom of movement, as it is established by EU law, to then give an overview of the different types of financial public support to higher education in Europe and focus on the Portuguese case \u2013 i.e. legal framework, types of public support, eligibility, portability of grants, and measures adopted to address the COVID-19 pandemic.<\/p>\t\t\t\t\t\t\t\t<\/div>\n\t\t\t\t<\/div>\n\t\t\t\t<section class=\"elementor-section elementor-inner-section elementor-element elementor-element-fa5e046 elementor-section-boxed elementor-section-height-default elementor-section-height-default\" data-id=\"fa5e046\" data-element_type=\"section\" data-e-type=\"section\">\n\t\t\t\t\t\t<div class=\"elementor-container elementor-column-gap-default\">\n\t\t\t\t\t<div class=\"elementor-column elementor-col-100 elementor-inner-column elementor-element elementor-element-e78e9d9 elementor-invisible\" data-id=\"e78e9d9\" data-element_type=\"column\" data-e-type=\"column\" data-settings=\"{&quot;animation&quot;:&quot;fadeInDown&quot;}\">\n\t\t\t<div class=\"elementor-widget-wrap elementor-element-populated\">\n\t\t\t\t\t\t<div class=\"elementor-element elementor-element-3206b8e elementor-widget elementor-widget-image\" data-id=\"3206b8e\" data-element_type=\"widget\" data-e-type=\"widget\" data-settings=\"{&quot;_animation&quot;:&quot;none&quot;}\" data-widget_type=\"image.default\">\n\t\t\t\t<div class=\"elementor-widget-container\">\n\t\t\t\t\t\t\t\t\t\t\t\t\t\t\t<img fetchpriority=\"high\" decoding=\"async\" width=\"768\" height=\"768\" src=\"https:\/\/inclusivecourts.pt\/wp-content\/uploads\/2022\/03\/MOVES-SEMINAR_2022_post-768x768.jpg\" class=\"elementor-animation-grow attachment-medium_large size-medium_large wp-image-1763\" alt=\"\" srcset=\"https:\/\/inclusivecourts.pt\/wp-content\/uploads\/2022\/03\/MOVES-SEMINAR_2022_post-768x768.jpg 768w, https:\/\/inclusivecourts.pt\/wp-content\/uploads\/2022\/03\/MOVES-SEMINAR_2022_post-300x300.jpg 300w, https:\/\/inclusivecourts.pt\/wp-content\/uploads\/2022\/03\/MOVES-SEMINAR_2022_post-1024x1024.jpg 1024w, https:\/\/inclusivecourts.pt\/wp-content\/uploads\/2022\/03\/MOVES-SEMINAR_2022_post-150x150.jpg 150w, https:\/\/inclusivecourts.pt\/wp-content\/uploads\/2022\/03\/MOVES-SEMINAR_2022_post-12x12.jpg 12w, https:\/\/inclusivecourts.pt\/wp-content\/uploads\/2022\/03\/MOVES-SEMINAR_2022_post.jpg 1080w\" sizes=\"(max-width: 768px) 100vw, 768px\" \/>\t\t\t\t\t\t\t\t\t\t\t\t\t\t\t<\/div>\n\t\t\t\t<\/div>\n\t\t\t\t\t<\/div>\n\t\t<\/div>\n\t\t\t\t\t<\/div>\n\t\t<\/section>\n\t\t\t\t\t<\/div>\n\t\t<\/div>\n\t\t\t\t\t<\/div>\n\t\t<\/section>\n\t\t\t\t<\/div>","protected":false},"excerpt":{"rendered":"<p>Patr\u00edcia Jer\u00f3nimo discute obst\u00e1culos \u00e0 livre circula\u00e7\u00e3o de trabalhadores na Europa Patr\u00edcia Jer\u00f3nimo participou como oradora convidada no semin\u00e1rio do projeto MoveS (Freedom of Movement and Social Security Coordination), sobre a liberdade de circula\u00e7\u00e3o de trabalhadores em Portugal e os obst\u00e1culos trazidos pela pandemia da COVID-19, que teve lugar na Faculdade de Direito da Universidade&hellip;<\/p>","protected":false},"author":1,"featured_media":0,"parent":0,"menu_order":0,"comment_status":"closed","ping_status":"closed","template":"","meta":{"footnotes":""},"class_list":["post-1761","page","type-page","status-publish","hentry"],"_links":{"self":[{"href":"https:\/\/inclusivecourts.pt\/en\/wp-json\/wp\/v2\/pages\/1761","targetHints":{"allow":["GET"]}}],"collection":[{"href":"https:\/\/inclusivecourts.pt\/en\/wp-json\/wp\/v2\/pages"}],"about":[{"href":"https:\/\/inclusivecourts.pt\/en\/wp-json\/wp\/v2\/types\/page"}],"author":[{"embeddable":true,"href":"https:\/\/inclusivecourts.pt\/en\/wp-json\/wp\/v2\/users\/1"}],"replies":[{"embeddable":true,"href":"https:\/\/inclusivecourts.pt\/en\/wp-json\/wp\/v2\/comments?post=1761"}],"version-history":[{"count":8,"href":"https:\/\/inclusivecourts.pt\/en\/wp-json\/wp\/v2\/pages\/1761\/revisions"}],"predecessor-version":[{"id":1770,"href":"https:\/\/inclusivecourts.pt\/en\/wp-json\/wp\/v2\/pages\/1761\/revisions\/1770"}],"wp:attachment":[{"href":"https:\/\/inclusivecourts.pt\/en\/wp-json\/wp\/v2\/media?parent=1761"}],"curies":[{"name":"wp","href":"https:\/\/api.w.org\/{rel}","templated":true}]}}