{"id":1741,"date":"2022-03-22T12:19:52","date_gmt":"2022-03-22T12:19:52","guid":{"rendered":"https:\/\/inclusivecourts.pt\/?page_id=1741"},"modified":"2022-03-22T12:21:05","modified_gmt":"2022-03-22T12:21:05","slug":"noticia44","status":"publish","type":"page","link":"https:\/\/inclusivecourts.pt\/en\/noticia44\/","title":{"rendered":"Sofia Pinto Oliveira debates reception of Ukrainian refugees in Portugal"},"content":{"rendered":"<div data-elementor-type=\"wp-page\" data-elementor-id=\"1741\" class=\"elementor elementor-1741\" data-elementor-post-type=\"page\">\n\t\t\t\t\t\t<section class=\"elementor-section elementor-top-section elementor-element elementor-element-b3b27e8 elementor-section-boxed elementor-section-height-default elementor-section-height-default\" data-id=\"b3b27e8\" data-element_type=\"section\" data-e-type=\"section\">\n\t\t\t\t\t\t<div class=\"elementor-container elementor-column-gap-default\">\n\t\t\t\t\t<div class=\"elementor-column elementor-col-100 elementor-top-column elementor-element elementor-element-950192f\" data-id=\"950192f\" data-element_type=\"column\" data-e-type=\"column\">\n\t\t\t<div class=\"elementor-widget-wrap elementor-element-populated\">\n\t\t\t\t\t\t<div class=\"elementor-element elementor-element-6ffdbba elementor-widget elementor-widget-text-editor\" data-id=\"6ffdbba\" data-element_type=\"widget\" data-e-type=\"widget\" data-widget_type=\"text-editor.default\">\n\t\t\t\t<div class=\"elementor-widget-container\">\n\t\t\t\t\t\t\t\t\t<p><strong>Ana Rita Sim\u00f5es Ribeiro is awarded the UMinho Prize for Initiation in Scientific Research<\/strong><\/p>\t\t\t\t\t\t\t\t<\/div>\n\t\t\t\t<\/div>\n\t\t\t\t<div class=\"elementor-element elementor-element-452dbed elementor-widget elementor-widget-text-editor\" data-id=\"452dbed\" data-element_type=\"widget\" data-e-type=\"widget\" data-widget_type=\"text-editor.default\">\n\t\t\t\t<div class=\"elementor-widget-container\">\n\t\t\t\t\t\t\t\t\t<p>Sofia Pinto Oliveira took part in a debate organised by Antena 1 Radio, on 16 March 2022, on the reception of Ukrainian refugees in Portugal. Present at the debate were also Andr\u00e9 Costa Jorge, coordinator of the Platform for Support to the Refugees (Plataforma de Apoio aos Refugiados), Cl\u00e1udia Pereira, Secretary of State for Integration and Migration, and Ros\u00e1rio Farmhouse, the head of the National Commission for the Promotion of the Rights of Children and Youths (Comiss\u00e3o Nacional de Promo\u00e7\u00e3o dos Direitos das Crian\u00e7as e Jovens).<\/p>\t\t\t\t\t\t\t\t<\/div>\n\t\t\t\t<\/div>\n\t\t\t\t<section class=\"elementor-section elementor-inner-section elementor-element elementor-element-fa5e046 elementor-section-boxed elementor-section-height-default elementor-section-height-default\" data-id=\"fa5e046\" data-element_type=\"section\" data-e-type=\"section\">\n\t\t\t\t\t\t<div class=\"elementor-container elementor-column-gap-default\">\n\t\t\t\t\t<div class=\"elementor-column elementor-col-100 elementor-inner-column elementor-element elementor-element-e78e9d9 elementor-invisible\" data-id=\"e78e9d9\" data-element_type=\"column\" data-e-type=\"column\" data-settings=\"{&quot;animation&quot;:&quot;fadeInDown&quot;}\">\n\t\t\t<div class=\"elementor-widget-wrap elementor-element-populated\">\n\t\t\t\t\t\t<div class=\"elementor-element elementor-element-3206b8e elementor-widget elementor-widget-image\" data-id=\"3206b8e\" data-element_type=\"widget\" data-e-type=\"widget\" data-settings=\"{&quot;_animation&quot;:&quot;none&quot;}\" data-widget_type=\"image.default\">\n\t\t\t\t<div class=\"elementor-widget-container\">\n\t\t\t\t\t\t\t\t\t\t\t\t\t\t\t<img fetchpriority=\"high\" decoding=\"async\" width=\"768\" height=\"420\" src=\"https:\/\/inclusivecourts.pt\/wp-content\/uploads\/2022\/03\/Img-Noticia44-768x420.jpg\" class=\"elementor-animation-grow attachment-medium_large size-medium_large wp-image-1743\" alt=\"\" srcset=\"https:\/\/inclusivecourts.pt\/wp-content\/uploads\/2022\/03\/Img-Noticia44-768x420.jpg 768w, https:\/\/inclusivecourts.pt\/wp-content\/uploads\/2022\/03\/Img-Noticia44-300x164.jpg 300w, https:\/\/inclusivecourts.pt\/wp-content\/uploads\/2022\/03\/Img-Noticia44-18x10.jpg 18w, https:\/\/inclusivecourts.pt\/wp-content\/uploads\/2022\/03\/Img-Noticia44.jpg 800w\" sizes=\"(max-width: 768px) 100vw, 768px\" \/>\t\t\t\t\t\t\t\t\t\t\t\t\t\t\t<\/div>\n\t\t\t\t<\/div>\n\t\t\t\t\t<\/div>\n\t\t<\/div>\n\t\t\t\t\t<\/div>\n\t\t<\/section>\n\t\t\t\t\t<\/div>\n\t\t<\/div>\n\t\t\t\t\t<\/div>\n\t\t<\/section>\n\t\t\t\t<\/div>","protected":false},"excerpt":{"rendered":"<p>Ana Rita Sim\u00f5es Ribeiro recebe Pr\u00e9mio UMinho de Inicia\u00e7\u00e3o na Investiga\u00e7\u00e3o Sofia Pinto Oliveira participou no debate promovido pela R\u00e1dio Antena 1, no dia 16 de mar\u00e7o de 2022, sobre o acolhimento de refugiados ucranianos em Portugal. Presentes no debate estiveram tamb\u00e9m Andr\u00e9 Costa Jorge, coordenador da Plataforma de Apoio aos Refugiados, Cl\u00e1udia Pereira, Secret\u00e1ria&hellip;<\/p>","protected":false},"author":1,"featured_media":0,"parent":0,"menu_order":0,"comment_status":"closed","ping_status":"closed","template":"","meta":{"footnotes":""},"class_list":["post-1741","page","type-page","status-publish","hentry"],"_links":{"self":[{"href":"https:\/\/inclusivecourts.pt\/en\/wp-json\/wp\/v2\/pages\/1741","targetHints":{"allow":["GET"]}}],"collection":[{"href":"https:\/\/inclusivecourts.pt\/en\/wp-json\/wp\/v2\/pages"}],"about":[{"href":"https:\/\/inclusivecourts.pt\/en\/wp-json\/wp\/v2\/types\/page"}],"author":[{"embeddable":true,"href":"https:\/\/inclusivecourts.pt\/en\/wp-json\/wp\/v2\/users\/1"}],"replies":[{"embeddable":true,"href":"https:\/\/inclusivecourts.pt\/en\/wp-json\/wp\/v2\/comments?post=1741"}],"version-history":[{"count":4,"href":"https:\/\/inclusivecourts.pt\/en\/wp-json\/wp\/v2\/pages\/1741\/revisions"}],"predecessor-version":[{"id":1746,"href":"https:\/\/inclusivecourts.pt\/en\/wp-json\/wp\/v2\/pages\/1741\/revisions\/1746"}],"wp:attachment":[{"href":"https:\/\/inclusivecourts.pt\/en\/wp-json\/wp\/v2\/media?parent=1741"}],"curies":[{"name":"wp","href":"https:\/\/api.w.org\/{rel}","templated":true}]}}