{"id":1611,"date":"2022-01-20T15:20:28","date_gmt":"2022-01-20T15:20:28","guid":{"rendered":"https:\/\/inclusivecourts.pt\/?page_id=1611"},"modified":"2022-01-20T15:22:20","modified_gmt":"2022-01-20T15:22:20","slug":"noticia42","status":"publish","type":"page","link":"https:\/\/inclusivecourts.pt\/en\/noticia42\/","title":{"rendered":"Patr\u00edcia Jer\u00f3nimo gives talk at international conference on Empathy"},"content":{"rendered":"<div data-elementor-type=\"wp-page\" data-elementor-id=\"1611\" class=\"elementor elementor-1611\" data-elementor-post-type=\"page\">\n\t\t\t\t\t\t<section class=\"elementor-section elementor-top-section elementor-element elementor-element-b3b27e8 elementor-section-boxed elementor-section-height-default elementor-section-height-default\" data-id=\"b3b27e8\" data-element_type=\"section\" data-e-type=\"section\">\n\t\t\t\t\t\t<div class=\"elementor-container elementor-column-gap-default\">\n\t\t\t\t\t<div class=\"elementor-column elementor-col-100 elementor-top-column elementor-element elementor-element-950192f\" data-id=\"950192f\" data-element_type=\"column\" data-e-type=\"column\">\n\t\t\t<div class=\"elementor-widget-wrap elementor-element-populated\">\n\t\t\t\t\t\t<div class=\"elementor-element elementor-element-6ffdbba elementor-widget elementor-widget-text-editor\" data-id=\"6ffdbba\" data-element_type=\"widget\" data-e-type=\"widget\" data-widget_type=\"text-editor.default\">\n\t\t\t\t<div class=\"elementor-widget-container\">\n\t\t\t\t\t\t\t\t\t<p><strong>Patr\u00edcia Jer\u00f3nimo gives talk at international conference on Empathy<\/strong><\/p>\t\t\t\t\t\t\t\t<\/div>\n\t\t\t\t<\/div>\n\t\t\t\t<div class=\"elementor-element elementor-element-452dbed elementor-widget elementor-widget-text-editor\" data-id=\"452dbed\" data-element_type=\"widget\" data-e-type=\"widget\" data-widget_type=\"text-editor.default\">\n\t\t\t\t<div class=\"elementor-widget-container\">\n\t\t\t\t\t\t\t\t\t<p>Patr\u00edcia Jer\u00f3nimo interveio como oradora na confer\u00eancia internacional e interdisciplinar intitulada <em>Sympatheia \/ Einf\u00fchlung \/ Empathy:<\/em> <em>On the History of Understanding and Feeling Otherness<\/em>, organizada na Faculdade de Letras da Universidade de Lisboa, entre os dias 17 e 19 de janeiro de 2022. Na sua comunica\u00e7\u00e3o, intitulada \u201cEmpathy, Diversity and the Judiciary\u201d, Patr\u00edcia Jer\u00f3nimo discutiu os argumentos apresentados pelos v\u00e1rios campos no debate sobre a correla\u00e7\u00e3o entre empatia, imparcialidade e justi\u00e7a, pondo-os em di\u00e1logo com os dados relativos \u00e0 pr\u00e1tica judicial portuguesa, obtidos at\u00e9 ao momento no projeto InclusiveCourts.<\/p>\t\t\t\t\t\t\t\t<\/div>\n\t\t\t\t<\/div>\n\t\t\t\t<section class=\"elementor-section elementor-inner-section elementor-element elementor-element-fa5e046 elementor-section-boxed elementor-section-height-default elementor-section-height-default\" data-id=\"fa5e046\" data-element_type=\"section\" data-e-type=\"section\">\n\t\t\t\t\t\t<div class=\"elementor-container elementor-column-gap-default\">\n\t\t\t\t\t<div class=\"elementor-column elementor-col-100 elementor-inner-column elementor-element elementor-element-e78e9d9 elementor-invisible\" data-id=\"e78e9d9\" data-element_type=\"column\" data-e-type=\"column\" data-settings=\"{&quot;animation&quot;:&quot;fadeInDown&quot;}\">\n\t\t\t<div class=\"elementor-widget-wrap elementor-element-populated\">\n\t\t\t\t\t\t<div class=\"elementor-element elementor-element-3206b8e elementor-widget elementor-widget-image\" data-id=\"3206b8e\" data-element_type=\"widget\" data-e-type=\"widget\" data-settings=\"{&quot;_animation&quot;:&quot;none&quot;}\" data-widget_type=\"image.default\">\n\t\t\t\t<div class=\"elementor-widget-container\">\n\t\t\t\t\t\t\t\t\t\t\t\t\t\t\t<img fetchpriority=\"high\" decoding=\"async\" width=\"668\" height=\"490\" src=\"https:\/\/inclusivecourts.pt\/wp-content\/uploads\/2022\/01\/cartaz-empatia.jpg\" class=\"elementor-animation-grow attachment-medium_large size-medium_large wp-image-1613\" alt=\"\" srcset=\"https:\/\/inclusivecourts.pt\/wp-content\/uploads\/2022\/01\/cartaz-empatia.jpg 668w, https:\/\/inclusivecourts.pt\/wp-content\/uploads\/2022\/01\/cartaz-empatia-300x220.jpg 300w, https:\/\/inclusivecourts.pt\/wp-content\/uploads\/2022\/01\/cartaz-empatia-16x12.jpg 16w\" sizes=\"(max-width: 668px) 100vw, 668px\" \/>\t\t\t\t\t\t\t\t\t\t\t\t\t\t\t<\/div>\n\t\t\t\t<\/div>\n\t\t\t\t\t<\/div>\n\t\t<\/div>\n\t\t\t\t\t<\/div>\n\t\t<\/section>\n\t\t\t\t\t<\/div>\n\t\t<\/div>\n\t\t\t\t\t<\/div>\n\t\t<\/section>\n\t\t\t\t<\/div>","protected":false},"excerpt":{"rendered":"<p>Patr\u00edcia Jer\u00f3nimo participa em confer\u00eancia internacional sobre Empatia Patr\u00edcia Jer\u00f3nimo interveio como oradora na confer\u00eancia internacional e interdisciplinar intitulada Sympatheia \/ Einf\u00fchlung \/ Empathy: On the History of Understanding and Feeling Otherness, organizada na Faculdade de Letras da Universidade de Lisboa, entre os dias 17 e 19 de janeiro de 2022. Na sua comunica\u00e7\u00e3o, intitulada&hellip;<\/p>","protected":false},"author":1,"featured_media":0,"parent":0,"menu_order":0,"comment_status":"closed","ping_status":"closed","template":"","meta":{"footnotes":""},"class_list":["post-1611","page","type-page","status-publish","hentry"],"_links":{"self":[{"href":"https:\/\/inclusivecourts.pt\/en\/wp-json\/wp\/v2\/pages\/1611","targetHints":{"allow":["GET"]}}],"collection":[{"href":"https:\/\/inclusivecourts.pt\/en\/wp-json\/wp\/v2\/pages"}],"about":[{"href":"https:\/\/inclusivecourts.pt\/en\/wp-json\/wp\/v2\/types\/page"}],"author":[{"embeddable":true,"href":"https:\/\/inclusivecourts.pt\/en\/wp-json\/wp\/v2\/users\/1"}],"replies":[{"embeddable":true,"href":"https:\/\/inclusivecourts.pt\/en\/wp-json\/wp\/v2\/comments?post=1611"}],"version-history":[{"count":4,"href":"https:\/\/inclusivecourts.pt\/en\/wp-json\/wp\/v2\/pages\/1611\/revisions"}],"predecessor-version":[{"id":1616,"href":"https:\/\/inclusivecourts.pt\/en\/wp-json\/wp\/v2\/pages\/1611\/revisions\/1616"}],"wp:attachment":[{"href":"https:\/\/inclusivecourts.pt\/en\/wp-json\/wp\/v2\/media?parent=1611"}],"curies":[{"name":"wp","href":"https:\/\/api.w.org\/{rel}","templated":true}]}}