{"id":1579,"date":"2022-01-05T16:39:26","date_gmt":"2022-01-05T16:39:26","guid":{"rendered":"https:\/\/inclusivecourts.pt\/?page_id=1579"},"modified":"2023-01-25T19:09:22","modified_gmt":"2023-01-25T19:09:22","slug":"noticia41","status":"publish","type":"page","link":"https:\/\/inclusivecourts.pt\/en\/noticia41\/","title":{"rendered":"Pollynne Cavalcante Holanda defends her dissertation on integration of refugees"},"content":{"rendered":"<div data-elementor-type=\"wp-page\" data-elementor-id=\"1579\" class=\"elementor elementor-1579\" data-elementor-post-type=\"page\">\n\t\t\t\t\t\t<section class=\"elementor-section elementor-top-section elementor-element elementor-element-b3b27e8 elementor-section-boxed elementor-section-height-default elementor-section-height-default\" data-id=\"b3b27e8\" data-element_type=\"section\" data-e-type=\"section\">\n\t\t\t\t\t\t<div class=\"elementor-container elementor-column-gap-default\">\n\t\t\t\t\t<div class=\"elementor-column elementor-col-100 elementor-top-column elementor-element elementor-element-950192f\" data-id=\"950192f\" data-element_type=\"column\" data-e-type=\"column\">\n\t\t\t<div class=\"elementor-widget-wrap elementor-element-populated\">\n\t\t\t\t\t\t<div class=\"elementor-element elementor-element-6ffdbba elementor-widget elementor-widget-text-editor\" data-id=\"6ffdbba\" data-element_type=\"widget\" data-e-type=\"widget\" data-widget_type=\"text-editor.default\">\n\t\t\t\t<div class=\"elementor-widget-container\">\n\t\t\t\t\t\t\t\t\t<p><strong>Pollynne Cavalcante Holanda<\/strong> <strong>defende disserta\u00e7\u00e3o sobre integra\u00e7\u00e3o de refugiados<\/strong><\/p>\t\t\t\t\t\t\t\t<\/div>\n\t\t\t\t<\/div>\n\t\t\t\t<div class=\"elementor-element elementor-element-452dbed elementor-widget elementor-widget-text-editor\" data-id=\"452dbed\" data-element_type=\"widget\" data-e-type=\"widget\" data-widget_type=\"text-editor.default\">\n\t\t\t\t<div class=\"elementor-widget-container\">\n\t\t\t\t\t\t\t\t\t<p>Pollynne Cavalcante Holanda, estudante do Mestrado em Direitos Humanos da Escola de Direito da Universidade do Minho e colaboradora do projeto InclusiveCourts, defendeu a sua disserta\u00e7\u00e3o de Mestrado no dia 4 de janeiro de 2022, tendo obtido a classifica\u00e7\u00e3o de 18 valores (Excelente). A disserta\u00e7\u00e3o tem como t\u00edtulo <em>As Barreiras Lingu\u00edsticas do Ref\u00fagio: Perspetivas de Integra\u00e7\u00e3o e Acolhimento nas Aulas de L\u00edngua Portuguesa Oferecidas pelo Conselho Portugu\u00eas para os Refugiados<\/em> e foi desenvolvida sob orienta\u00e7\u00e3o de Patr\u00edcia Jer\u00f3nimo e de Fernando Ferreira Alves.<\/p><p class=\"translation-block\">The dissertation will be available from the University of Minho\u2019s Repository, at   https:\/\/repositorium.sdum.uminho.pt\/?locale=en<\/p>\t\t\t\t\t\t\t\t<\/div>\n\t\t\t\t<\/div>\n\t\t\t\t<section class=\"elementor-section elementor-inner-section elementor-element elementor-element-fa5e046 elementor-section-boxed elementor-section-height-default elementor-section-height-default\" data-id=\"fa5e046\" data-element_type=\"section\" data-e-type=\"section\">\n\t\t\t\t\t\t<div class=\"elementor-container elementor-column-gap-default\">\n\t\t\t\t\t<div class=\"elementor-column elementor-col-100 elementor-inner-column elementor-element elementor-element-e78e9d9 elementor-invisible\" data-id=\"e78e9d9\" data-element_type=\"column\" data-e-type=\"column\" data-settings=\"{&quot;animation&quot;:&quot;fadeInDown&quot;}\">\n\t\t\t<div class=\"elementor-widget-wrap elementor-element-populated\">\n\t\t\t\t\t\t<div class=\"elementor-element elementor-element-3206b8e elementor-widget elementor-widget-image\" data-id=\"3206b8e\" data-element_type=\"widget\" data-e-type=\"widget\" data-settings=\"{&quot;_animation&quot;:&quot;none&quot;}\" data-widget_type=\"image.default\">\n\t\t\t\t<div class=\"elementor-widget-container\">\n\t\t\t\t\t\t\t\t\t\t\t\t\t\t\t<img fetchpriority=\"high\" decoding=\"async\" width=\"768\" height=\"432\" src=\"https:\/\/inclusivecourts.pt\/wp-content\/uploads\/2022\/01\/Provas-Pollynne-768x432.jpg\" class=\"elementor-animation-grow attachment-medium_large size-medium_large wp-image-1572\" alt=\"\" srcset=\"https:\/\/inclusivecourts.pt\/wp-content\/uploads\/2022\/01\/Provas-Pollynne-768x432.jpg 768w, https:\/\/inclusivecourts.pt\/wp-content\/uploads\/2022\/01\/Provas-Pollynne-300x169.jpg 300w, https:\/\/inclusivecourts.pt\/wp-content\/uploads\/2022\/01\/Provas-Pollynne-18x10.jpg 18w, https:\/\/inclusivecourts.pt\/wp-content\/uploads\/2022\/01\/Provas-Pollynne.jpg 841w\" sizes=\"(max-width: 768px) 100vw, 768px\" \/>\t\t\t\t\t\t\t\t\t\t\t\t\t\t\t<\/div>\n\t\t\t\t<\/div>\n\t\t\t\t\t<\/div>\n\t\t<\/div>\n\t\t\t\t\t<\/div>\n\t\t<\/section>\n\t\t\t\t\t<\/div>\n\t\t<\/div>\n\t\t\t\t\t<\/div>\n\t\t<\/section>\n\t\t\t\t<\/div>","protected":false},"excerpt":{"rendered":"<p>Pollynne Cavalcante Holanda defende disserta\u00e7\u00e3o sobre integra\u00e7\u00e3o de refugiados Pollynne Cavalcante Holanda, estudante do Mestrado em Direitos Humanos da Escola de Direito da Universidade do Minho e colaboradora do projeto InclusiveCourts, defendeu a sua disserta\u00e7\u00e3o de Mestrado no dia 4 de janeiro de 2022, tendo obtido a classifica\u00e7\u00e3o de 18 valores (Excelente). A disserta\u00e7\u00e3o tem&hellip;<\/p>","protected":false},"author":1,"featured_media":0,"parent":0,"menu_order":0,"comment_status":"closed","ping_status":"closed","template":"","meta":{"footnotes":""},"class_list":["post-1579","page","type-page","status-publish","hentry"],"_links":{"self":[{"href":"https:\/\/inclusivecourts.pt\/en\/wp-json\/wp\/v2\/pages\/1579","targetHints":{"allow":["GET"]}}],"collection":[{"href":"https:\/\/inclusivecourts.pt\/en\/wp-json\/wp\/v2\/pages"}],"about":[{"href":"https:\/\/inclusivecourts.pt\/en\/wp-json\/wp\/v2\/types\/page"}],"author":[{"embeddable":true,"href":"https:\/\/inclusivecourts.pt\/en\/wp-json\/wp\/v2\/users\/1"}],"replies":[{"embeddable":true,"href":"https:\/\/inclusivecourts.pt\/en\/wp-json\/wp\/v2\/comments?post=1579"}],"version-history":[{"count":10,"href":"https:\/\/inclusivecourts.pt\/en\/wp-json\/wp\/v2\/pages\/1579\/revisions"}],"predecessor-version":[{"id":2458,"href":"https:\/\/inclusivecourts.pt\/en\/wp-json\/wp\/v2\/pages\/1579\/revisions\/2458"}],"wp:attachment":[{"href":"https:\/\/inclusivecourts.pt\/en\/wp-json\/wp\/v2\/media?parent=1579"}],"curies":[{"name":"wp","href":"https:\/\/api.w.org\/{rel}","templated":true}]}}