{"id":1525,"date":"2021-11-17T12:42:28","date_gmt":"2021-11-17T12:42:28","guid":{"rendered":"https:\/\/inclusivecourts.pt\/?page_id=1525"},"modified":"2021-11-17T12:45:54","modified_gmt":"2021-11-17T12:45:54","slug":"noticia38","status":"publish","type":"page","link":"https:\/\/inclusivecourts.pt\/en\/noticia38\/","title":{"rendered":"Maria Jo\u00e3o Alves awarded the UMinho Prize for Initiation in Scientific Research 2021"},"content":{"rendered":"<div data-elementor-type=\"wp-page\" data-elementor-id=\"1525\" class=\"elementor elementor-1525\" data-elementor-post-type=\"page\">\n\t\t\t\t\t\t<section class=\"elementor-section elementor-top-section elementor-element elementor-element-b3b27e8 elementor-section-boxed elementor-section-height-default elementor-section-height-default\" data-id=\"b3b27e8\" data-element_type=\"section\" data-e-type=\"section\">\n\t\t\t\t\t\t<div class=\"elementor-container elementor-column-gap-default\">\n\t\t\t\t\t<div class=\"elementor-column elementor-col-100 elementor-top-column elementor-element elementor-element-950192f\" data-id=\"950192f\" data-element_type=\"column\" data-e-type=\"column\">\n\t\t\t<div class=\"elementor-widget-wrap elementor-element-populated\">\n\t\t\t\t\t\t<div class=\"elementor-element elementor-element-6ffdbba elementor-widget elementor-widget-text-editor\" data-id=\"6ffdbba\" data-element_type=\"widget\" data-e-type=\"widget\" data-widget_type=\"text-editor.default\">\n\t\t\t\t<div class=\"elementor-widget-container\">\n\t\t\t\t\t\t\t\t\t<p><strong>Maria Jo\u00e3o Alves awarded the UMinho Prize for Initiation in Scientific Research 2021<\/strong><\/p>\t\t\t\t\t\t\t\t<\/div>\n\t\t\t\t<\/div>\n\t\t\t\t<div class=\"elementor-element elementor-element-452dbed elementor-widget elementor-widget-text-editor\" data-id=\"452dbed\" data-element_type=\"widget\" data-e-type=\"widget\" data-widget_type=\"text-editor.default\">\n\t\t\t\t<div class=\"elementor-widget-container\">\n\t\t\t\t\t\t\t\t\t<p>O projeto InclusiveCourts voltou a estar entre os vencedores na edi\u00e7\u00e3o de 2021 do Pr\u00e9mio UMinho de Inicia\u00e7\u00e3o na Investiga\u00e7\u00e3o Cient\u00edfica. Maria Jo\u00e3o Alves, estudante do Curso de Direito na Universidade do Minho, foi uma das galardoadas do painel de Ci\u00eancias Sociais e Humanas, na sess\u00e3o de apresenta\u00e7\u00e3o p\u00fablica dos projetos a concurso, que teve lugar no Campus de Gualtar, em Braga, no dia 12 de novembro de 2021. O trabalho apresentado por Maria Jo\u00e3o Alves foi desenvolvido sob orienta\u00e7\u00e3o de Patr\u00edcia Jer\u00f3nimo, em estreita liga\u00e7\u00e3o com o projeto InclusiveCourts, e teve como tema \u201cG\u00e9nero e Diferen\u00e7a Cultural na Jurisprud\u00eancia dos Tribunais Portugueses\u201d.<\/p>\t\t\t\t\t\t\t\t<\/div>\n\t\t\t\t<\/div>\n\t\t\t\t<section class=\"elementor-section elementor-inner-section elementor-element elementor-element-fa5e046 elementor-section-boxed elementor-section-height-default elementor-section-height-default\" data-id=\"fa5e046\" data-element_type=\"section\" data-e-type=\"section\">\n\t\t\t\t\t\t<div class=\"elementor-container elementor-column-gap-default\">\n\t\t\t\t\t<div class=\"elementor-column elementor-col-100 elementor-inner-column elementor-element elementor-element-e78e9d9 elementor-invisible\" data-id=\"e78e9d9\" data-element_type=\"column\" data-e-type=\"column\" data-settings=\"{&quot;animation&quot;:&quot;fadeInDown&quot;}\">\n\t\t\t<div class=\"elementor-widget-wrap elementor-element-populated\">\n\t\t\t\t\t\t<div class=\"elementor-element elementor-element-3206b8e elementor-widget elementor-widget-image\" data-id=\"3206b8e\" data-element_type=\"widget\" data-e-type=\"widget\" data-settings=\"{&quot;_animation&quot;:&quot;none&quot;}\" data-widget_type=\"image.default\">\n\t\t\t\t<div class=\"elementor-widget-container\">\n\t\t\t\t\t\t\t\t\t\t\t\t\t\t\t<img fetchpriority=\"high\" decoding=\"async\" width=\"600\" height=\"188\" src=\"https:\/\/inclusivecourts.pt\/wp-content\/uploads\/2021\/11\/PREMIO-UIIC-2021-banner-UMinho.jpg\" class=\"elementor-animation-grow attachment-medium_large size-medium_large wp-image-1531\" alt=\"\" srcset=\"https:\/\/inclusivecourts.pt\/wp-content\/uploads\/2021\/11\/PREMIO-UIIC-2021-banner-UMinho.jpg 600w, https:\/\/inclusivecourts.pt\/wp-content\/uploads\/2021\/11\/PREMIO-UIIC-2021-banner-UMinho-300x94.jpg 300w, https:\/\/inclusivecourts.pt\/wp-content\/uploads\/2021\/11\/PREMIO-UIIC-2021-banner-UMinho-18x6.jpg 18w\" sizes=\"(max-width: 600px) 100vw, 600px\" \/>\t\t\t\t\t\t\t\t\t\t\t\t\t\t\t<\/div>\n\t\t\t\t<\/div>\n\t\t\t\t\t<\/div>\n\t\t<\/div>\n\t\t\t\t\t<\/div>\n\t\t<\/section>\n\t\t\t\t<section class=\"elementor-section elementor-inner-section elementor-element elementor-element-2c31dbb elementor-section-boxed elementor-section-height-default elementor-section-height-default\" data-id=\"2c31dbb\" data-element_type=\"section\" data-e-type=\"section\">\n\t\t\t\t\t\t<div class=\"elementor-container elementor-column-gap-default\">\n\t\t\t\t\t<div class=\"elementor-column elementor-col-33 elementor-inner-column elementor-element elementor-element-0525d9f elementor-invisible\" data-id=\"0525d9f\" data-element_type=\"column\" data-e-type=\"column\" data-settings=\"{&quot;animation&quot;:&quot;fadeInDown&quot;}\">\n\t\t\t<div class=\"elementor-widget-wrap elementor-element-populated\">\n\t\t\t\t\t\t<div class=\"elementor-element elementor-element-25a6641 elementor-widget elementor-widget-image\" data-id=\"25a6641\" data-element_type=\"widget\" data-e-type=\"widget\" data-settings=\"{&quot;_animation&quot;:&quot;none&quot;}\" data-widget_type=\"image.default\">\n\t\t\t\t<div class=\"elementor-widget-container\">\n\t\t\t\t\t\t\t\t\t\t\t\t\t\t\t<img decoding=\"async\" width=\"768\" height=\"483\" src=\"https:\/\/inclusivecourts.pt\/wp-content\/uploads\/2021\/11\/255811921_1719346041594783_1914438797122585699_n-1-768x483.jpg\" class=\"elementor-animation-grow attachment-medium_large size-medium_large wp-image-1530\" alt=\"\" srcset=\"https:\/\/inclusivecourts.pt\/wp-content\/uploads\/2021\/11\/255811921_1719346041594783_1914438797122585699_n-1-768x483.jpg 768w, https:\/\/inclusivecourts.pt\/wp-content\/uploads\/2021\/11\/255811921_1719346041594783_1914438797122585699_n-1-300x189.jpg 300w, https:\/\/inclusivecourts.pt\/wp-content\/uploads\/2021\/11\/255811921_1719346041594783_1914438797122585699_n-1-18x12.jpg 18w, https:\/\/inclusivecourts.pt\/wp-content\/uploads\/2021\/11\/255811921_1719346041594783_1914438797122585699_n-1.jpg 992w\" sizes=\"(max-width: 768px) 100vw, 768px\" \/>\t\t\t\t\t\t\t\t\t\t\t\t\t\t\t<\/div>\n\t\t\t\t<\/div>\n\t\t\t\t\t<\/div>\n\t\t<\/div>\n\t\t\t\t<div class=\"elementor-column elementor-col-33 elementor-inner-column elementor-element elementor-element-7182993 elementor-invisible\" data-id=\"7182993\" data-element_type=\"column\" data-e-type=\"column\" data-settings=\"{&quot;animation&quot;:&quot;fadeInDown&quot;}\">\n\t\t\t<div class=\"elementor-widget-wrap elementor-element-populated\">\n\t\t\t\t\t\t<div class=\"elementor-element elementor-element-fc35d08 elementor-widget elementor-widget-image\" data-id=\"fc35d08\" data-element_type=\"widget\" data-e-type=\"widget\" data-settings=\"{&quot;_animation&quot;:&quot;none&quot;}\" data-widget_type=\"image.default\">\n\t\t\t\t<div class=\"elementor-widget-container\">\n\t\t\t\t\t\t\t\t\t\t\t\t\t\t\t<img decoding=\"async\" width=\"768\" height=\"523\" src=\"https:\/\/inclusivecourts.pt\/wp-content\/uploads\/2021\/11\/255368183_1268920120215366_731514942742487641_n-768x523.jpg\" class=\"elementor-animation-grow attachment-medium_large size-medium_large wp-image-1529\" alt=\"\" srcset=\"https:\/\/inclusivecourts.pt\/wp-content\/uploads\/2021\/11\/255368183_1268920120215366_731514942742487641_n-768x523.jpg 768w, https:\/\/inclusivecourts.pt\/wp-content\/uploads\/2021\/11\/255368183_1268920120215366_731514942742487641_n-300x204.jpg 300w, https:\/\/inclusivecourts.pt\/wp-content\/uploads\/2021\/11\/255368183_1268920120215366_731514942742487641_n-1024x697.jpg 1024w, https:\/\/inclusivecourts.pt\/wp-content\/uploads\/2021\/11\/255368183_1268920120215366_731514942742487641_n-1536x1046.jpg 1536w, https:\/\/inclusivecourts.pt\/wp-content\/uploads\/2021\/11\/255368183_1268920120215366_731514942742487641_n-18x12.jpg 18w, https:\/\/inclusivecourts.pt\/wp-content\/uploads\/2021\/11\/255368183_1268920120215366_731514942742487641_n.jpg 1599w\" sizes=\"(max-width: 768px) 100vw, 768px\" \/>\t\t\t\t\t\t\t\t\t\t\t\t\t\t\t<\/div>\n\t\t\t\t<\/div>\n\t\t\t\t\t<\/div>\n\t\t<\/div>\n\t\t\t\t<div class=\"elementor-column elementor-col-33 elementor-inner-column elementor-element elementor-element-d791294 elementor-invisible\" data-id=\"d791294\" data-element_type=\"column\" data-e-type=\"column\" data-settings=\"{&quot;animation&quot;:&quot;fadeInDown&quot;}\">\n\t\t\t<div class=\"elementor-widget-wrap elementor-element-populated\">\n\t\t\t\t\t\t<div class=\"elementor-element elementor-element-22d08cf elementor-widget elementor-widget-image\" data-id=\"22d08cf\" data-element_type=\"widget\" data-e-type=\"widget\" data-settings=\"{&quot;_animation&quot;:&quot;none&quot;}\" data-widget_type=\"image.default\">\n\t\t\t\t<div class=\"elementor-widget-container\">\n\t\t\t\t\t\t\t\t\t\t\t\t\t\t\t<img loading=\"lazy\" decoding=\"async\" width=\"768\" height=\"1024\" src=\"https:\/\/inclusivecourts.pt\/wp-content\/uploads\/2021\/11\/247332611_1268920123548699_234885840117214558_n-768x1024.jpg\" class=\"elementor-animation-grow attachment-medium_large size-medium_large wp-image-1528\" alt=\"\" srcset=\"https:\/\/inclusivecourts.pt\/wp-content\/uploads\/2021\/11\/247332611_1268920123548699_234885840117214558_n-768x1024.jpg 768w, https:\/\/inclusivecourts.pt\/wp-content\/uploads\/2021\/11\/247332611_1268920123548699_234885840117214558_n-225x300.jpg 225w, https:\/\/inclusivecourts.pt\/wp-content\/uploads\/2021\/11\/247332611_1268920123548699_234885840117214558_n-1152x1536.jpg 1152w, https:\/\/inclusivecourts.pt\/wp-content\/uploads\/2021\/11\/247332611_1268920123548699_234885840117214558_n-9x12.jpg 9w, https:\/\/inclusivecourts.pt\/wp-content\/uploads\/2021\/11\/247332611_1268920123548699_234885840117214558_n.jpg 1536w\" sizes=\"(max-width: 768px) 100vw, 768px\" \/>\t\t\t\t\t\t\t\t\t\t\t\t\t\t\t<\/div>\n\t\t\t\t<\/div>\n\t\t\t\t\t<\/div>\n\t\t<\/div>\n\t\t\t\t\t<\/div>\n\t\t<\/section>\n\t\t\t\t\t<\/div>\n\t\t<\/div>\n\t\t\t\t\t<\/div>\n\t\t<\/section>\n\t\t\t\t<\/div>","protected":false},"excerpt":{"rendered":"<p>Maria Jo\u00e3o Alves galardoada com o Pr\u00e9mio UMinho de Inicia\u00e7\u00e3o na Investiga\u00e7\u00e3o Cient\u00edfica 2021 O projeto InclusiveCourts voltou a estar entre os vencedores na edi\u00e7\u00e3o de 2021 do Pr\u00e9mio UMinho de Inicia\u00e7\u00e3o na Investiga\u00e7\u00e3o Cient\u00edfica. Maria Jo\u00e3o Alves, estudante do Curso de Direito na Universidade do Minho, foi uma das galardoadas do painel de Ci\u00eancias&hellip;<\/p>","protected":false},"author":1,"featured_media":0,"parent":0,"menu_order":0,"comment_status":"closed","ping_status":"closed","template":"","meta":{"footnotes":""},"class_list":["post-1525","page","type-page","status-publish","hentry"],"_links":{"self":[{"href":"https:\/\/inclusivecourts.pt\/en\/wp-json\/wp\/v2\/pages\/1525","targetHints":{"allow":["GET"]}}],"collection":[{"href":"https:\/\/inclusivecourts.pt\/en\/wp-json\/wp\/v2\/pages"}],"about":[{"href":"https:\/\/inclusivecourts.pt\/en\/wp-json\/wp\/v2\/types\/page"}],"author":[{"embeddable":true,"href":"https:\/\/inclusivecourts.pt\/en\/wp-json\/wp\/v2\/users\/1"}],"replies":[{"embeddable":true,"href":"https:\/\/inclusivecourts.pt\/en\/wp-json\/wp\/v2\/comments?post=1525"}],"version-history":[{"count":4,"href":"https:\/\/inclusivecourts.pt\/en\/wp-json\/wp\/v2\/pages\/1525\/revisions"}],"predecessor-version":[{"id":1534,"href":"https:\/\/inclusivecourts.pt\/en\/wp-json\/wp\/v2\/pages\/1525\/revisions\/1534"}],"wp:attachment":[{"href":"https:\/\/inclusivecourts.pt\/en\/wp-json\/wp\/v2\/media?parent=1525"}],"curies":[{"name":"wp","href":"https:\/\/api.w.org\/{rel}","templated":true}]}}