{"id":1292,"date":"2021-06-14T14:33:51","date_gmt":"2021-06-14T14:33:51","guid":{"rendered":"https:\/\/inclusivecourts.pt\/?page_id=1292"},"modified":"2021-06-14T14:35:51","modified_gmt":"2021-06-14T14:35:51","slug":"noticia33","status":"publish","type":"page","link":"https:\/\/inclusivecourts.pt\/en\/noticia33\/","title":{"rendered":"InclusiveCourts is again part of the UMinho Prize for Initiation in Scientific Research, this time with Maria Jo\u00e3o Alves"},"content":{"rendered":"<div data-elementor-type=\"wp-page\" data-elementor-id=\"1292\" class=\"elementor elementor-1292\" data-elementor-post-type=\"page\">\n\t\t\t\t\t\t<section class=\"elementor-section elementor-top-section elementor-element elementor-element-b3b27e8 elementor-section-boxed elementor-section-height-default elementor-section-height-default\" data-id=\"b3b27e8\" data-element_type=\"section\" data-e-type=\"section\">\n\t\t\t\t\t\t<div class=\"elementor-container elementor-column-gap-default\">\n\t\t\t\t\t<div class=\"elementor-column elementor-col-100 elementor-top-column elementor-element elementor-element-950192f\" data-id=\"950192f\" data-element_type=\"column\" data-e-type=\"column\">\n\t\t\t<div class=\"elementor-widget-wrap elementor-element-populated\">\n\t\t\t\t\t\t<div class=\"elementor-element elementor-element-6ffdbba elementor-widget elementor-widget-text-editor\" data-id=\"6ffdbba\" data-element_type=\"widget\" data-e-type=\"widget\" data-widget_type=\"text-editor.default\">\n\t\t\t\t<div class=\"elementor-widget-container\">\n\t\t\t\t\t\t\t\t\t<p style=\"text-align: justify; background: white; margin: 0cm 0cm 7.5pt 0cm;\"><strong>InclusiveCourts is again part of the UMinho Prize for Initiation in Scientific Research, this time with Maria Jo\u00e3o Alves<\/strong><\/p>\t\t\t\t\t\t\t\t<\/div>\n\t\t\t\t<\/div>\n\t\t\t\t<div class=\"elementor-element elementor-element-452dbed elementor-widget elementor-widget-text-editor\" data-id=\"452dbed\" data-element_type=\"widget\" data-e-type=\"widget\" data-widget_type=\"text-editor.default\">\n\t\t\t\t<div class=\"elementor-widget-container\">\n\t\t\t\t\t\t\t\t\t<p><strong>Maria Jo\u00e3o Alves, third year student at the Law School of the University of Minho, was selected to develop a six months\u2019 research project together with the InclusiveCourts\u2019 team, in the framework of the UMinho Prize for Initiation in Scientific Research 2021.<\/strong><\/p><p>Maria Jo\u00e3o Alves, aluna do 3.\u00ba ano do Curso de Direito da Universidade do Minho, foi selecionada para desenvolver um projeto de investiga\u00e7\u00e3o de seis meses, em conjunto com a equipa do InclusiveCourts, no quadro do Pr\u00e9mio UMinho de Inicia\u00e7\u00e3o na Investiga\u00e7\u00e3o Cient\u00edfica 2021. O projeto tem como t\u00edtulo \u201cG\u00e9nero e diferen\u00e7a cultural na jurisprud\u00eancia dos tribunais portugueses\u201d e vai decorrer entre 15 de junho e 15 de dezembro de 2021. O projeto consiste em analisar o modo como as quest\u00f5es de g\u00e9nero se cruzam com argumentos culturais na jurisprud\u00eancia dos tribunais portugueses, a partir do invent\u00e1rio de jurisprud\u00eancia realizado pela equipa do InclusiveCourts e tendo por refer\u00eancia os debates doutrinais sobre igualdade de g\u00e9nero, interseccionalidade e multiculturalismo. \u00a0O objetivo \u00e9 construir uma tipologia de casos e publicar um artigo com a s\u00edntese anal\u00edtica numa revista <em>peer reviewed<\/em> de circula\u00e7\u00e3o internacional. Os trabalhos decorrer\u00e3o sob a orienta\u00e7\u00e3o de Patr\u00edcia Jer\u00f3nimo, Investigadora Respons\u00e1vel do InclusiveCourts.<\/p>\t\t\t\t\t\t\t\t<\/div>\n\t\t\t\t<\/div>\n\t\t\t\t<section class=\"elementor-section elementor-inner-section elementor-element elementor-element-fa5e046 elementor-section-boxed elementor-section-height-default elementor-section-height-default\" data-id=\"fa5e046\" data-element_type=\"section\" data-e-type=\"section\">\n\t\t\t\t\t\t<div class=\"elementor-container elementor-column-gap-default\">\n\t\t\t\t\t<div class=\"elementor-column elementor-col-100 elementor-inner-column elementor-element elementor-element-e78e9d9 elementor-invisible\" data-id=\"e78e9d9\" data-element_type=\"column\" data-e-type=\"column\" data-settings=\"{&quot;animation&quot;:&quot;fadeInDown&quot;}\">\n\t\t\t<div class=\"elementor-widget-wrap elementor-element-populated\">\n\t\t\t\t\t\t<div class=\"elementor-element elementor-element-3206b8e elementor-widget elementor-widget-image\" data-id=\"3206b8e\" data-element_type=\"widget\" data-e-type=\"widget\" data-settings=\"{&quot;_animation&quot;:&quot;none&quot;}\" data-widget_type=\"image.default\">\n\t\t\t\t<div class=\"elementor-widget-container\">\n\t\t\t\t\t\t\t\t\t\t\t\t\t\t\t<img fetchpriority=\"high\" decoding=\"async\" width=\"323\" height=\"314\" src=\"https:\/\/inclusivecourts.pt\/wp-content\/uploads\/2021\/06\/Img-Not33.jpg\" class=\"elementor-animation-grow attachment-medium_large size-medium_large wp-image-1294\" alt=\"\" srcset=\"https:\/\/inclusivecourts.pt\/wp-content\/uploads\/2021\/06\/Img-Not33.jpg 323w, https:\/\/inclusivecourts.pt\/wp-content\/uploads\/2021\/06\/Img-Not33-300x292.jpg 300w, https:\/\/inclusivecourts.pt\/wp-content\/uploads\/2021\/06\/Img-Not33-12x12.jpg 12w\" sizes=\"(max-width: 323px) 100vw, 323px\" \/>\t\t\t\t\t\t\t\t\t\t\t\t\t\t\t<\/div>\n\t\t\t\t<\/div>\n\t\t\t\t\t<\/div>\n\t\t<\/div>\n\t\t\t\t\t<\/div>\n\t\t<\/section>\n\t\t\t\t\t<\/div>\n\t\t<\/div>\n\t\t\t\t\t<\/div>\n\t\t<\/section>\n\t\t\t\t<\/div>","protected":false},"excerpt":{"rendered":"<p>O projeto InclusiveCourts volta a participar no Pr\u00e9mio UMinho de Inicia\u00e7\u00e3o na Investiga\u00e7\u00e3o Cient\u00edfica, agora, com a aluna Maria Jo\u00e3o Alves Maria Jo\u00e3o Alves, aluna do 3.\u00ba ano do Curso de Direito da Universidade do Minho, foi selecionada para desenvolver um projeto de investiga\u00e7\u00e3o de seis meses, em conjunto com a equipa do InclusiveCourts, no&hellip;<\/p>","protected":false},"author":1,"featured_media":0,"parent":0,"menu_order":0,"comment_status":"closed","ping_status":"closed","template":"","meta":{"footnotes":""},"class_list":["post-1292","page","type-page","status-publish","hentry"],"_links":{"self":[{"href":"https:\/\/inclusivecourts.pt\/en\/wp-json\/wp\/v2\/pages\/1292","targetHints":{"allow":["GET"]}}],"collection":[{"href":"https:\/\/inclusivecourts.pt\/en\/wp-json\/wp\/v2\/pages"}],"about":[{"href":"https:\/\/inclusivecourts.pt\/en\/wp-json\/wp\/v2\/types\/page"}],"author":[{"embeddable":true,"href":"https:\/\/inclusivecourts.pt\/en\/wp-json\/wp\/v2\/users\/1"}],"replies":[{"embeddable":true,"href":"https:\/\/inclusivecourts.pt\/en\/wp-json\/wp\/v2\/comments?post=1292"}],"version-history":[{"count":0,"href":"https:\/\/inclusivecourts.pt\/en\/wp-json\/wp\/v2\/pages\/1292\/revisions"}],"wp:attachment":[{"href":"https:\/\/inclusivecourts.pt\/en\/wp-json\/wp\/v2\/media?parent=1292"}],"curies":[{"name":"wp","href":"https:\/\/api.w.org\/{rel}","templated":true}]}}