{"id":1256,"date":"2021-05-12T15:36:10","date_gmt":"2021-05-12T15:36:10","guid":{"rendered":"http:\/\/inclusivecourts.pt\/?page_id=1256"},"modified":"2021-05-12T15:37:57","modified_gmt":"2021-05-12T15:37:57","slug":"noticia32","status":"publish","type":"page","link":"https:\/\/inclusivecourts.pt\/en\/noticia32\/","title":{"rendered":"InclusiveCourts presente na Confer\u00eancia Europeia das Humanidades (EHC), 5 &#8211; 7 de maio de 2021"},"content":{"rendered":"<div data-elementor-type=\"wp-page\" data-elementor-id=\"1256\" class=\"elementor elementor-1256\" data-elementor-post-type=\"page\">\n\t\t\t\t\t\t<section class=\"elementor-section elementor-top-section elementor-element elementor-element-b3b27e8 elementor-section-boxed elementor-section-height-default elementor-section-height-default\" data-id=\"b3b27e8\" data-element_type=\"section\" data-e-type=\"section\">\n\t\t\t\t\t\t<div class=\"elementor-container elementor-column-gap-default\">\n\t\t\t\t\t<div class=\"elementor-column elementor-col-100 elementor-top-column elementor-element elementor-element-950192f\" data-id=\"950192f\" data-element_type=\"column\" data-e-type=\"column\">\n\t\t\t<div class=\"elementor-widget-wrap elementor-element-populated\">\n\t\t\t\t\t\t<div class=\"elementor-element elementor-element-6ffdbba elementor-widget elementor-widget-text-editor\" data-id=\"6ffdbba\" data-element_type=\"widget\" data-e-type=\"widget\" data-widget_type=\"text-editor.default\">\n\t\t\t\t<div class=\"elementor-widget-container\">\n\t\t\t\t\t\t\t\t\t<p><strong>InclusiveCourts presente na Confer\u00eancia Europeia das Humanidades (EHC), 5 &#8211; 7 de maio de 2021<\/strong><\/p>\t\t\t\t\t\t\t\t<\/div>\n\t\t\t\t<\/div>\n\t\t\t\t<div class=\"elementor-element elementor-element-452dbed elementor-widget elementor-widget-text-editor\" data-id=\"452dbed\" data-element_type=\"widget\" data-e-type=\"widget\" data-widget_type=\"text-editor.default\">\n\t\t\t\t<div class=\"elementor-widget-container\">\n\t\t\t\t\t\t\t\t\t<p class=\"translation-block\">A short video of the project InclusiveCourts was presented at the European Humanities R&amp;D Exhibition, as part of the European Humanities Conference 2021, which took place online and at the Calouste Gulbenkian Foundation, in Lisbon, from the 5th until the 7th of May 2021.<\/p><p>\u00a0<\/p><p>The 2021 European Humanities Conference was organised under the Portuguese Presidency of the Council of the European Union, in partnership between FCT, CIPSH and UNESCO, through the Management of Social Transformations (MOST) programme.<\/p><p>\u00a0<\/p><p>The InclusiveCourts\u2019 video was produced by a team of college students from ESAD, supervised by Marta Varzim and Alexandre Jacinto, in direct coordination with the project\u2019s PI, Patr\u00edcia Jer\u00f3nimo.<\/p><p>\u00a0<\/p><p class=\"translation-block\">The videos of the R&amp;D Exhibition are available at https:\/\/europeanhumanities2021.pt\/videos\/<\/p>\t\t\t\t\t\t\t\t<\/div>\n\t\t\t\t<\/div>\n\t\t\t\t<section class=\"elementor-section elementor-inner-section elementor-element elementor-element-fa5e046 elementor-section-boxed elementor-section-height-default elementor-section-height-default\" data-id=\"fa5e046\" data-element_type=\"section\" data-e-type=\"section\">\n\t\t\t\t\t\t<div class=\"elementor-container elementor-column-gap-default\">\n\t\t\t\t\t<div class=\"elementor-column elementor-col-100 elementor-inner-column elementor-element elementor-element-e78e9d9 elementor-invisible\" data-id=\"e78e9d9\" data-element_type=\"column\" data-e-type=\"column\" data-settings=\"{&quot;animation&quot;:&quot;fadeInDown&quot;}\">\n\t\t\t<div class=\"elementor-widget-wrap elementor-element-populated\">\n\t\t\t\t\t\t<div class=\"elementor-element elementor-element-3206b8e elementor-widget elementor-widget-image\" data-id=\"3206b8e\" data-element_type=\"widget\" data-e-type=\"widget\" data-settings=\"{&quot;_animation&quot;:&quot;none&quot;}\" data-widget_type=\"image.default\">\n\t\t\t\t<div class=\"elementor-widget-container\">\n\t\t\t\t\t\t\t\t\t\t\t\t\t\t\t<img fetchpriority=\"high\" decoding=\"async\" width=\"567\" height=\"194\" src=\"https:\/\/inclusivecourts.pt\/wp-content\/uploads\/2021\/05\/Img-Noticia32.jpg\" class=\"elementor-animation-grow attachment-medium_large size-medium_large wp-image-1258\" alt=\"\" srcset=\"https:\/\/inclusivecourts.pt\/wp-content\/uploads\/2021\/05\/Img-Noticia32.jpg 567w, https:\/\/inclusivecourts.pt\/wp-content\/uploads\/2021\/05\/Img-Noticia32-300x103.jpg 300w, https:\/\/inclusivecourts.pt\/wp-content\/uploads\/2021\/05\/Img-Noticia32-16x5.jpg 16w\" sizes=\"(max-width: 567px) 100vw, 567px\" \/>\t\t\t\t\t\t\t\t\t\t\t\t\t\t\t<\/div>\n\t\t\t\t<\/div>\n\t\t\t\t\t<\/div>\n\t\t<\/div>\n\t\t\t\t\t<\/div>\n\t\t<\/section>\n\t\t\t\t\t<\/div>\n\t\t<\/div>\n\t\t\t\t\t<\/div>\n\t\t<\/section>\n\t\t\t\t<\/div>","protected":false},"excerpt":{"rendered":"<p>InclusiveCourts presente na Confer\u00eancia Europeia das Humanidades (EHC), 5 &#8211; 7 de maio de 2021 O projeto InclusiveCourts foi apresentado em v\u00eddeo na Mostra I&amp;D Europeia em Humanidades, patente no quadro da Confer\u00eancia Europeia das Humanidades 2021, que decorreu entre 5 e 7 de maio de 2021, na Funda\u00e7\u00e3o Calouste Gulbenkian e em formato online.&hellip;<\/p>","protected":false},"author":1,"featured_media":0,"parent":0,"menu_order":0,"comment_status":"closed","ping_status":"closed","template":"","meta":{"footnotes":""},"class_list":["post-1256","page","type-page","status-publish","hentry"],"_links":{"self":[{"href":"https:\/\/inclusivecourts.pt\/en\/wp-json\/wp\/v2\/pages\/1256","targetHints":{"allow":["GET"]}}],"collection":[{"href":"https:\/\/inclusivecourts.pt\/en\/wp-json\/wp\/v2\/pages"}],"about":[{"href":"https:\/\/inclusivecourts.pt\/en\/wp-json\/wp\/v2\/types\/page"}],"author":[{"embeddable":true,"href":"https:\/\/inclusivecourts.pt\/en\/wp-json\/wp\/v2\/users\/1"}],"replies":[{"embeddable":true,"href":"https:\/\/inclusivecourts.pt\/en\/wp-json\/wp\/v2\/comments?post=1256"}],"version-history":[{"count":0,"href":"https:\/\/inclusivecourts.pt\/en\/wp-json\/wp\/v2\/pages\/1256\/revisions"}],"wp:attachment":[{"href":"https:\/\/inclusivecourts.pt\/en\/wp-json\/wp\/v2\/media?parent=1256"}],"curies":[{"name":"wp","href":"https:\/\/api.w.org\/{rel}","templated":true}]}}