{"id":1239,"date":"2021-05-04T16:17:46","date_gmt":"2021-05-04T16:17:46","guid":{"rendered":"http:\/\/inclusivecourts.pt\/?page_id=1239"},"modified":"2021-05-04T16:20:27","modified_gmt":"2021-05-04T16:20:27","slug":"noticia31","status":"publish","type":"page","link":"https:\/\/inclusivecourts.pt\/en\/noticia31\/","title":{"rendered":"Ana Rita Sim\u00f5es Ribeiro is awarded the UMinho Prize for Initiation in Scientific Research"},"content":{"rendered":"<div data-elementor-type=\"wp-page\" data-elementor-id=\"1239\" class=\"elementor elementor-1239\" data-elementor-post-type=\"page\">\n\t\t\t\t\t\t<section class=\"elementor-section elementor-top-section elementor-element elementor-element-b3b27e8 elementor-section-boxed elementor-section-height-default elementor-section-height-default\" data-id=\"b3b27e8\" data-element_type=\"section\" data-e-type=\"section\">\n\t\t\t\t\t\t<div class=\"elementor-container elementor-column-gap-default\">\n\t\t\t\t\t<div class=\"elementor-column elementor-col-100 elementor-top-column elementor-element elementor-element-950192f\" data-id=\"950192f\" data-element_type=\"column\" data-e-type=\"column\">\n\t\t\t<div class=\"elementor-widget-wrap elementor-element-populated\">\n\t\t\t\t\t\t<div class=\"elementor-element elementor-element-6ffdbba elementor-widget elementor-widget-text-editor\" data-id=\"6ffdbba\" data-element_type=\"widget\" data-e-type=\"widget\" data-widget_type=\"text-editor.default\">\n\t\t\t\t<div class=\"elementor-widget-container\">\n\t\t\t\t\t\t\t\t\t<p><strong>Ana Rita Sim\u00f5es Ribeiro is awarded the UMinho Prize for Initiation in Scientific Research<\/strong><\/p>\t\t\t\t\t\t\t\t<\/div>\n\t\t\t\t<\/div>\n\t\t\t\t<div class=\"elementor-element elementor-element-452dbed elementor-widget elementor-widget-text-editor\" data-id=\"452dbed\" data-element_type=\"widget\" data-e-type=\"widget\" data-widget_type=\"text-editor.default\">\n\t\t\t\t<div class=\"elementor-widget-container\">\n\t\t\t\t\t\t\t\t\t<p>The research project developed by the Law student Ana Rita Sim\u00f5es Ribeiro, in the context of the competition for the UMinho Prize for Initiation in Scientific Research, was one of the projects awarded by the jury in the session held on 30 April 2021, with the presence of the Portuguese Minister for Science, Technology and Higher Education, Manuel Heitor.<\/p><p>Sob orienta\u00e7\u00e3o de Patr\u00edcia Jer\u00f3nimo, a Ana Rita Sim\u00f5es Ribeiro desenvolveu um projeto intitulado \u201cO princ\u00edpio da igualdade na \u2018jurisprud\u00eancia multicultural\u2019 dos tribunais portugueses\u201d. O projeto consistiu em identificar de que modo \u00e9 que os tribunais portugueses interpretam e aplicam o princ\u00edpio da igualdade \u00e0 solu\u00e7\u00e3o de casos concretos que envolvam minorias \u00e9tnicas, religiosas ou lingu\u00edsticas, a partir do invent\u00e1rio de \u201cjurisprud\u00eancia multicultural\u201d realizado pela equipa do InclusiveCourts.<\/p>\t\t\t\t\t\t\t\t<\/div>\n\t\t\t\t<\/div>\n\t\t\t\t<section class=\"elementor-section elementor-inner-section elementor-element elementor-element-fa5e046 elementor-section-boxed elementor-section-height-default elementor-section-height-default\" data-id=\"fa5e046\" data-element_type=\"section\" data-e-type=\"section\">\n\t\t\t\t\t\t<div class=\"elementor-container elementor-column-gap-default\">\n\t\t\t\t\t<div class=\"elementor-column elementor-col-100 elementor-inner-column elementor-element elementor-element-e78e9d9 elementor-invisible\" data-id=\"e78e9d9\" data-element_type=\"column\" data-e-type=\"column\" data-settings=\"{&quot;animation&quot;:&quot;fadeInDown&quot;}\">\n\t\t\t<div class=\"elementor-widget-wrap elementor-element-populated\">\n\t\t\t\t\t\t<div class=\"elementor-element elementor-element-3206b8e elementor-widget elementor-widget-image\" data-id=\"3206b8e\" data-element_type=\"widget\" data-e-type=\"widget\" data-settings=\"{&quot;_animation&quot;:&quot;none&quot;}\" data-widget_type=\"image.default\">\n\t\t\t\t<div class=\"elementor-widget-container\">\n\t\t\t\t\t\t\t\t\t\t\t\t\t\t\t<img fetchpriority=\"high\" decoding=\"async\" width=\"709\" height=\"652\" src=\"https:\/\/inclusivecourts.pt\/wp-content\/uploads\/2021\/05\/3e87756d-40a4-42ae-b5c4-18e6a7f28dda.jpg\" class=\"elementor-animation-grow attachment-medium_large size-medium_large wp-image-1242\" alt=\"\" srcset=\"https:\/\/inclusivecourts.pt\/wp-content\/uploads\/2021\/05\/3e87756d-40a4-42ae-b5c4-18e6a7f28dda.jpg 709w, https:\/\/inclusivecourts.pt\/wp-content\/uploads\/2021\/05\/3e87756d-40a4-42ae-b5c4-18e6a7f28dda-300x276.jpg 300w, https:\/\/inclusivecourts.pt\/wp-content\/uploads\/2021\/05\/3e87756d-40a4-42ae-b5c4-18e6a7f28dda-13x12.jpg 13w\" sizes=\"(max-width: 709px) 100vw, 709px\" \/>\t\t\t\t\t\t\t\t\t\t\t\t\t\t\t<\/div>\n\t\t\t\t<\/div>\n\t\t\t\t\t<\/div>\n\t\t<\/div>\n\t\t\t\t\t<\/div>\n\t\t<\/section>\n\t\t\t\t\t<\/div>\n\t\t<\/div>\n\t\t\t\t\t<\/div>\n\t\t<\/section>\n\t\t\t\t<\/div>","protected":false},"excerpt":{"rendered":"<p>Ana Rita Sim\u00f5es Ribeiro recebe Pr\u00e9mio UMinho de Inicia\u00e7\u00e3o na Investiga\u00e7\u00e3o O projeto desenvolvido pela estudante de Direito Ana Rita Sim\u00f5es Ribeiro, no \u00e2mbito da iniciativa Pr\u00e9mio UMinho de Inicia\u00e7\u00e3o na Investiga\u00e7\u00e3o, foi um dos premiados pelo j\u00fari do Pr\u00e9mio, na sess\u00e3o que decorreu no dia 30 de abril de 2021, com a presen\u00e7a do&hellip;<\/p>","protected":false},"author":1,"featured_media":0,"parent":0,"menu_order":0,"comment_status":"closed","ping_status":"closed","template":"","meta":{"footnotes":""},"class_list":["post-1239","page","type-page","status-publish","hentry"],"_links":{"self":[{"href":"https:\/\/inclusivecourts.pt\/en\/wp-json\/wp\/v2\/pages\/1239","targetHints":{"allow":["GET"]}}],"collection":[{"href":"https:\/\/inclusivecourts.pt\/en\/wp-json\/wp\/v2\/pages"}],"about":[{"href":"https:\/\/inclusivecourts.pt\/en\/wp-json\/wp\/v2\/types\/page"}],"author":[{"embeddable":true,"href":"https:\/\/inclusivecourts.pt\/en\/wp-json\/wp\/v2\/users\/1"}],"replies":[{"embeddable":true,"href":"https:\/\/inclusivecourts.pt\/en\/wp-json\/wp\/v2\/comments?post=1239"}],"version-history":[{"count":0,"href":"https:\/\/inclusivecourts.pt\/en\/wp-json\/wp\/v2\/pages\/1239\/revisions"}],"wp:attachment":[{"href":"https:\/\/inclusivecourts.pt\/en\/wp-json\/wp\/v2\/media?parent=1239"}],"curies":[{"name":"wp","href":"https:\/\/api.w.org\/{rel}","templated":true}]}}