{"id":1143,"date":"2021-03-08T12:38:09","date_gmt":"2021-03-08T12:38:09","guid":{"rendered":"https:\/\/inclusivecourts.pt\/?page_id=1143"},"modified":"2021-03-08T12:41:11","modified_gmt":"2021-03-08T12:41:11","slug":"noticia26","status":"publish","type":"page","link":"https:\/\/inclusivecourts.pt\/en\/noticia26\/","title":{"rendered":"InclusiveCourts\u2019 researchers take part in workshop on Democracy and News Media"},"content":{"rendered":"<div data-elementor-type=\"wp-page\" data-elementor-id=\"1143\" class=\"elementor elementor-1143\" data-elementor-post-type=\"page\">\n\t\t\t\t\t\t<section class=\"elementor-section elementor-top-section elementor-element elementor-element-b3b27e8 elementor-section-boxed elementor-section-height-default elementor-section-height-default\" data-id=\"b3b27e8\" data-element_type=\"section\" data-e-type=\"section\">\n\t\t\t\t\t\t<div class=\"elementor-container elementor-column-gap-default\">\n\t\t\t\t\t<div class=\"elementor-column elementor-col-100 elementor-top-column elementor-element elementor-element-950192f\" data-id=\"950192f\" data-element_type=\"column\" data-e-type=\"column\">\n\t\t\t<div class=\"elementor-widget-wrap elementor-element-populated\">\n\t\t\t\t\t\t<div class=\"elementor-element elementor-element-6ffdbba elementor-widget elementor-widget-text-editor\" data-id=\"6ffdbba\" data-element_type=\"widget\" data-e-type=\"widget\" data-widget_type=\"text-editor.default\">\n\t\t\t\t<div class=\"elementor-widget-container\">\n\t\t\t\t\t\t\t\t\t<p class=\"MsoNormal\"><b>InclusiveCourts\u2019 researchers take part in workshop on Democracy and News Media<\/b><\/p>\t\t\t\t\t\t\t\t<\/div>\n\t\t\t\t<\/div>\n\t\t\t\t<div class=\"elementor-element elementor-element-452dbed elementor-widget elementor-widget-text-editor\" data-id=\"452dbed\" data-element_type=\"widget\" data-e-type=\"widget\" data-widget_type=\"text-editor.default\">\n\t\t\t\t<div class=\"elementor-widget-container\">\n\t\t\t\t\t\t\t\t\t<p>As investigadoras Andreia Sofia Pinto Oliveira, Clara Calheiros e Patr\u00edcia Jer\u00f3nimo intervieram como oradoras no workshop sobre Democracia e Comunica\u00e7\u00e3o Social, organizado no \u00e2mbito do Centro de Investiga\u00e7\u00e3o em Justi\u00e7a e Governa\u00e7\u00e3o (JusGov), com a participa\u00e7\u00e3o de v\u00e1rios investigadores do Centro. As comunica\u00e7\u00f5es das investigadoras do projeto InclusiveCourts tiveram como objeto \u201cA democracia e a comunica\u00e7\u00e3o social: a liberdade de express\u00e3o \u00e0 luz da CRP e da CEDH\u201d (Andreia Sofia Pinto Oliveira), \u201cCovid-19 e populismo pol\u00edtico em Portugal\u201d (Clara Calheiros) e \u201cComunica\u00e7\u00e3o social, (des)informa\u00e7\u00e3o e cidadania: prioridades de a\u00e7\u00e3o pol\u00edtica e de investiga\u00e7\u00e3o acad\u00e9mica\u201d (Patr\u00edcia Jer\u00f3nimo). O workship decorreu online no dia 5 de mar\u00e7o de 2021. \u00a0\u00a0<\/p>\t\t\t\t\t\t\t\t<\/div>\n\t\t\t\t<\/div>\n\t\t\t\t<section class=\"elementor-section elementor-inner-section elementor-element elementor-element-fa5e046 elementor-section-boxed elementor-section-height-default elementor-section-height-default\" data-id=\"fa5e046\" data-element_type=\"section\" data-e-type=\"section\">\n\t\t\t\t\t\t<div class=\"elementor-container elementor-column-gap-default\">\n\t\t\t\t\t<div class=\"elementor-column elementor-col-100 elementor-inner-column elementor-element elementor-element-e78e9d9 elementor-invisible\" data-id=\"e78e9d9\" data-element_type=\"column\" data-e-type=\"column\" data-settings=\"{&quot;animation&quot;:&quot;fadeInDown&quot;}\">\n\t\t\t<div class=\"elementor-widget-wrap elementor-element-populated\">\n\t\t\t\t\t\t<div class=\"elementor-element elementor-element-3206b8e elementor-widget elementor-widget-image\" data-id=\"3206b8e\" data-element_type=\"widget\" data-e-type=\"widget\" data-settings=\"{&quot;_animation&quot;:&quot;none&quot;}\" data-widget_type=\"image.default\">\n\t\t\t\t<div class=\"elementor-widget-container\">\n\t\t\t\t\t\t\t\t\t\t\t\t\t\t\t<img fetchpriority=\"high\" decoding=\"async\" width=\"768\" height=\"391\" src=\"https:\/\/inclusivecourts.pt\/wp-content\/uploads\/2021\/03\/Captura-de-Ecra-56-768x391.jpg\" class=\"elementor-animation-grow attachment-medium_large size-medium_large wp-image-1146\" alt=\"\" srcset=\"https:\/\/inclusivecourts.pt\/wp-content\/uploads\/2021\/03\/Captura-de-Ecra-56-768x391.jpg 768w, https:\/\/inclusivecourts.pt\/wp-content\/uploads\/2021\/03\/Captura-de-Ecra-56-300x153.jpg 300w, https:\/\/inclusivecourts.pt\/wp-content\/uploads\/2021\/03\/Captura-de-Ecra-56-1024x521.jpg 1024w, https:\/\/inclusivecourts.pt\/wp-content\/uploads\/2021\/03\/Captura-de-Ecra-56-1536x782.jpg 1536w, https:\/\/inclusivecourts.pt\/wp-content\/uploads\/2021\/03\/Captura-de-Ecra-56-16x8.jpg 16w, https:\/\/inclusivecourts.pt\/wp-content\/uploads\/2021\/03\/Captura-de-Ecra-56.jpg 1907w\" sizes=\"(max-width: 768px) 100vw, 768px\" \/>\t\t\t\t\t\t\t\t\t\t\t\t\t\t\t<\/div>\n\t\t\t\t<\/div>\n\t\t\t\t\t<\/div>\n\t\t<\/div>\n\t\t\t\t\t<\/div>\n\t\t<\/section>\n\t\t\t\t\t<\/div>\n\t\t<\/div>\n\t\t\t\t\t<\/div>\n\t\t<\/section>\n\t\t\t\t<\/div>","protected":false},"excerpt":{"rendered":"<p>Investigadoras do projeto InclusiveCourts participam em workshop sobre Democracia e Comunica\u00e7\u00e3o Social As investigadoras Andreia Sofia Pinto Oliveira, Clara Calheiros e Patr\u00edcia Jer\u00f3nimo intervieram como oradoras no workshop sobre Democracia e Comunica\u00e7\u00e3o Social, organizado no \u00e2mbito do Centro de Investiga\u00e7\u00e3o em Justi\u00e7a e Governa\u00e7\u00e3o (JusGov), com a participa\u00e7\u00e3o de v\u00e1rios investigadores do Centro. As comunica\u00e7\u00f5es&hellip;<\/p>","protected":false},"author":1,"featured_media":0,"parent":0,"menu_order":0,"comment_status":"closed","ping_status":"closed","template":"","meta":{"footnotes":""},"class_list":["post-1143","page","type-page","status-publish","hentry"],"_links":{"self":[{"href":"https:\/\/inclusivecourts.pt\/en\/wp-json\/wp\/v2\/pages\/1143","targetHints":{"allow":["GET"]}}],"collection":[{"href":"https:\/\/inclusivecourts.pt\/en\/wp-json\/wp\/v2\/pages"}],"about":[{"href":"https:\/\/inclusivecourts.pt\/en\/wp-json\/wp\/v2\/types\/page"}],"author":[{"embeddable":true,"href":"https:\/\/inclusivecourts.pt\/en\/wp-json\/wp\/v2\/users\/1"}],"replies":[{"embeddable":true,"href":"https:\/\/inclusivecourts.pt\/en\/wp-json\/wp\/v2\/comments?post=1143"}],"version-history":[{"count":0,"href":"https:\/\/inclusivecourts.pt\/en\/wp-json\/wp\/v2\/pages\/1143\/revisions"}],"wp:attachment":[{"href":"https:\/\/inclusivecourts.pt\/en\/wp-json\/wp\/v2\/media?parent=1143"}],"curies":[{"name":"wp","href":"https:\/\/api.w.org\/{rel}","templated":true}]}}