{"id":1021,"date":"2020-11-02T15:47:05","date_gmt":"2020-11-02T15:47:05","guid":{"rendered":"https:\/\/inclusivecourts.pt\/?page_id=1021"},"modified":"2020-11-02T15:53:57","modified_gmt":"2020-11-02T15:53:57","slug":"noticia22","status":"publish","type":"page","link":"https:\/\/inclusivecourts.pt\/en\/noticia22\/","title":{"rendered":"Patr\u00edcia Jer\u00f3nimo discusses international migration, populism and social integration in Portugal and in Europe"},"content":{"rendered":"<div data-elementor-type=\"wp-page\" data-elementor-id=\"1021\" class=\"elementor elementor-1021\" data-elementor-post-type=\"page\">\n\t\t\t\t\t\t<section class=\"elementor-section elementor-top-section elementor-element elementor-element-b3b27e8 elementor-section-boxed elementor-section-height-default elementor-section-height-default\" data-id=\"b3b27e8\" data-element_type=\"section\" data-e-type=\"section\">\n\t\t\t\t\t\t<div class=\"elementor-container elementor-column-gap-default\">\n\t\t\t\t\t<div class=\"elementor-column elementor-col-100 elementor-top-column elementor-element elementor-element-950192f\" data-id=\"950192f\" data-element_type=\"column\" data-e-type=\"column\">\n\t\t\t<div class=\"elementor-widget-wrap elementor-element-populated\">\n\t\t\t\t\t\t<div class=\"elementor-element elementor-element-6ffdbba elementor-widget elementor-widget-text-editor\" data-id=\"6ffdbba\" data-element_type=\"widget\" data-e-type=\"widget\" data-widget_type=\"text-editor.default\">\n\t\t\t\t<div class=\"elementor-widget-container\">\n\t\t\t\t\t\t\t\t\t<p><strong>Patr\u00edcia Jer\u00f3nimo discusses international migration, populism and social integration in Portugal and in Europe<\/strong><\/p>\t\t\t\t\t\t\t\t<\/div>\n\t\t\t\t<\/div>\n\t\t\t\t<div class=\"elementor-element elementor-element-452dbed elementor-widget elementor-widget-text-editor\" data-id=\"452dbed\" data-element_type=\"widget\" data-e-type=\"widget\" data-widget_type=\"text-editor.default\">\n\t\t\t\t<div class=\"elementor-widget-container\">\n\t\t\t\t\t\t\t\t\t<p>Patr\u00edcia Jer\u00f3nimo esteve \u00e0 conversa com Emellin de Oliveira, da Universidade Nova de Lisboa, numa sess\u00e3o dedicada aos Refugiados no ciclo de debates \u201cFalar Direito\u201d, promovido pela Associa\u00e7\u00e3o de Estudantes de Direito da Universidade do Minho (AEDUM). A sess\u00e3o teve lugar no dia 30 de outubro de 2020, entre as 21:00 e as 22:30 horas, e foi transmitida online atrav\u00e9s da p\u00e1gina de Facebook da AEDUM.<\/p>\t\t\t\t\t\t\t\t<\/div>\n\t\t\t\t<\/div>\n\t\t\t\t<section class=\"elementor-section elementor-inner-section elementor-element elementor-element-fa5e046 elementor-section-boxed elementor-section-height-default elementor-section-height-default\" data-id=\"fa5e046\" data-element_type=\"section\" data-e-type=\"section\">\n\t\t\t\t\t\t<div class=\"elementor-container elementor-column-gap-default\">\n\t\t\t\t\t<div class=\"elementor-column elementor-col-100 elementor-inner-column elementor-element elementor-element-e78e9d9 elementor-invisible\" data-id=\"e78e9d9\" data-element_type=\"column\" data-e-type=\"column\" data-settings=\"{&quot;animation&quot;:&quot;fadeInDown&quot;}\">\n\t\t\t<div class=\"elementor-widget-wrap elementor-element-populated\">\n\t\t\t\t\t\t<div class=\"elementor-element elementor-element-3206b8e elementor-widget elementor-widget-image\" data-id=\"3206b8e\" data-element_type=\"widget\" data-e-type=\"widget\" data-settings=\"{&quot;_animation&quot;:&quot;none&quot;}\" data-widget_type=\"image.default\">\n\t\t\t\t<div class=\"elementor-widget-container\">\n\t\t\t\t\t\t\t\t\t\t\t\t\t\t\t<img fetchpriority=\"high\" decoding=\"async\" width=\"768\" height=\"775\" src=\"https:\/\/inclusivecourts.pt\/wp-content\/uploads\/2020\/11\/Cartaz-768x775.jpg\" class=\"elementor-animation-grow attachment-medium_large size-medium_large wp-image-1027\" alt=\"\" srcset=\"https:\/\/inclusivecourts.pt\/wp-content\/uploads\/2020\/11\/Cartaz-768x775.jpg 768w, https:\/\/inclusivecourts.pt\/wp-content\/uploads\/2020\/11\/Cartaz-297x300.jpg 297w, https:\/\/inclusivecourts.pt\/wp-content\/uploads\/2020\/11\/Cartaz-1015x1024.jpg 1015w, https:\/\/inclusivecourts.pt\/wp-content\/uploads\/2020\/11\/Cartaz-150x150.jpg 150w, https:\/\/inclusivecourts.pt\/wp-content\/uploads\/2020\/11\/Cartaz-12x12.jpg 12w, https:\/\/inclusivecourts.pt\/wp-content\/uploads\/2020\/11\/Cartaz.jpg 1200w\" sizes=\"(max-width: 768px) 100vw, 768px\" \/>\t\t\t\t\t\t\t\t\t\t\t\t\t\t\t<\/div>\n\t\t\t\t<\/div>\n\t\t\t\t<div class=\"elementor-element elementor-element-0fae8bb elementor-widget elementor-widget-image\" data-id=\"0fae8bb\" data-element_type=\"widget\" data-e-type=\"widget\" data-settings=\"{&quot;_animation&quot;:&quot;none&quot;}\" data-widget_type=\"image.default\">\n\t\t\t\t<div class=\"elementor-widget-container\">\n\t\t\t\t\t\t\t\t\t\t\t\t\t\t\t<img decoding=\"async\" width=\"606\" height=\"280\" src=\"https:\/\/inclusivecourts.pt\/wp-content\/uploads\/2020\/11\/123205404_1076246142792404_8420024503849864568_n.jpg\" class=\"elementor-animation-grow attachment-medium_large size-medium_large wp-image-1024\" alt=\"\" srcset=\"https:\/\/inclusivecourts.pt\/wp-content\/uploads\/2020\/11\/123205404_1076246142792404_8420024503849864568_n.jpg 606w, https:\/\/inclusivecourts.pt\/wp-content\/uploads\/2020\/11\/123205404_1076246142792404_8420024503849864568_n-300x139.jpg 300w, https:\/\/inclusivecourts.pt\/wp-content\/uploads\/2020\/11\/123205404_1076246142792404_8420024503849864568_n-16x7.jpg 16w\" sizes=\"(max-width: 606px) 100vw, 606px\" \/>\t\t\t\t\t\t\t\t\t\t\t\t\t\t\t<\/div>\n\t\t\t\t<\/div>\n\t\t\t\t\t<\/div>\n\t\t<\/div>\n\t\t\t\t\t<\/div>\n\t\t<\/section>\n\t\t\t\t\t<\/div>\n\t\t<\/div>\n\t\t\t\t\t<\/div>\n\t\t<\/section>\n\t\t\t\t<\/div>","protected":false},"excerpt":{"rendered":"<p>Patr\u00edcia Jer\u00f3nimo discute migra\u00e7\u00f5es internacionais, populismos e integra\u00e7\u00e3o social em Portugal e na Europa Patr\u00edcia Jer\u00f3nimo esteve \u00e0 conversa com Emellin de Oliveira, da Universidade Nova de Lisboa, numa sess\u00e3o dedicada aos Refugiados no ciclo de debates \u201cFalar Direito\u201d, promovido pela Associa\u00e7\u00e3o de Estudantes de Direito da Universidade do Minho (AEDUM). A sess\u00e3o teve lugar&hellip;<\/p>","protected":false},"author":1,"featured_media":0,"parent":0,"menu_order":0,"comment_status":"closed","ping_status":"closed","template":"","meta":{"footnotes":""},"class_list":["post-1021","page","type-page","status-publish","hentry"],"_links":{"self":[{"href":"https:\/\/inclusivecourts.pt\/en\/wp-json\/wp\/v2\/pages\/1021","targetHints":{"allow":["GET"]}}],"collection":[{"href":"https:\/\/inclusivecourts.pt\/en\/wp-json\/wp\/v2\/pages"}],"about":[{"href":"https:\/\/inclusivecourts.pt\/en\/wp-json\/wp\/v2\/types\/page"}],"author":[{"embeddable":true,"href":"https:\/\/inclusivecourts.pt\/en\/wp-json\/wp\/v2\/users\/1"}],"replies":[{"embeddable":true,"href":"https:\/\/inclusivecourts.pt\/en\/wp-json\/wp\/v2\/comments?post=1021"}],"version-history":[{"count":0,"href":"https:\/\/inclusivecourts.pt\/en\/wp-json\/wp\/v2\/pages\/1021\/revisions"}],"wp:attachment":[{"href":"https:\/\/inclusivecourts.pt\/en\/wp-json\/wp\/v2\/media?parent=1021"}],"curies":[{"name":"wp","href":"https:\/\/api.w.org\/{rel}","templated":true}]}}